{"id":14426,"date":"2025-12-18T12:16:24","date_gmt":"2025-12-18T12:16:24","guid":{"rendered":"https:\/\/sabanadelamartours.com\/?post_type=product&#038;p=14426"},"modified":"2026-01-09T02:46:55","modified_gmt":"2026-01-09T02:46:55","slug":"-380","status":"publish","type":"product","link":"https:\/\/sabanadelamartours.com\/cs\/prohlidka\/-380\/","title":{"rendered":"Zip Line Playa Esmeralda s horou Redonda"},"content":{"rendered":"<p>P\u0159ipravte se na den pln\u00fd vzru\u0161en\u00ed, kr\u00e1sy a dobrodru\u017estv\u00ed s t\u00edmto velkolep\u00fdm v\u00fdletem, kter\u00fd kombinuje odpo\u010dinek na pl\u00e1\u017ei, adrenalin na zipline a panoramatick\u00fd v\u00fdhled z hory!<\/p>\n<p>Playa Esmeralda: Sv\u00e9 dobrodru\u017estv\u00ed za\u010dn\u011bte na \u00fachvatn\u00e9 pl\u00e1\u017ei Playa Esmeralda. D\u00edky b\u00edl\u00e9mu p\u00edsku a k\u0159i\u0161\u0165\u00e1lov\u011b \u010dist\u00e9 vod\u011b je to ide\u00e1ln\u00ed m\u00edsto pro odpo\u010dinek, koup\u00e1n\u00ed nebo prost\u011b jen pro idylick\u00e9 prost\u0159ed\u00ed. Ne\u017e budete pokra\u010dovat v prohl\u00eddce, v\u011bnujte \u010das nas\u00e1v\u00e1n\u00ed p\u0159\u00edrodn\u00edch kr\u00e1s a na\u010derp\u00e1n\u00ed nov\u00fdch sil.<\/p>\n<p>Ziplining: Pak se p\u0159ipravte na adrenalinov\u00fd z\u00e1\u017eitek v podob\u011b vzru\u0161uj\u00edc\u00ed j\u00edzdy na ziplinu. Prol\u00e9tn\u011bte sv\u011b\u017e\u00ed tropickou krajinou a za\u017eijte vzru\u0161en\u00ed z letu vzduchem, zat\u00edmco si budete u\u017e\u00edvat \u00fachvatn\u00fd v\u00fdhled na okoln\u00ed p\u0159\u00edrodu. Je to z\u00e1\u017eitek, kter\u00fd v sob\u011b spojuje vzru\u0161en\u00ed a \u00fa\u017eas, ide\u00e1ln\u00ed pro milovn\u00edky dobrodru\u017estv\u00ed!<\/p>\n<p>Monta\u00f1a Redonda: V\u00fdlet zakon\u010dete n\u00e1v\u0161t\u011bvou Monta\u00f1a Redonda, kde na v\u00e1s \u010dekaj\u00ed n\u00e1dhern\u00e1 panoramata. Z vrcholu si vychutnejte 360stup\u0148ov\u00fd panoramatick\u00fd v\u00fdhled, kter\u00fd zahrnuje pl\u00e1\u017ee, hory a \u017eivou vegetaci. Je to ide\u00e1ln\u00ed m\u00edsto pro po\u0159\u00edzen\u00ed nezapomenuteln\u00fdch fotografi\u00ed a ocen\u011bn\u00ed p\u0159\u00edrodn\u00edch kr\u00e1s regionu.<\/p>\n<p>Ob\u011bd: V polovin\u011b prohl\u00eddky dostanete chutn\u00fd ob\u011bd v cen\u011b. Vychutnejte si vybran\u00e9 m\u00edstn\u00ed pokrmy, zat\u00edmco si budete vypr\u00e1v\u011bt z\u00e1\u017eitky a p\u0159ipravovat se na dal\u0161\u00ed etapu dobrodru\u017estv\u00ed.<\/p>\n<p>Doporu\u010den\u00ed<\/p>\n<p>Vezm\u011bte si pohodln\u00e9 oble\u010den\u00ed vhodn\u00e9 pro venkovn\u00ed aktivity.<\/p>\n<p>Nezapome\u0148te na opalovac\u00ed kr\u00e9m, slune\u010dn\u00ed br\u00fdle a ru\u010dn\u00edk na pl\u00e1\u017e.<\/p>\n<p>Ujist\u011bte se, \u017ee jste hydratovan\u00ed, a vezm\u011bte si klobouk, abyste se chr\u00e1nili p\u0159ed sluncem.<\/p>\n<div class=\"toggle-content__content toggle-content__content--expanded toggle-content__content--packable\" data-v-59485d64=\"\">\n<div data-test-id=\"activity-full-description-text\" data-v-5835c99c=\"\">Tento v\u00fdlet nab\u00edz\u00ed dokonalou kombinaci odpo\u010dinku, dobrodru\u017estv\u00ed a dechberouc\u00edch v\u00fdhled\u016f, kter\u00e9 jsou z\u00e1rukou nezapomenuteln\u00e9ho z\u00e1\u017eitku! Nenechte si ji uj\u00edt!<\/div>\n<\/div>\n<div class=\"toggle-content__label-placeholder\" data-v-59485d64=\"\"><\/div>","protected":false},"excerpt":{"rendered":"<div data-track=\"overview\" data-v-83a2b402=\"\">\n<section id=\"activity-overview\" class=\"activity-overview\" data-component=\"overview\" data-v-83a2b402=\"\" data-v-f3236c42=\"\">\n<p class=\"activity-overview__content\" data-test-id=\"activity-overview-content\" data-v-f3236c42=\"\">Vydejte se na vzru\u0161uj\u00edc\u00ed dobrodru\u017estv\u00ed, kter\u00e9 kombinuje rajsk\u00e9 pl\u00e1\u017ee, adrenalin a dechberouc\u00ed v\u00fdhledy na tomto p\u016fldenn\u00edm v\u00fdlet\u011b!<\/p>\n<\/section>\n<\/div>\n<div data-track=\"key-details\" data-v-83a2b402=\"\"><\/div>","protected":false},"featured_media":14656,"template":"","meta":[],"product_brand":[],"product_cat":[97],"product_tag":[101,102],"class_list":{"0":"post-14426","1":"product","2":"type-product","3":"status-publish","4":"has-post-thumbnail","6":"product_cat-dominican-republic","7":"product_tag-excursion","8":"product_tag-tour","10":"first","11":"instock","12":"shipping-taxable","13":"product-type-external"},"_links":{"self":[{"href":"https:\/\/sabanadelamartours.com\/cs\/wp-json\/wp\/v2\/product\/14426","targetHints":{"allow":["GET"]}}],"collection":[{"href":"https:\/\/sabanadelamartours.com\/cs\/wp-json\/wp\/v2\/product"}],"about":[{"href":"https:\/\/sabanadelamartours.com\/cs\/wp-json\/wp\/v2\/types\/product"}],"version-history":[{"count":1,"href":"https:\/\/sabanadelamartours.com\/cs\/wp-json\/wp\/v2\/product\/14426\/revisions"}],"predecessor-version":[{"id":18646,"href":"https:\/\/sabanadelamartours.com\/cs\/wp-json\/wp\/v2\/product\/14426\/revisions\/18646"}],"wp:featuredmedia":[{"embeddable":true,"href":"https:\/\/sabanadelamartours.com\/cs\/wp-json\/wp\/v2\/media\/14656"}],"wp:attachment":[{"href":"https:\/\/sabanadelamartours.com\/cs\/wp-json\/wp\/v2\/media?parent=14426"}],"wp:term":[{"taxonomy":"product_brand","embeddable":true,"href":"https:\/\/sabanadelamartours.com\/cs\/wp-json\/wp\/v2\/product_brand?post=14426"},{"taxonomy":"product_cat","embeddable":true,"href":"https:\/\/sabanadelamartours.com\/cs\/wp-json\/wp\/v2\/product_cat?post=14426"},{"taxonomy":"product_tag","embeddable":true,"href":"https:\/\/sabanadelamartours.com\/cs\/wp-json\/wp\/v2\/product_tag?post=14426"}],"curies":[{"name":"wp","href":"https:\/\/api.w.org\/{rel}","templated":true}]}}