{"id":14541,"date":"2025-12-18T12:22:01","date_gmt":"2025-12-18T12:22:01","guid":{"rendered":"https:\/\/sabanadelamartours.com\/?post_type=product&#038;p=14541"},"modified":"2026-01-09T02:57:09","modified_gmt":"2026-01-09T02:57:09","slug":"-390","status":"publish","type":"product","link":"https:\/\/sabanadelamartours.com\/cs\/prohlidka\/-390\/","title":{"rendered":"Celodenn\u00ed v\u00fdlet na ostrov Catalina + skv\u011bl\u00e9 \u0161norchlov\u00e1n\u00ed"},"content":{"rendered":"<p>Z hotel\u016f v Punta Can\u011b a Bayahibe odj\u00ed\u017ed\u00edme v \u010dasn\u00fdch rann\u00edch hodin\u00e1ch pohodln\u00fdmi a klimatizovan\u00fdmi autobusy do n\u00e1dhern\u00e9ho m\u011bsta La Romana. Nalod\u011bn\u00ed p\u0159i p\u0159\u00edjezdu do p\u0159\u00edstavu v Multihull v\u0161echny z\u00e1bavy na\u0161ich pr\u016fvodc\u016f n\u00e1s zavede na jeden z nejkr\u00e1sn\u011bj\u0161\u00edch kor\u00e1lov\u00fdch \u00fates\u016f v Dominik\u00e1nsk\u00e9 republice, tam m\u016f\u017eete j\u00edt pot\u00e1p\u011bn\u00ed a \u0161norchlov\u00e1n\u00ed, pokud si p\u0159ejete.<\/p>\n<p>Pot\u00e9 budeme pokra\u010dovat na ostrov Catalina, kde si u\u017eijeme osv\u011b\u017euj\u00edc\u00ed koup\u00e1n\u00ed, a kdo bude cht\u00edt, m\u016f\u017ee si tak\u00e9 za\u0161norchlovat. Ob\u011bdv\u00e1me formou bohat\u00e9ho bufetu a p\u0159itom si d\u00e1v\u00e1me lahodn\u00e9 n\u00e1poje.<\/p>\n<div class=\"toggle-content__content toggle-content__content--expanded toggle-content__content--packable\" data-v-59485d64=\"\">\n<div data-test-id=\"activity-full-description-text\" data-v-5835c99c=\"\">Odpoledne se vr\u00e1t\u00edte katamar\u00e1nem do p\u0159\u00edstavu La Romana a vr\u00e1t\u00edte se do hotelu.<\/div>\n<\/div>\n<div class=\"toggle-content__label-placeholder\" data-v-59485d64=\"\"><\/div>","protected":false},"excerpt":{"rendered":"<div data-track=\"overview\" data-v-83a2b402=\"\">\n<section id=\"activity-overview\" class=\"activity-overview\" data-component=\"overview\" data-v-83a2b402=\"\" data-v-f3236c42=\"\">\n<p class=\"activity-overview__content\" data-test-id=\"activity-overview-content\" data-v-f3236c42=\"\">Z hotel\u016f v Punta Can\u011b a Bayahibe odj\u00ed\u017ed\u00edme v \u010dasn\u00fdch rann\u00edch hodin\u00e1ch pohodln\u00fdmi a klimatizovan\u00fdmi autobusy do n\u00e1dhern\u00e9ho m\u011bsta La Romana.<\/p>\n<\/section>\n<\/div>\n<div data-track=\"key-details\" data-v-83a2b402=\"\"><\/div>","protected":false},"featured_media":14774,"template":"","meta":[],"product_brand":[],"product_cat":[97],"product_tag":[101,102],"class_list":{"0":"post-14541","1":"product","2":"type-product","3":"status-publish","4":"has-post-thumbnail","6":"product_cat-dominican-republic","7":"product_tag-excursion","8":"product_tag-tour","10":"first","11":"instock","12":"shipping-taxable","13":"product-type-external"},"_links":{"self":[{"href":"https:\/\/sabanadelamartours.com\/cs\/wp-json\/wp\/v2\/product\/14541","targetHints":{"allow":["GET"]}}],"collection":[{"href":"https:\/\/sabanadelamartours.com\/cs\/wp-json\/wp\/v2\/product"}],"about":[{"href":"https:\/\/sabanadelamartours.com\/cs\/wp-json\/wp\/v2\/types\/product"}],"version-history":[{"count":1,"href":"https:\/\/sabanadelamartours.com\/cs\/wp-json\/wp\/v2\/product\/14541\/revisions"}],"predecessor-version":[{"id":18651,"href":"https:\/\/sabanadelamartours.com\/cs\/wp-json\/wp\/v2\/product\/14541\/revisions\/18651"}],"wp:featuredmedia":[{"embeddable":true,"href":"https:\/\/sabanadelamartours.com\/cs\/wp-json\/wp\/v2\/media\/14774"}],"wp:attachment":[{"href":"https:\/\/sabanadelamartours.com\/cs\/wp-json\/wp\/v2\/media?parent=14541"}],"wp:term":[{"taxonomy":"product_brand","embeddable":true,"href":"https:\/\/sabanadelamartours.com\/cs\/wp-json\/wp\/v2\/product_brand?post=14541"},{"taxonomy":"product_cat","embeddable":true,"href":"https:\/\/sabanadelamartours.com\/cs\/wp-json\/wp\/v2\/product_cat?post=14541"},{"taxonomy":"product_tag","embeddable":true,"href":"https:\/\/sabanadelamartours.com\/cs\/wp-json\/wp\/v2\/product_tag?post=14541"}],"curies":[{"name":"wp","href":"https:\/\/api.w.org\/{rel}","templated":true}]}}