{"id":14654,"date":"2025-12-18T12:27:55","date_gmt":"2025-12-18T12:27:55","guid":{"rendered":"https:\/\/sabanadelamartours.com\/?post_type=product&#038;p=14654"},"modified":"2026-02-11T13:12:20","modified_gmt":"2026-02-11T13:12:20","slug":"-403","status":"publish","type":"product","link":"https:\/\/sabanadelamartours.com\/cs\/prohlidka\/-403\/","title":{"rendered":"P\u00e1rty lo\u010f v katamar\u00e1nu trinity| \u0161norchlov\u00e1n\u00ed| soukrom\u00e1 pl\u00e1\u017e"},"content":{"rendered":"<p>{{ V\u00edtejte na z\u00e1bav\u011b}}<\/p>\n<p>Pokud hled\u00e1te skv\u011bl\u00fd \u010das v Puntacana s dobrou atmosf\u00e9rou, Dobr\u00e1 hudba a lid\u00e9 p\u0159ipraveni v\u00e1s bavit, proto\u017ee tady jsme; v\u00edce ne\u017e p\u0159ipraveni, aby va\u0161e dovolen\u00e1 nejlep\u0161\u00ed sv\u00e9ho \u017eivota. Objednejte si u n\u00e1s tento v\u00fdlet na jednom z na\u0161ich katamar\u00e1n\u016f, kde si m\u016f\u017eete vychutnat kr\u00e1sn\u00e9 soukrom\u00e9 pl\u00e1\u017ee bavaro, v\u00fdlet, kter\u00fd V\u00e1s provede celou pob\u0159e\u017en\u00ed oblast\u00ed a z\u00e1rove\u0148 si u\u017eijete nejlep\u0161\u00ed z\u00e1bavu na\u0161eho person\u00e1lu.<\/p>\n<p>Zvu v\u00e1s, abyste pro\u017eili toto dobrodru\u017estv\u00ed. \u010cinnosti, kter\u00e9 se budou prov\u00e1d\u011bt, jsou n\u00e1sleduj\u00edc\u00ed: Nejd\u0159\u00edve vyzvedneme na\u0161e klienty na m\u00edst\u011b ur\u010den\u00ed a odvezeme je na pl\u00e1\u017e, kde na n\u011b \u010dek\u00e1 na\u0161e lo\u010f. Tam bude \u010dekat na n\u00e1\u0161 t\u00fdm a v tom, co vyjde Prohl\u00eddka m\u016f\u017ee b\u00fdt navazov\u00e1n\u00ed p\u0159\u00e1telstv\u00ed p\u0159ed n\u00e1stupem na palubu.<\/p>\n<p>2. Po nalod\u011bn\u00ed na n\u00e1\u0161 katamar\u00e1n se p\u0159ipravte na nezapomenuteln\u00fd den a u\u017eijte si dobrou hudbu a otev\u0159en\u00fd bar. N\u00e1\u0161 t\u00fdm je p\u0159ipraven zajistit v\u00e1m ty nejlep\u0161\u00ed z\u00e1\u017eitky.<\/p>\n<p>3. P\u0159ed otev\u0159en\u00edm baru ud\u011bl\u00e1me zast\u00e1vku na \u0161norchlov\u00e1n\u00ed, z\u00e1\u017eitek, kter\u00fd si budete nav\u017edy pamatovat. Na\u0161i pr\u016fvodci se postaraj\u00ed o to, abyste est\u00e9 p\u0159ipraveni ocenit kr\u00e1su oce\u00e1nu v t\u011bch n\u00e1dhern\u00fdch k\u0159i\u0161\u0165\u00e1lov\u011b \u010dist\u00fdch vod\u00e1ch.<\/p>\n<p>4.: a kdy\u017e jsme op\u011bt na palub\u011b, otev\u0159eme n\u00e1\u0161 bar a zde si m\u016f\u017eete vychutnat v\u0161e, co m\u00e1me k dispozici pro v\u00e1s (tance, n\u00e1poje, ob\u010derstven\u00ed), ale ve\u0161kerou z\u00e1bavu, kterou si dok\u00e1\u017eete p\u0159edstavit.<\/p>\n<p>5. Na\u0161e dal\u0161\u00ed zast\u00e1vka je u p\u0159\u00edrodn\u00edho koupali\u0161t\u011b, kter\u00e9 je p\u0159ekr\u00e1sn\u00fdm r\u00e1jem s v\u00fdhledem na palmy a kde se m\u016f\u017eete bohat\u011b vykoupat a sd\u00edlet s p\u0159\u00e1teli. Uji\u0161\u0165uji v\u00e1s, \u017ee na toto m\u00edsto nezapomenete.<\/p>\n<p>Pot\u00e9, co jsme v\u0161e shrom\u00e1\u017edili, se vyd\u00e1me na m\u00edsto, odkud jsme vyjeli, a odvezeme ka\u017ed\u00e9ho klienta na m\u00edsto ur\u010den\u00ed.<\/p>\n<p>Oko: N\u011bkdy si ud\u011bl\u00e1me technickou zast\u00e1vku, abychom vid\u011bli delf\u00edny, ale nen\u00ed to v\u017edy.<\/p>","protected":false},"excerpt":{"rendered":"<div data-track=\"overview\" data-v-83a2b402=\"\">\n<section id=\"activity-overview\" class=\"activity-overview\" data-component=\"overview\" data-v-83a2b402=\"\" data-v-f3236c42=\"\">\n<p class=\"activity-overview__content\" data-test-id=\"activity-overview-content\" data-v-f3236c42=\"\">Vychutnejte si z\u00e1\u017eitek z plavby v k\u0159i\u0161\u0165\u00e1lov\u011b \u010dist\u00fdch vod\u00e1ch kr\u00e1sn\u00fdch soukrom\u00fdch pl\u00e1\u017e\u00ed Bavaro na luxusn\u00edm katamar\u00e1nu, kde je sou\u010d\u00e1st\u00ed dobrodru\u017estv\u00ed z\u00e1bava a kde m\u016f\u017eete \u0161norchlovat.<\/p>\n<\/section>\n<\/div>\n<div data-track=\"key-details\" data-v-83a2b402=\"\"><\/div>","protected":false},"featured_media":14884,"template":"","meta":[],"product_brand":[],"product_cat":[97],"product_tag":[101,102],"class_list":{"0":"post-14654","1":"product","2":"type-product","3":"status-publish","4":"has-post-thumbnail","6":"product_cat-dominican-republic","7":"product_tag-excursion","8":"product_tag-tour","10":"first","11":"instock","12":"shipping-taxable","13":"product-type-external"},"_links":{"self":[{"href":"https:\/\/sabanadelamartours.com\/cs\/wp-json\/wp\/v2\/product\/14654","targetHints":{"allow":["GET"]}}],"collection":[{"href":"https:\/\/sabanadelamartours.com\/cs\/wp-json\/wp\/v2\/product"}],"about":[{"href":"https:\/\/sabanadelamartours.com\/cs\/wp-json\/wp\/v2\/types\/product"}],"version-history":[{"count":1,"href":"https:\/\/sabanadelamartours.com\/cs\/wp-json\/wp\/v2\/product\/14654\/revisions"}],"predecessor-version":[{"id":19042,"href":"https:\/\/sabanadelamartours.com\/cs\/wp-json\/wp\/v2\/product\/14654\/revisions\/19042"}],"wp:featuredmedia":[{"embeddable":true,"href":"https:\/\/sabanadelamartours.com\/cs\/wp-json\/wp\/v2\/media\/14884"}],"wp:attachment":[{"href":"https:\/\/sabanadelamartours.com\/cs\/wp-json\/wp\/v2\/media?parent=14654"}],"wp:term":[{"taxonomy":"product_brand","embeddable":true,"href":"https:\/\/sabanadelamartours.com\/cs\/wp-json\/wp\/v2\/product_brand?post=14654"},{"taxonomy":"product_cat","embeddable":true,"href":"https:\/\/sabanadelamartours.com\/cs\/wp-json\/wp\/v2\/product_cat?post=14654"},{"taxonomy":"product_tag","embeddable":true,"href":"https:\/\/sabanadelamartours.com\/cs\/wp-json\/wp\/v2\/product_tag?post=14654"}],"curies":[{"name":"wp","href":"https:\/\/api.w.org\/{rel}","templated":true}]}}