{"id":14700,"date":"2025-12-18T12:29:53","date_gmt":"2025-12-18T12:29:53","guid":{"rendered":"https:\/\/sabanadelamartours.com\/?post_type=product&#038;p=14700"},"modified":"2025-12-18T12:39:39","modified_gmt":"2025-12-18T12:39:39","slug":"-406","status":"publish","type":"product","link":"https:\/\/sabanadelamartours.com\/cs\/prohlidka\/-406\/","title":{"rendered":"Z Punta Cany nebo La Romany: kulturn\u00ed v\u00fdlet do Santo Dominga"},"content":{"rendered":"<p>Dobrodru\u017estv\u00ed za\u010dn\u011bte n\u00e1v\u0161t\u011bvou jeskyn\u011b Los Tres Ojos s n\u00e1dhern\u00fdmi sladkovodn\u00edmi jez\u00edrky v podmaniv\u00e9 jeskyni. Prozkoumejte exteri\u00e9r Kolumbova maj\u00e1ku, kde jsou \u00fadajn\u011b ulo\u017eeny ostatky tohoto objevitele.<\/p>\n<p>Obdivujte neoklasicistn\u00ed architekturu prezidentsk\u00e9ho pal\u00e1ce a pronikn\u011bte do historie Santo Dominga v Ciudad Colonial. Mezi nejzaj\u00edmav\u011bj\u0161\u00ed pam\u00e1tky pat\u0159\u00ed katedr\u00e1la Primada de America, ulice Calle de Las Damas a N\u00e1rodn\u00ed panteon. N\u00e1m\u011bst\u00ed Plaza de Espa\u00f1a nab\u00edz\u00ed \u00fachvatn\u00fd v\u00fdhled na \u0159eku Ozamu a host\u00ed Alc\u00e1zar de Col\u00f3n, b\u00fdvalou rezidenci admir\u00e1la.<\/p>\n<p>Nav\u0161tivte obchod se suven\u00fdry a objevte jedine\u010dn\u00fd k\u00e1men Larimar, kter\u00fd se vyskytuje v\u00fdhradn\u011b v Dominik\u00e1nsk\u00e9 republice. Vychutnejte si voln\u00fd \u010das na k\u00e1vu a proch\u00e1zku po Calle El Conde. Dopl\u0148te energii p\u0159i lahodn\u00e9m ob\u011bd\u011b formou bufetu s typick\u00fdmi pokrmy.<\/p>\n<p>Odpo\u010di\u0148te si na Malec\u00f3nu a obdivujte karibsk\u00e9 mo\u0159e i z hlavn\u00edho m\u011bsta.<\/p>","protected":false},"excerpt":{"rendered":"<div data-track=\"overview\" data-v-83a2b402=\"\">\n<section id=\"activity-overview\" class=\"activity-overview\" data-component=\"overview\" data-v-83a2b402=\"\" data-v-f3236c42=\"\">\n<p class=\"activity-overview__content\" data-test-id=\"activity-overview-content\" data-v-f3236c42=\"\">Prozkoumejte historick\u00e9 kr\u00e1sy Santo Dominga b\u011bhem zaj\u00edmav\u00e9ho jednodenn\u00edho v\u00fdletu. Objevte odkaz Kolumbovy rodiny, nav\u0161tivte ikonick\u00e9 pam\u00e1tky a projd\u011bte se okouzluj\u00edc\u00edm Ciudad Colonial a Grotto!<\/p>\n<\/section>\n<\/div>\n<div data-track=\"key-details\" data-v-83a2b402=\"\"><\/div>","protected":false},"featured_media":14911,"template":"","meta":[],"product_brand":[],"product_cat":[97],"product_tag":[101,102],"class_list":{"0":"post-14700","1":"product","2":"type-product","3":"status-publish","4":"has-post-thumbnail","6":"product_cat-dominican-republic","7":"product_tag-excursion","8":"product_tag-tour","10":"first","11":"instock","12":"shipping-taxable","13":"product-type-external"},"_links":{"self":[{"href":"https:\/\/sabanadelamartours.com\/cs\/wp-json\/wp\/v2\/product\/14700","targetHints":{"allow":["GET"]}}],"collection":[{"href":"https:\/\/sabanadelamartours.com\/cs\/wp-json\/wp\/v2\/product"}],"about":[{"href":"https:\/\/sabanadelamartours.com\/cs\/wp-json\/wp\/v2\/types\/product"}],"version-history":[{"count":0,"href":"https:\/\/sabanadelamartours.com\/cs\/wp-json\/wp\/v2\/product\/14700\/revisions"}],"wp:featuredmedia":[{"embeddable":true,"href":"https:\/\/sabanadelamartours.com\/cs\/wp-json\/wp\/v2\/media\/14911"}],"wp:attachment":[{"href":"https:\/\/sabanadelamartours.com\/cs\/wp-json\/wp\/v2\/media?parent=14700"}],"wp:term":[{"taxonomy":"product_brand","embeddable":true,"href":"https:\/\/sabanadelamartours.com\/cs\/wp-json\/wp\/v2\/product_brand?post=14700"},{"taxonomy":"product_cat","embeddable":true,"href":"https:\/\/sabanadelamartours.com\/cs\/wp-json\/wp\/v2\/product_cat?post=14700"},{"taxonomy":"product_tag","embeddable":true,"href":"https:\/\/sabanadelamartours.com\/cs\/wp-json\/wp\/v2\/product_tag?post=14700"}],"curies":[{"name":"wp","href":"https:\/\/api.w.org\/{rel}","templated":true}]}}