{"id":14783,"date":"2025-12-18T12:34:07","date_gmt":"2025-12-18T12:34:07","guid":{"rendered":"https:\/\/sabanadelamartours.com\/?post_type=product&#038;p=14783"},"modified":"2026-02-12T01:34:14","modified_gmt":"2026-02-12T01:34:14","slug":"-415","status":"publish","type":"product","link":"https:\/\/sabanadelamartours.com\/cs\/prohlidka\/-415\/","title":{"rendered":"Tour Buggy de Medio d\u00eda Playa Macao"},"content":{"rendered":"<p>Macau Buggy Tour je jedn\u00edm z nejobl\u00edben\u011bj\u0161\u00edch v\u00fdlet\u016f v Punta Can\u011b, je to nezapomenuteln\u00e9 p\u016fldenn\u00ed dobrodru\u017estv\u00ed, p\u0159i kter\u00e9m budeme \u0159\u00eddit buginu po silnic\u00edch dominik\u00e1nsk\u00e9ho vnitrozem\u00ed. V\u00fdlet pln\u00fd \u010dist\u00e9 z\u00e1bavy, adrenalinu, bl\u00e1ta a vody, p\u0159i kter\u00e9m budete m\u00edt p\u0159\u00edle\u017eitost poznat kousek skute\u010dn\u00e9 Dominik\u00e1nsk\u00e9 republiky.<\/p>\n<p>Pojedeme k\u0159\u00ed\u017eem kr\u00e1\u017eem, dokud nedojedeme k n\u00e1dhern\u00e9mu v\u00fdhledu na pl\u00e1\u017e Macau, kde se zastav\u00edme, abychom se vykoupali v jej\u00ed fascinuj\u00edc\u00ed modr\u00e9 vod\u011b.<\/p>","protected":false},"excerpt":{"rendered":"<div data-track=\"overview\" data-v-83a2b402=\"\">\n<section id=\"activity-overview\" class=\"activity-overview\" data-component=\"overview\" data-v-83a2b402=\"\" data-v-f3236c42=\"\">\n<p class=\"activity-overview__content\" data-test-id=\"activity-overview-content\" data-v-f3236c42=\"\">U\u017eijte si den pln\u00fd akce v p\u0159\u00edrod\u011b na \u010dty\u0159kolce nebo bugin\u011b. Nav\u0161tivte n\u011bkter\u00e9 z nejkr\u00e1sn\u011bj\u0161\u00edch pam\u00e1tek Punta Cany, v\u010detn\u011b jedine\u010dn\u00e9 pl\u00e1\u017ee Macao a cenotu Taina.<\/p>\n<\/section>\n<\/div>\n<div data-track=\"key-details\" data-v-83a2b402=\"\"><\/div>","protected":false},"featured_media":15001,"template":"","meta":[],"product_brand":[],"product_cat":[97],"product_tag":[101,102],"class_list":{"0":"post-14783","1":"product","2":"type-product","3":"status-publish","4":"has-post-thumbnail","6":"product_cat-dominican-republic","7":"product_tag-excursion","8":"product_tag-tour","10":"first","11":"instock","12":"shipping-taxable","13":"product-type-external"},"_links":{"self":[{"href":"https:\/\/sabanadelamartours.com\/cs\/wp-json\/wp\/v2\/product\/14783","targetHints":{"allow":["GET"]}}],"collection":[{"href":"https:\/\/sabanadelamartours.com\/cs\/wp-json\/wp\/v2\/product"}],"about":[{"href":"https:\/\/sabanadelamartours.com\/cs\/wp-json\/wp\/v2\/types\/product"}],"version-history":[{"count":1,"href":"https:\/\/sabanadelamartours.com\/cs\/wp-json\/wp\/v2\/product\/14783\/revisions"}],"predecessor-version":[{"id":19051,"href":"https:\/\/sabanadelamartours.com\/cs\/wp-json\/wp\/v2\/product\/14783\/revisions\/19051"}],"wp:featuredmedia":[{"embeddable":true,"href":"https:\/\/sabanadelamartours.com\/cs\/wp-json\/wp\/v2\/media\/15001"}],"wp:attachment":[{"href":"https:\/\/sabanadelamartours.com\/cs\/wp-json\/wp\/v2\/media?parent=14783"}],"wp:term":[{"taxonomy":"product_brand","embeddable":true,"href":"https:\/\/sabanadelamartours.com\/cs\/wp-json\/wp\/v2\/product_brand?post=14783"},{"taxonomy":"product_cat","embeddable":true,"href":"https:\/\/sabanadelamartours.com\/cs\/wp-json\/wp\/v2\/product_cat?post=14783"},{"taxonomy":"product_tag","embeddable":true,"href":"https:\/\/sabanadelamartours.com\/cs\/wp-json\/wp\/v2\/product_tag?post=14783"}],"curies":[{"name":"wp","href":"https:\/\/api.w.org\/{rel}","templated":true}]}}