{"id":14808,"date":"2025-12-18T12:35:12","date_gmt":"2025-12-18T12:35:12","guid":{"rendered":"https:\/\/sabanadelamartours.com\/?post_type=product&#038;p=14808"},"modified":"2026-02-12T01:37:21","modified_gmt":"2026-02-12T01:37:21","slug":"-418","status":"publish","type":"product","link":"https:\/\/sabanadelamartours.com\/cs\/prohlidka\/-418\/","title":{"rendered":"Santo Domingo: Dobrodru\u017estv\u00ed na bugin\u00e1ch Macao s cenotem a pl\u00e1\u017e\u00ed"},"content":{"rendered":"<div class=\"toggle-content__content toggle-content__content--expanded toggle-content__content--packable\" data-v-59485d64=\"\">\n<div data-test-id=\"activity-full-description-text\" data-v-5835c99c=\"\">Nasko\u010dte do na\u0161\u00ed v\u00fdkonn\u00e9 buginy s dunami a p\u0159ipravte se na adrenalinov\u00e9 dobrodru\u017estv\u00ed na rozlehl\u00e9 pl\u00e1\u017ei a v d\u017eungli. N\u00e1\u0161 odborn\u00fd pr\u016fvodce v\u00e1s provede nap\u00ednavou j\u00edzdou p\u0159es vysok\u00e9 p\u00edse\u010dn\u00e9 duny a malebnou krajinou. P\u0159i zdol\u00e1v\u00e1n\u00ed n\u00e1ro\u010dn\u00e9ho ter\u00e9nu poc\u00edt\u00edte vzru\u0161en\u00ed a za ka\u017edou zat\u00e1\u010dkou se budete kochat \u00fachvatn\u00fdmi v\u00fdhledy. D\u00edky pohodln\u00e9mu vyzvednut\u00ed a p\u0159ed\u00e1n\u00ed v Santo Domingu v\u00e1m zajist\u00edme bezprobl\u00e9mov\u00fd a nezapomenuteln\u00fd z\u00e1\u017eitek od za\u010d\u00e1tku a\u017e do konce. Nenechte si uj\u00edt p\u0159\u00edle\u017eitost prozkoumat pou\u0161\u0165 jako nikdy p\u0159edt\u00edm.<\/div>\n<\/div>\n<div class=\"toggle-content__label-placeholder\" data-v-59485d64=\"\">https:\/\/gyg.me\/ULkR1KYK<\/div>","protected":false},"excerpt":{"rendered":"<div class=\"toggle-content__content toggle-content__content--expanded toggle-content__content--packable\" data-v-59485d64=\"\">\n<div data-test-id=\"activity-full-description-text\" data-v-5835c99c=\"\"><\/div>\n<\/div>\n<div class=\"toggle-content__label-placeholder\" data-v-59485d64=\"\">\n<div data-track=\"overview\" data-v-83a2b402=\"\">\n<section id=\"activity-overview\" class=\"activity-overview\" data-component=\"overview\" data-v-83a2b402=\"\" data-v-f3236c42=\"\">\n<p class=\"activity-overview__content\" data-test-id=\"activity-overview-content\" data-v-f3236c42=\"\">Experience the thrill of a lifetime on our Dune Buggy Tour in Macao<\/p>\n<\/section>\n<\/div>\n<div data-track=\"key-details\" data-v-83a2b402=\"\"><\/div>\n<\/div>","protected":false},"featured_media":15030,"template":"","meta":[],"product_brand":[],"product_cat":[97],"product_tag":[101,102],"class_list":{"0":"post-14808","1":"product","2":"type-product","3":"status-publish","4":"has-post-thumbnail","6":"product_cat-dominican-republic","7":"product_tag-excursion","8":"product_tag-tour","10":"first","11":"instock","12":"shipping-taxable","13":"product-type-external"},"_links":{"self":[{"href":"https:\/\/sabanadelamartours.com\/cs\/wp-json\/wp\/v2\/product\/14808","targetHints":{"allow":["GET"]}}],"collection":[{"href":"https:\/\/sabanadelamartours.com\/cs\/wp-json\/wp\/v2\/product"}],"about":[{"href":"https:\/\/sabanadelamartours.com\/cs\/wp-json\/wp\/v2\/types\/product"}],"version-history":[{"count":1,"href":"https:\/\/sabanadelamartours.com\/cs\/wp-json\/wp\/v2\/product\/14808\/revisions"}],"predecessor-version":[{"id":19053,"href":"https:\/\/sabanadelamartours.com\/cs\/wp-json\/wp\/v2\/product\/14808\/revisions\/19053"}],"wp:featuredmedia":[{"embeddable":true,"href":"https:\/\/sabanadelamartours.com\/cs\/wp-json\/wp\/v2\/media\/15030"}],"wp:attachment":[{"href":"https:\/\/sabanadelamartours.com\/cs\/wp-json\/wp\/v2\/media?parent=14808"}],"wp:term":[{"taxonomy":"product_brand","embeddable":true,"href":"https:\/\/sabanadelamartours.com\/cs\/wp-json\/wp\/v2\/product_brand?post=14808"},{"taxonomy":"product_cat","embeddable":true,"href":"https:\/\/sabanadelamartours.com\/cs\/wp-json\/wp\/v2\/product_cat?post=14808"},{"taxonomy":"product_tag","embeddable":true,"href":"https:\/\/sabanadelamartours.com\/cs\/wp-json\/wp\/v2\/product_tag?post=14808"}],"curies":[{"name":"wp","href":"https:\/\/api.w.org\/{rel}","templated":true}]}}