{"id":14869,"date":"2025-12-18T12:37:37","date_gmt":"2025-12-18T12:37:37","guid":{"rendered":"https:\/\/sabanadelamartours.com\/?post_type=product&#038;p=14869"},"modified":"2026-01-09T03:21:52","modified_gmt":"2026-01-09T03:21:52","slug":"-424","status":"publish","type":"product","link":"https:\/\/sabanadelamartours.com\/cs\/prohlidka\/-424\/","title":{"rendered":"Z Punta Cany: Samana: Celodenn\u00ed v\u00fdlet autobusem a lod\u00ed"},"content":{"rendered":"<p>Vyu\u017eijte vyzvednut\u00ed v hotelu v oblastech Punta Cana, Bavaro, Uvero Alto a Bayahibe a pak poznejte \u00fa\u017easnou p\u0159\u00edrodu Dominik\u00e1nsk\u00e9 republiky z mnoha \u00fahl\u016f pohledu. Cestujte po venkovsk\u00fdch cest\u00e1ch a z\u00edskejte nekone\u010dn\u00e9 mno\u017estv\u00ed p\u0159\u00edle\u017eitost\u00ed k fotografov\u00e1n\u00ed.<\/p>\n<p>Za\u010dn\u011bte asi hodinovou j\u00edzdou po d\u00e1lnici El Seybo z Bavaro do Miches. Vydejte se do p\u0159\u00edstavu, kde se nalod\u00edte na motorov\u00fd \u010dlun do Santa B\u00e1rbara de Saman\u00e1. Po p\u0159\u00edjezdu nasedn\u011bte do n\u00e1kladn\u00edho auta typu safari a vydejte se do El Lim\u00f3nu. Nav\u0161tivte ostrovn\u00ed d\u016fm a ochutnejte m\u00edstn\u00ed a bio ovoce z plant\u00e1\u017ee.<\/p>\n<p>Pokra\u010dujte k majest\u00e1tn\u00edmu vodop\u00e1du El Lim\u00f3n kr\u00e1tkou proj\u00ed\u017e\u010fkou na koni tropick\u00fdm pralesem. Ne\u017e se rozlou\u010d\u00edte s ko\u0148mi a vyd\u00e1te se pod\u00e9l \u0159eky, abyste se osv\u011b\u017eili ve vodop\u00e1du, naskytne se v\u00e1m jedine\u010dn\u00fd pohled na k\u0159i\u0161\u0165\u00e1lov\u011b \u010distou vodu z hory.<\/p>\n<p>V restauraci Rancho Tipico se posiln\u00edte typick\u00fdm j\u00eddlem formou bufetu a kr\u00e1tce si odpo\u010dinete, ne\u017e se vr\u00e1t\u00edte do p\u0159\u00edstavu v Saman\u011b.<\/p>\n<div class=\"toggle-content__content toggle-content__content--expanded toggle-content__content--packable\" data-v-59485d64=\"\">\n<div data-test-id=\"activity-full-description-text\" data-v-5835c99c=\"\">Vydejte se rychl\u00fdm \u010dlunem na ostrov Bacardi nebo Cayo Levantado a po p\u0159\u00edjezdu se vykoupejte v tyrkysov\u00fdch vod\u00e1ch. Pot\u00e9 se nalod\u00edte na motorov\u00fd \u010dlun a vyd\u00e1te se na posledn\u00ed cestu do Miches, kde na v\u00e1s bude \u010dekat autobus, kter\u00fd v\u00e1s odveze zp\u011bt do hotelu.<\/div>\n<\/div>\n<div class=\"toggle-content__label-placeholder\" data-v-59485d64=\"\"><\/div>","protected":false},"excerpt":{"rendered":"<div data-track=\"overview\" data-v-83a2b402=\"\">\n<section id=\"activity-overview\" class=\"activity-overview\" data-component=\"overview\" data-v-83a2b402=\"\" data-v-f3236c42=\"\">\n<p class=\"activity-overview__content\" data-test-id=\"activity-overview-content\" data-v-f3236c42=\"\">Poznejte Dominik\u00e1nskou republiku na z\u00e1jezdu Z Punta Cany do Samany. Vyje\u010fte na kon\u00edch k vodop\u00e1du el Limon, nav\u0161tivte Cayo Levantado, ostrov Bacardi, typick\u00fd d\u016fm a vychutnejte si j\u00eddlo formou bufetu.<\/p>\n<\/section>\n<\/div>\n<div data-track=\"key-details\" data-v-83a2b402=\"\"><\/div>","protected":false},"featured_media":15085,"template":"","meta":[],"product_brand":[],"product_cat":[77],"product_tag":[101,102],"class_list":{"0":"post-14869","1":"product","2":"type-product","3":"status-publish","4":"has-post-thumbnail","6":"product_cat-uncategorized","7":"product_tag-excursion","8":"product_tag-tour","10":"first","11":"instock","12":"shipping-taxable","13":"product-type-external"},"_links":{"self":[{"href":"https:\/\/sabanadelamartours.com\/cs\/wp-json\/wp\/v2\/product\/14869","targetHints":{"allow":["GET"]}}],"collection":[{"href":"https:\/\/sabanadelamartours.com\/cs\/wp-json\/wp\/v2\/product"}],"about":[{"href":"https:\/\/sabanadelamartours.com\/cs\/wp-json\/wp\/v2\/types\/product"}],"version-history":[{"count":1,"href":"https:\/\/sabanadelamartours.com\/cs\/wp-json\/wp\/v2\/product\/14869\/revisions"}],"predecessor-version":[{"id":18661,"href":"https:\/\/sabanadelamartours.com\/cs\/wp-json\/wp\/v2\/product\/14869\/revisions\/18661"}],"wp:featuredmedia":[{"embeddable":true,"href":"https:\/\/sabanadelamartours.com\/cs\/wp-json\/wp\/v2\/media\/15085"}],"wp:attachment":[{"href":"https:\/\/sabanadelamartours.com\/cs\/wp-json\/wp\/v2\/media?parent=14869"}],"wp:term":[{"taxonomy":"product_brand","embeddable":true,"href":"https:\/\/sabanadelamartours.com\/cs\/wp-json\/wp\/v2\/product_brand?post=14869"},{"taxonomy":"product_cat","embeddable":true,"href":"https:\/\/sabanadelamartours.com\/cs\/wp-json\/wp\/v2\/product_cat?post=14869"},{"taxonomy":"product_tag","embeddable":true,"href":"https:\/\/sabanadelamartours.com\/cs\/wp-json\/wp\/v2\/product_tag?post=14869"}],"curies":[{"name":"wp","href":"https:\/\/api.w.org\/{rel}","templated":true}]}}