{"id":14883,"date":"2025-12-18T12:38:06","date_gmt":"2025-12-18T12:38:06","guid":{"rendered":"https:\/\/sabanadelamartours.com\/?post_type=product&#038;p=14883"},"modified":"2026-01-09T03:23:07","modified_gmt":"2026-01-09T03:23:07","slug":"el-limon-vodopad-bacardi-ostrov-celodenni-dobrodruzstvi","status":"publish","type":"product","link":"https:\/\/sabanadelamartours.com\/cs\/prohlidka\/el-limon-vodopad-bacardi-ostrov-celodenni-dobrodruzstvi\/","title":{"rendered":"Celodenn\u00ed dobrodru\u017estv\u00ed u vodop\u00e1du El Limon a na ostrov\u011b Bacardi"},"content":{"rendered":"<p>Prohl\u00eddku za\u010dn\u011bte cestou po nov\u00e9 silnici do ryb\u00e1\u0159sk\u00e9ho m\u011bste\u010dka Miches jedn\u00edm z modern\u00edch autobus\u016f. Vychutnejte si hodinovou cestu, b\u011bhem n\u00ed\u017e budete pozorovat krajinu pod\u00e9l pob\u0159e\u017e\u00ed a poho\u0159\u00ed Anamuya.<\/p>\n<p>Nastupte na palubu katamar\u00e1nu v Las Canitas. Nav\u0161tivte vodop\u00e1d Salto El Limon a prohl\u00e9dn\u011bte si kr\u00e1sn\u00e9 klidn\u00e9 m\u00edsto. Z\u00fa\u010dastn\u011bte se nezapomenuteln\u00e9ho dobrodru\u017estv\u00ed, kter\u00e9 v\u00e1s zavede na poloostrov, kde se hory ty\u010d\u00ed do v\u00fd\u0161ky 2 100 metr\u016f.<\/p>\n<p>Proje\u010fte se na koni neuv\u011b\u0159iteln\u011b bujnou vegetac\u00ed, rostlinami, k\u00e1vou, kakaem a r\u016fzn\u00fdm tropick\u00fdm ovocem. T\u0159icetiminutov\u00e1 j\u00edzda do kopce na vrchol vodop\u00e1du poskytuje \u00fachvatn\u00fd v\u00fdhled na okoln\u00ed krajinu. Pot\u00e9 si na ran\u010di vychutnejte ob\u011bd.<\/p>\n<p>Po ob\u011bd\u011b v\u00e1s pr\u016fvodce zavede na Cayo Levantado, kr\u00e1sn\u00fd ostrov uprost\u0159ed modr\u00e9 a tyrkysov\u00e9 vody. Ne\u017e se na konci v\u00fdletu vr\u00e1t\u00edte do Las Canitas, ud\u011blejte si volno na odpo\u010dinek a koup\u00e1n\u00ed.<\/p>","protected":false},"excerpt":{"rendered":"<div data-track=\"overview\" data-v-83a2b402=\"\">\n<section id=\"activity-overview\" class=\"activity-overview\" data-component=\"overview\" data-v-83a2b402=\"\" data-v-f3236c42=\"\">\n<p class=\"activity-overview__content\" data-test-id=\"activity-overview-content\" data-v-f3236c42=\"\">P\u0159ipravte se na plavbu katamar\u00e1nem s neomezenou konzumac\u00ed n\u00e1poj\u016f na palub\u011b. Pot\u00e9 se vydejte na proj\u00ed\u017e\u010fku na kon\u00edch na ran\u010d nedaleko El Limonu, kde si vychutn\u00e1te n\u00e1dhern\u00fd vodop\u00e1d a chutn\u00fd ob\u011bd. Doje\u010fte na p\u0159ekr\u00e1sn\u00fd ostrov Cayo Levantado, kde se m\u016f\u017eete vykoupat.<\/p>\n<\/section>\n<\/div>\n<div data-track=\"key-details\" data-v-83a2b402=\"\"><\/div>","protected":false},"featured_media":15101,"template":"","meta":[],"product_brand":[],"product_cat":[77],"product_tag":[101,102],"class_list":{"0":"post-14883","1":"product","2":"type-product","3":"status-publish","4":"has-post-thumbnail","6":"product_cat-uncategorized","7":"product_tag-excursion","8":"product_tag-tour","10":"first","11":"instock","12":"shipping-taxable","13":"product-type-external"},"_links":{"self":[{"href":"https:\/\/sabanadelamartours.com\/cs\/wp-json\/wp\/v2\/product\/14883","targetHints":{"allow":["GET"]}}],"collection":[{"href":"https:\/\/sabanadelamartours.com\/cs\/wp-json\/wp\/v2\/product"}],"about":[{"href":"https:\/\/sabanadelamartours.com\/cs\/wp-json\/wp\/v2\/types\/product"}],"version-history":[{"count":1,"href":"https:\/\/sabanadelamartours.com\/cs\/wp-json\/wp\/v2\/product\/14883\/revisions"}],"predecessor-version":[{"id":18662,"href":"https:\/\/sabanadelamartours.com\/cs\/wp-json\/wp\/v2\/product\/14883\/revisions\/18662"}],"wp:featuredmedia":[{"embeddable":true,"href":"https:\/\/sabanadelamartours.com\/cs\/wp-json\/wp\/v2\/media\/15101"}],"wp:attachment":[{"href":"https:\/\/sabanadelamartours.com\/cs\/wp-json\/wp\/v2\/media?parent=14883"}],"wp:term":[{"taxonomy":"product_brand","embeddable":true,"href":"https:\/\/sabanadelamartours.com\/cs\/wp-json\/wp\/v2\/product_brand?post=14883"},{"taxonomy":"product_cat","embeddable":true,"href":"https:\/\/sabanadelamartours.com\/cs\/wp-json\/wp\/v2\/product_cat?post=14883"},{"taxonomy":"product_tag","embeddable":true,"href":"https:\/\/sabanadelamartours.com\/cs\/wp-json\/wp\/v2\/product_tag?post=14883"}],"curies":[{"name":"wp","href":"https:\/\/api.w.org\/{rel}","templated":true}]}}