{"id":14938,"date":"2025-12-18T12:40:42","date_gmt":"2025-12-18T12:40:42","guid":{"rendered":"https:\/\/sabanadelamartours.com\/?post_type=product&#038;p=14938"},"modified":"2026-01-09T03:27:44","modified_gmt":"2026-01-09T03:27:44","slug":"-432","status":"publish","type":"product","link":"https:\/\/sabanadelamartours.com\/cs\/prohlidka\/-432\/","title":{"rendered":"Dobrodru\u017estv\u00ed na bugin\u00e1ch v Punta Can\u011b se soukrom\u00fdm koup\u00e1n\u00edm v jeskyni Cenote"},"content":{"rendered":"<p>P\u0159ipravte se na vzru\u0161uj\u00edc\u00ed dobrodru\u017estv\u00ed, kter\u00e9 v\u00e1s zavede do drsn\u00e9ho ter\u00e9nu Macaa. Budete moci prozkoumat skryt\u00e9 stezky a odlehl\u00e9 krajiny d\u017eungle, kter\u00e9 v\u00e1s uchv\u00e1t\u00ed.<\/p>\n<p>Dobrodru\u017estv\u00ed za\u010dne vyzvednut\u00edm z va\u0161eho letoviska v Punta Can\u011b. Pot\u00e9 nasko\u010d\u00edte na vzru\u0161uj\u00edc\u00ed j\u00edzdu buginou, kter\u00e1 je pova\u017eov\u00e1na za nejlep\u0161\u00ed v oblasti. Po celou dobu j\u00edzdy se v\u00e1m budou v\u011bnovat p\u0159\u00e1tel\u0161t\u00ed a dvojjazy\u010dn\u00ed pr\u016fvodci, kte\u0159\u00ed v\u00e1m poskytnou pot\u0159ebn\u00e9 vybaven\u00ed a bezpe\u010dnostn\u00ed instrukt\u00e1\u017e, abyste byli na nadch\u00e1zej\u00edc\u00ed dobrodru\u017estv\u00ed pln\u011b p\u0159ipraveni.<\/p>\n<p>Sv\u00e9 dobrodru\u017estv\u00ed si m\u016f\u017eete p\u0159izp\u016fsobit podle sv\u00fdch preferenc\u00ed, na v\u00fdb\u011br m\u00e1te dva \u010dasy prohl\u00eddek a t\u0159i typy vozidel. A\u0165 u\u017e se chcete bavit sami, sd\u00edlet z\u00e1\u017eitek s kamar\u00e1dem, nebo vz\u00edt s sebou na proj\u00ed\u017e\u010fku celou rodinu, pro ka\u017ed\u00e9ho je tu n\u011bco.<\/p>\n<div class=\"toggle-content__content toggle-content__content--expanded toggle-content__content--packable\" data-v-59485d64=\"\">\n<div data-test-id=\"activity-full-description-text\" data-v-5835c99c=\"\">P\u0159ipravte se na nezapomenutelnou cestu, na kterou budete vzpom\u00ednat cel\u00fd \u017eivot.<\/div>\n<\/div>\n<div class=\"toggle-content__label-placeholder\" data-v-59485d64=\"\"><\/div>","protected":false},"excerpt":{"rendered":"<div data-track=\"overview\" data-v-83a2b402=\"\">\n<section id=\"activity-overview\" class=\"activity-overview\" data-component=\"overview\" data-v-83a2b402=\"\" data-v-f3236c42=\"\">\n<p class=\"activity-overview__content\" data-test-id=\"activity-overview-content\" data-v-f3236c42=\"\">P\u0159ipravte se na vzru\u0161uj\u00edc\u00ed dobrodru\u017estv\u00ed s ter\u00e9nn\u00edmi buginami. Budete m\u00edt p\u0159\u00edle\u017eitost prozkoumat opu\u0161t\u011bn\u00fd lom a vykoupat se v podzemn\u00ed soukrom\u00e9 jeskyni Cenote, kter\u00e1 v\u00e1s uchv\u00e1t\u00ed.<\/p>\n<\/section>\n<\/div>\n<div data-track=\"key-details\" data-v-83a2b402=\"\"><\/div>","protected":false},"featured_media":15156,"template":"","meta":[],"product_brand":[],"product_cat":[77],"product_tag":[101,102],"class_list":{"0":"post-14938","1":"product","2":"type-product","3":"status-publish","4":"has-post-thumbnail","6":"product_cat-uncategorized","7":"product_tag-excursion","8":"product_tag-tour","10":"first","11":"instock","12":"shipping-taxable","13":"product-type-external"},"_links":{"self":[{"href":"https:\/\/sabanadelamartours.com\/cs\/wp-json\/wp\/v2\/product\/14938","targetHints":{"allow":["GET"]}}],"collection":[{"href":"https:\/\/sabanadelamartours.com\/cs\/wp-json\/wp\/v2\/product"}],"about":[{"href":"https:\/\/sabanadelamartours.com\/cs\/wp-json\/wp\/v2\/types\/product"}],"version-history":[{"count":1,"href":"https:\/\/sabanadelamartours.com\/cs\/wp-json\/wp\/v2\/product\/14938\/revisions"}],"predecessor-version":[{"id":18665,"href":"https:\/\/sabanadelamartours.com\/cs\/wp-json\/wp\/v2\/product\/14938\/revisions\/18665"}],"wp:featuredmedia":[{"embeddable":true,"href":"https:\/\/sabanadelamartours.com\/cs\/wp-json\/wp\/v2\/media\/15156"}],"wp:attachment":[{"href":"https:\/\/sabanadelamartours.com\/cs\/wp-json\/wp\/v2\/media?parent=14938"}],"wp:term":[{"taxonomy":"product_brand","embeddable":true,"href":"https:\/\/sabanadelamartours.com\/cs\/wp-json\/wp\/v2\/product_brand?post=14938"},{"taxonomy":"product_cat","embeddable":true,"href":"https:\/\/sabanadelamartours.com\/cs\/wp-json\/wp\/v2\/product_cat?post=14938"},{"taxonomy":"product_tag","embeddable":true,"href":"https:\/\/sabanadelamartours.com\/cs\/wp-json\/wp\/v2\/product_tag?post=14938"}],"curies":[{"name":"wp","href":"https:\/\/api.w.org\/{rel}","templated":true}]}}