{"id":14984,"date":"2025-12-18T12:42:38","date_gmt":"2025-12-18T12:42:38","guid":{"rendered":"https:\/\/sabanadelamartours.com\/?post_type=product&#038;p=14984"},"modified":"2026-02-12T03:10:35","modified_gmt":"2026-02-12T03:10:35","slug":"-438","status":"publish","type":"product","link":"https:\/\/sabanadelamartours.com\/cs\/prohlidka\/-438\/","title":{"rendered":"Sosua Z\u00e1pad slunce party lo\u010f a \u0161norchlov\u00e1n\u00ed"},"content":{"rendered":"<p>Zcela soukrom\u00e1 a relaxa\u010dn\u00ed plavba katamar\u00e1nem s osobn\u00edm a profesion\u00e1ln\u00edm pr\u016fvodcem.<\/p>\n<p>Plujeme vst\u0159\u00edc nezapomenuteln\u00e9mu dobrodru\u017estv\u00ed! Vyu\u017eijte mo\u017enosti za\u017e\u00edt jeden z nejkr\u00e1sn\u011bj\u0161\u00edch z\u00e1pad\u016f slunce na palub\u011b katamar\u00e1nu, kter\u00fd vyplouv\u00e1 ze z\u00e1toky Sos\u00faa.<\/p>\n<p>Prvn\u00ed zast\u00e1vkou bude kr\u00e1sn\u00e1 podmo\u0159sk\u00e1 prohl\u00eddka. Mo\u0159sk\u00fd pr\u016fvodce s v\u00e1mi bude \u0161norchlovat a uk\u00e1\u017ee v\u00e1m v\u0161echny ryby a druhy, kter\u00e9 toto m\u00edsto nab\u00edz\u00ed. Po 25 minut\u00e1ch se vr\u00e1t\u00edte na lo\u010f a vychutn\u00e1te si otev\u0159en\u00fd bar s m\u00edstn\u00edmi n\u00e1poji.<\/p>\n<p>Dal\u0161\u00edm skv\u011bl\u00fdm m\u00edstem jsou T\u0159i sk\u00e1ly, Los Cabezos (naz\u00fdvan\u00e9 tak\u00e9 ka\u0148on), kde se nach\u00e1zej\u00ed 3 velk\u00e9 svisl\u00e9 sk\u00e1ly, na nich\u017e se vyskytuje mnoho ryb.<\/p>\n<p>V cen\u011b je zahrnut kompletn\u00ed ob\u011bd na grilu, nealkoholick\u00e9 n\u00e1poje a alkohol. U\u017eijte si toto dobrodru\u017estv\u00ed p\u016fl dne a zbytek dne budete m\u00edt voln\u00fd. M\u00e1 dobr\u00fd hudebn\u00ed syst\u00e9m<\/p>","protected":false},"excerpt":{"rendered":"<div data-track=\"overview\" data-v-83a2b402=\"\">\n<section id=\"activity-overview\" class=\"activity-overview\" data-component=\"overview\" data-v-83a2b402=\"\" data-v-f3236c42=\"\">\n<p class=\"activity-overview__content\" data-test-id=\"activity-overview-content\" data-v-f3236c42=\"\">Poj\u010fte s n\u00e1mi a u\u017eijte si nej\u00fa\u017easn\u011bj\u0161\u00ed \u0161norchlov\u00e1n\u00ed. Vlastn\u00edma rukama m\u016f\u017eete krmit nespo\u010det druh\u016f pestrobarevn\u00fdch ryb a tropick\u00fdch kor\u00e1l\u016f.<\/p>\n<\/section>\n<\/div>\n<div data-track=\"key-details\" data-v-83a2b402=\"\"><\/div>","protected":false},"featured_media":15196,"template":"","meta":[],"product_brand":[],"product_cat":[97],"product_tag":[101,102],"class_list":{"0":"post-14984","1":"product","2":"type-product","3":"status-publish","4":"has-post-thumbnail","6":"product_cat-dominican-republic","7":"product_tag-excursion","8":"product_tag-tour","10":"first","11":"instock","12":"shipping-taxable","13":"product-type-external"},"_links":{"self":[{"href":"https:\/\/sabanadelamartours.com\/cs\/wp-json\/wp\/v2\/product\/14984","targetHints":{"allow":["GET"]}}],"collection":[{"href":"https:\/\/sabanadelamartours.com\/cs\/wp-json\/wp\/v2\/product"}],"about":[{"href":"https:\/\/sabanadelamartours.com\/cs\/wp-json\/wp\/v2\/types\/product"}],"version-history":[{"count":1,"href":"https:\/\/sabanadelamartours.com\/cs\/wp-json\/wp\/v2\/product\/14984\/revisions"}],"predecessor-version":[{"id":19068,"href":"https:\/\/sabanadelamartours.com\/cs\/wp-json\/wp\/v2\/product\/14984\/revisions\/19068"}],"wp:featuredmedia":[{"embeddable":true,"href":"https:\/\/sabanadelamartours.com\/cs\/wp-json\/wp\/v2\/media\/15196"}],"wp:attachment":[{"href":"https:\/\/sabanadelamartours.com\/cs\/wp-json\/wp\/v2\/media?parent=14984"}],"wp:term":[{"taxonomy":"product_brand","embeddable":true,"href":"https:\/\/sabanadelamartours.com\/cs\/wp-json\/wp\/v2\/product_brand?post=14984"},{"taxonomy":"product_cat","embeddable":true,"href":"https:\/\/sabanadelamartours.com\/cs\/wp-json\/wp\/v2\/product_cat?post=14984"},{"taxonomy":"product_tag","embeddable":true,"href":"https:\/\/sabanadelamartours.com\/cs\/wp-json\/wp\/v2\/product_tag?post=14984"}],"curies":[{"name":"wp","href":"https:\/\/api.w.org\/{rel}","templated":true}]}}