{"id":15099,"date":"2025-12-18T12:48:04","date_gmt":"2025-12-18T12:48:04","guid":{"rendered":"https:\/\/sabanadelamartours.com\/?post_type=product&#038;p=15099"},"modified":"2026-02-12T03:18:36","modified_gmt":"2026-02-12T03:18:36","slug":"-452","status":"publish","type":"product","link":"https:\/\/sabanadelamartours.com\/cs\/prohlidka\/-452\/","title":{"rendered":"Prohl\u00eddka pl\u00e1\u017ee Punta Cana Macao a jeskyn\u011b Taino s pr\u016fvodcem"},"content":{"rendered":"<p>Vydejte se na dobrodru\u017enou cestu z Punta Cany s pr\u016fvodcem, p\u0159i kter\u00e9 se prol\u00edn\u00e1 p\u0159\u00edroda, historie a m\u00edstn\u00ed kultura. M\u016f\u017eete si vybrat mezi buginami pro jednoho nebo Familiar a vydat se na vzru\u0161uj\u00edc\u00ed proj\u00ed\u017e\u010fku \u00fachvatnou krajinou regionu a cestou nav\u0161t\u00edvit Playa Macao, jeskyni Taina a autentick\u00fd dominik\u00e1nsk\u00fd d\u016fm.<\/p>\n<p>Svou cestu za\u010dn\u011bte pohodln\u00fdm vyzvednut\u00edm z va\u0161eho ubytov\u00e1n\u00ed v Punta Can\u011b a pot\u00e9 se vydejte na v\u00fdchoz\u00ed m\u00edsto, kde nastoup\u00edte do buggy. Vydejte se za sv\u00fdm pr\u016fvodcem na Playa Macao, p\u0159\u00edrodn\u00ed atrakci zn\u00e1mou pro sv\u016fj nedot\u010den\u00fd b\u00edl\u00fd p\u00edsek a k\u0159i\u0161\u0165\u00e1lov\u011b \u010distou vodu. Ud\u011blejte si \u010das na odpo\u010dinek na pl\u00e1\u017ei nebo si jd\u011bte osv\u011b\u017eit plav\u00e1n\u00ed.<\/p>\n<p>Pokra\u010dujte v pr\u016fzkumu k mystick\u00e9 jeskyni Taina, kde se p\u0159enesete do minulosti. Obdivujte p\u016fsobiv\u00e9 skaln\u00ed \u00fatvary a objevte starobyl\u00e9 jeskynn\u00ed malby, kter\u00e9 zobrazuj\u00ed historii prvn\u00edch obyvatel Dominik\u00e1nsk\u00e9 republiky.<\/p>\n<p>Pot\u00e9 nav\u0161t\u00edv\u00edte typick\u00fd dominik\u00e1nsk\u00fd d\u016fm, kter\u00fd v\u00e1m nab\u00eddne hlubok\u00fd kulturn\u00ed z\u00e1\u017eitek. P\u0159i komunikaci s obyvateli se sezn\u00e1m\u00edte s m\u00edstn\u00edmi tradicemi a zvyky a nahl\u00e9dnete do ka\u017edodenn\u00edho \u017eivota v regionu.<\/p>\n<div class=\"toggle-content__content toggle-content__content--expanded toggle-content__content--packable\" data-v-59485d64=\"\">\n<div data-test-id=\"activity-full-description-text\" data-v-5835c99c=\"\">Po dni pln\u00e9m dobrodru\u017estv\u00ed a objevov\u00e1n\u00ed se vr\u00e1t\u00edte do Punta Cany, kde v\u00e1s \u010dek\u00e1 odvoz do m\u00edsta ubytov\u00e1n\u00ed a vzpom\u00ednky na nezapomenutelnou cestu za p\u0159\u00edrodn\u00edmi kr\u00e1sami a kulturn\u00edm d\u011bdictv\u00edm Dominik\u00e1nsk\u00e9 republiky.<\/div>\n<\/div>\n<div class=\"toggle-content__label-placeholder\" data-v-59485d64=\"\"><\/div>\n<div data-v-59485d64=\"\"><\/div>","protected":false},"excerpt":{"rendered":"<div data-track=\"overview\" data-v-83a2b402=\"\">\n<section id=\"activity-overview\" class=\"activity-overview\" data-component=\"overview\" data-v-83a2b402=\"\" data-v-f3236c42=\"\">\n<p class=\"activity-overview__content\" data-test-id=\"activity-overview-content\" data-v-f3236c42=\"\">Za\u017eijte vzru\u0161uj\u00edc\u00ed v\u00fdlet buginou z Punta Cany, p\u0159i kter\u00e9m pozn\u00e1te \u00fa\u017easnou krajinu, Playa Macao, jeskyni Taina a m\u00edstn\u00ed d\u016fm.<\/p>\n<\/section>\n<\/div>\n<div data-track=\"key-details\" data-v-83a2b402=\"\"><\/div>","protected":false},"featured_media":15304,"template":"","meta":[],"product_brand":[],"product_cat":[97],"product_tag":[101,102],"class_list":{"0":"post-15099","1":"product","2":"type-product","3":"status-publish","4":"has-post-thumbnail","6":"product_cat-dominican-republic","7":"product_tag-excursion","8":"product_tag-tour","10":"first","11":"instock","12":"sale","13":"shipping-taxable","14":"product-type-external"},"_links":{"self":[{"href":"https:\/\/sabanadelamartours.com\/cs\/wp-json\/wp\/v2\/product\/15099","targetHints":{"allow":["GET"]}}],"collection":[{"href":"https:\/\/sabanadelamartours.com\/cs\/wp-json\/wp\/v2\/product"}],"about":[{"href":"https:\/\/sabanadelamartours.com\/cs\/wp-json\/wp\/v2\/types\/product"}],"version-history":[{"count":1,"href":"https:\/\/sabanadelamartours.com\/cs\/wp-json\/wp\/v2\/product\/15099\/revisions"}],"predecessor-version":[{"id":19078,"href":"https:\/\/sabanadelamartours.com\/cs\/wp-json\/wp\/v2\/product\/15099\/revisions\/19078"}],"wp:featuredmedia":[{"embeddable":true,"href":"https:\/\/sabanadelamartours.com\/cs\/wp-json\/wp\/v2\/media\/15304"}],"wp:attachment":[{"href":"https:\/\/sabanadelamartours.com\/cs\/wp-json\/wp\/v2\/media?parent=15099"}],"wp:term":[{"taxonomy":"product_brand","embeddable":true,"href":"https:\/\/sabanadelamartours.com\/cs\/wp-json\/wp\/v2\/product_brand?post=15099"},{"taxonomy":"product_cat","embeddable":true,"href":"https:\/\/sabanadelamartours.com\/cs\/wp-json\/wp\/v2\/product_cat?post=15099"},{"taxonomy":"product_tag","embeddable":true,"href":"https:\/\/sabanadelamartours.com\/cs\/wp-json\/wp\/v2\/product_tag?post=15099"}],"curies":[{"name":"wp","href":"https:\/\/api.w.org\/{rel}","templated":true}]}}