{"id":15134,"date":"2025-12-18T12:49:26","date_gmt":"2025-12-18T12:49:26","guid":{"rendered":"https:\/\/sabanadelamartours.com\/?post_type=product&#038;p=15134"},"modified":"2026-02-12T03:23:58","modified_gmt":"2026-02-12T03:23:58","slug":"-457","status":"publish","type":"product","link":"https:\/\/sabanadelamartours.com\/cs\/prohlidka\/-457\/","title":{"rendered":"Altos De Chav\u00f3n: P\u016fldenn\u00ed v\u00fdlet z Punta Cany"},"content":{"rendered":"<p>Vydejte se na obohacuj\u00edc\u00ed cestu do Altos de Chav\u00f3n, malebn\u00e9 vesni\u010dky zasazen\u00e9 do dominik\u00e1nsk\u00e9 krajiny. Va\u0161e dobrodru\u017estv\u00ed za\u010d\u00edn\u00e1 pohodlnou zp\u00e1te\u010dn\u00ed dopravou z Punta Cany, kter\u00e1 p\u0159iprav\u00ed p\u016fdu pro den pln\u00fd pozn\u00e1v\u00e1n\u00ed a objevov\u00e1n\u00ed.<\/p>\n<p>Po p\u0159\u00edjezdu v\u00e1s p\u0159iv\u00edtaj\u00ed p\u016fvabn\u00e9 dl\u00e1\u017ed\u011bn\u00e9 uli\u010dky a architektura m\u011bsta Altos de Chav\u00f3n inspirovan\u00e1 St\u0159edomo\u0159\u00edm. V doprovodu znal\u00e9ho pr\u016fvodce se vydejte na prohl\u00eddku t\u00e9to podmaniv\u00e9 vesnice, kde ka\u017ed\u00fd kout vypr\u00e1v\u00ed p\u0159\u00edb\u011bh z minul\u00fdch stalet\u00ed.<\/p>\n<p>Prvn\u00ed zast\u00e1vkou je ikonick\u00fd kostel Iglesia San Estanislao, kter\u00fd se py\u0161n\u00ed panoramatick\u00fdm v\u00fdhledem na okoln\u00ed krajinu. Zde se sezn\u00e1m\u00edte s histori\u00ed a v\u00fdznamem tohoto architektonick\u00e9ho skvostu op\u0159eden\u00e9ho dominik\u00e1nskou kulturou a tradic\u00ed.<\/p>\n<p>D\u00e1le se pono\u0159te do fascinuj\u00edc\u00edho sv\u011bta archeologie v Museo Arqueol\u00f3gico, kde starov\u011bk\u00e9 artefakty a expon\u00e1ty osv\u011btluj\u00ed kulturu domorod\u00fdch Tain\u016f a bohat\u00e9 d\u011bdictv\u00ed ostrova. Pono\u0159te se do minulosti a prozkoumejte sb\u00edrky muzea a odhalte tajemstv\u00ed dominik\u00e1nsk\u00e9 historie.<\/p>\n<p>Pokra\u010dujte v cest\u011b n\u00e1v\u0161t\u011bvou muzea Museo del \u00c1mbar y Larimar Dominicano, kde objev\u00edte jedine\u010dn\u00e9 geologick\u00e9 poklady, kter\u00e9 proslavily Dominik\u00e1nskou republiku. Sezn\u00e1m\u00edte se s t\u011b\u017ebou a \u0159emesln\u00fdm zpracov\u00e1n\u00edm jantaru a larimaru, dvou drah\u00fdch kamen\u016f, kter\u00e9 se vyskytuj\u00ed v\u00fdhradn\u011b v Karibiku.<\/p>\n<p>P\u0159i proch\u00e1zce po Altos de Chav\u00f3n si nenechte uj\u00edt p\u0159\u00edle\u017eitost obdivovat \u00fachvatn\u00fd v\u00fdhled z vyhl\u00eddky Mirador al R\u00edo Chav\u00f3n, kter\u00e1 nab\u00edz\u00ed panoramatick\u00fd v\u00fdhled na \u0159eku Chav\u00f3n vinouc\u00ed se bujnou krajinou pod v\u00e1mi.<\/p>\n<p>Poznejte kouzlo kulturn\u00ed sc\u00e9ny v Altos de Chav\u00f3n a nav\u0161tivte Anfiteatro, \u00fa\u017easn\u00fd amfite\u00e1tr, kter\u00fd hostil sv\u011btov\u011b proslul\u00e9 um\u011blce a interprety. Obdivujte architektonickou kr\u00e1su tohoto m\u00edsta pod \u0161ir\u00fdm nebem a p\u0159edstavte si \u017eiv\u00e9 koncerty a akce, kter\u00e9 se zde konaly.<\/p>\n<p>P\u0159ed ukon\u010den\u00edm prohl\u00eddky si ud\u011blejte \u010das na prohl\u00eddku m\u00edstn\u00edch obchod\u016f se suven\u00fdry, kde najdete jedine\u010dn\u00e9 suven\u00fdry a rukod\u011bln\u00e9 v\u00fdrobky na pam\u00e1tku va\u0161\u00ed n\u00e1v\u0161t\u011bvy Altos de Chav\u00f3n. Od ru\u010dn\u011b vyr\u00e1b\u011bn\u00e9 keramiky a\u017e po slo\u017eit\u011b tkan\u00e9 textilie - ka\u017ed\u00fd si zde najde n\u011bco, co ho pot\u011b\u0161\u00ed.<\/p>\n<p>Na konci dne se zamyslete nad kr\u00e1sami a histori\u00ed, kter\u00e9 jste b\u011bhem sv\u00e9ho pobytu v Altos de Chav\u00f3n za\u017eili. Nasedn\u011bte na dopravn\u00ed prost\u0159edek zp\u011bt do Punta Cany, plni vzpom\u00ednek na nezapomenutelnou cestu srdcem Dominik\u00e1nsk\u00e9 republiky.<\/p>","protected":false},"excerpt":{"rendered":"<div data-track=\"overview\" data-v-83a2b402=\"\">\n<section id=\"activity-overview\" class=\"activity-overview\" data-component=\"overview\" data-v-83a2b402=\"\" data-v-f3236c42=\"\">\n<p class=\"activity-overview__content\" data-test-id=\"activity-overview-content\" data-v-f3236c42=\"\">Prozkoumejte bohatou historii a \u00fachvatnou krajinu Altos de Chav\u00f3n p\u0159i prohl\u00eddk\u00e1ch pam\u00e1tek, muze\u00ed, vyhl\u00eddek a dal\u0161\u00edch zaj\u00edmav\u00fdch m\u00edst pod veden\u00edm odborn\u00edk\u016f.<\/p>\n<\/section>\n<\/div>\n<div data-track=\"key-details\" data-v-83a2b402=\"\"><\/div>","protected":false},"featured_media":15358,"template":"","meta":[],"product_brand":[],"product_cat":[97],"product_tag":[101,102],"class_list":{"0":"post-15134","1":"product","2":"type-product","3":"status-publish","4":"has-post-thumbnail","6":"product_cat-dominican-republic","7":"product_tag-excursion","8":"product_tag-tour","10":"first","11":"instock","12":"shipping-taxable","13":"product-type-external"},"_links":{"self":[{"href":"https:\/\/sabanadelamartours.com\/cs\/wp-json\/wp\/v2\/product\/15134","targetHints":{"allow":["GET"]}}],"collection":[{"href":"https:\/\/sabanadelamartours.com\/cs\/wp-json\/wp\/v2\/product"}],"about":[{"href":"https:\/\/sabanadelamartours.com\/cs\/wp-json\/wp\/v2\/types\/product"}],"version-history":[{"count":2,"href":"https:\/\/sabanadelamartours.com\/cs\/wp-json\/wp\/v2\/product\/15134\/revisions"}],"predecessor-version":[{"id":19086,"href":"https:\/\/sabanadelamartours.com\/cs\/wp-json\/wp\/v2\/product\/15134\/revisions\/19086"}],"wp:featuredmedia":[{"embeddable":true,"href":"https:\/\/sabanadelamartours.com\/cs\/wp-json\/wp\/v2\/media\/15358"}],"wp:attachment":[{"href":"https:\/\/sabanadelamartours.com\/cs\/wp-json\/wp\/v2\/media?parent=15134"}],"wp:term":[{"taxonomy":"product_brand","embeddable":true,"href":"https:\/\/sabanadelamartours.com\/cs\/wp-json\/wp\/v2\/product_brand?post=15134"},{"taxonomy":"product_cat","embeddable":true,"href":"https:\/\/sabanadelamartours.com\/cs\/wp-json\/wp\/v2\/product_cat?post=15134"},{"taxonomy":"product_tag","embeddable":true,"href":"https:\/\/sabanadelamartours.com\/cs\/wp-json\/wp\/v2\/product_tag?post=15134"}],"curies":[{"name":"wp","href":"https:\/\/api.w.org\/{rel}","templated":true}]}}