{"id":15176,"date":"2025-12-18T12:51:05","date_gmt":"2025-12-18T12:51:05","guid":{"rendered":"https:\/\/sabanadelamartours.com\/?post_type=product&#038;p=15176"},"modified":"2026-01-09T03:58:17","modified_gmt":"2026-01-09T03:58:17","slug":"-461","status":"publish","type":"product","link":"https:\/\/sabanadelamartours.com\/cs\/prohlidka\/-461\/","title":{"rendered":"Expedice 4 jeskyn\u011b Los Haitises a proch\u00e1zka de\u0161tn\u00fdm pralesem"},"content":{"rendered":"<p>N\u00e1rodn\u00ed park Los Haitises Tento v\u00fdlet bude zam\u011b\u0159en na expedici do jeskyn\u00ed a de\u0161tn\u00e9ho pralesa.<\/p>\n<p>N\u00e1rodn\u00ed park Los Haitises (jeho\u017e n\u00e1zev znamen\u00e1 v jazyce star\u00fdch Tain\u016f \u201cvysok\u00e1 zem\u011b\u201d nebo \u201chora\u201d) je jednou z nejv\u00fdznamn\u011bj\u0161\u00edch chr\u00e1n\u011bn\u00fdch p\u0159\u00edrodn\u00edch oblast\u00ed Dominik\u00e1nsk\u00e9 republiky. Rozkl\u00e1d\u00e1 se na plo\u0161e p\u0159ibli\u017en\u011b 1 600 km2, kter\u00e1 je sou\u010d\u00e1st\u00ed rozs\u00e1hl\u00e9ho krasov\u00e9ho syst\u00e9mu vznikl\u00e9ho p\u0159ed 50 miliony let, a zahrnuje bohatou mozaiku mo\u0159sk\u00fdch a suchozemsk\u00fdch ekosyst\u00e9m\u016f: \u00fast\u00ed \u0159ek, z\u00e1toky, z\u00e1livy, kl\u00edny a mogoty - zvl\u00e1\u0161tn\u00ed ku\u017eelovit\u00e9 skaln\u00ed \u00fatvary, kter\u00e9 jsou charakteristick\u00fdm rysem krajiny t\u00e9to oblasti -, stejn\u011b jako z\u00e1vrty, mangrovy atd. Jin\u00fdmi slovy, jedn\u00e1 se o obrovsk\u00fd park pln\u00fd p\u0159\u00edrodn\u00edch zaj\u00edmavost\u00ed, kde si m\u016f\u017eete u\u017e\u00edt jedine\u010dn\u00e1 dobrodru\u017estv\u00ed.<\/p>\n<p>Krom\u011b nesporn\u00e9ho bohatstv\u00ed je tento velk\u00fd n\u00e1rodn\u00ed park tak\u00e9 ide\u00e1ln\u00edm m\u00edstem pro objevov\u00e1n\u00ed bohat\u00e9ho (sou\u010dasn\u00e9ho i p\u0159edhisp\u00e1nsk\u00e9ho) kulturn\u00edho d\u011bdictv\u00ed Dominik\u00e1nsk\u00e9 republiky M\u00edsta jako Sabana de la Mar ukazuj\u00ed modern\u00ed kouzlo Dominik\u00e1nsk\u00e9 republiky, ale v t\u00e9m\u011b\u0159 100 jeskyn\u00edch rozeset\u00fdch po cel\u00e9m parku m\u016f\u017eete objevit nejv\u011bt\u0161\u00ed sb\u00edrku prehistorick\u00fdch maleb v zemi, neoceniteln\u00fd odkaz d\u00e1vn\u00fdch p\u0159edkolumbovsk\u00fdch civilizac\u00ed.<\/p>\n<p>Los Haitises nab\u00edz\u00ed nejr\u016fzn\u011bj\u0161\u00ed z\u00e1\u017eitky od nap\u00ednav\u00fdch dobrodru\u017estv\u00ed a\u017e po n\u00e1v\u0161t\u011bvy zam\u011b\u0159en\u00e9 na pozn\u00e1v\u00e1n\u00ed p\u0159\u00edrodn\u00edch kr\u00e1s oblasti nebo archeologick\u00fdch poklad\u016f. Samoz\u0159ejm\u011b si v\u017edy m\u016f\u017eete dop\u0159\u00e1t kombinaci v\u0161ech t\u011bchto mo\u017enost\u00ed, a tak mnohem l\u00e9pe poznat bohatstv\u00ed parku jako celku.<\/p>\n<p>Jedn\u00edm z rys\u016f krasov\u00e9 krajiny parku - v\u00e1pencov\u00fdch skal vypreparovan\u00fdch vodou - jsou jeskyn\u011b r\u016fzn\u00fdch velikost\u00ed, kter\u00e9 jsou jednou z hlavn\u00edch atrakc\u00ed Los Haiteses. N\u00e1v\u0161t\u011bvn\u00edky p\u0159itahuj\u00ed ze dvou d\u016fvod\u016f: jednak kv\u016fli sv\u00e9mu nesm\u00edrn\u00e9mu p\u0159\u00edrodn\u00edmu bohatstv\u00ed, jednak kv\u016fli kr\u00e1se skaln\u00edch \u00fatvar\u016f. Druh\u00fdm a mo\u017en\u00e1 je\u0161t\u011b d\u016fle\u017eit\u011bj\u0161\u00edm d\u016fvodem je, \u017ee v mnoha z t\u011bchto jeskyn\u00ed se nach\u00e1zej\u00ed \u00fa\u017easn\u00e9 sb\u00edrky piktogram\u016f a petroglyf\u016f, kter\u00e9 p\u0159ed stovkami (i tis\u00edci) let vytvo\u0159ili p\u016fvodn\u00ed obyvatel\u00e9 ostrova La Espa\u00f1ola. M\u00edsta jako jeskyn\u011b La Reyna, La Arena, San Gabriel, Willi a La L\u00ednea jsou skute\u010dn\u00fdmi galeriemi nesm\u00edrn\u011b p\u016fsobiv\u00fdch jeskynn\u00edch maleb, kter\u00e9 by si \u017e\u00e1dn\u00fd n\u00e1v\u0161t\u011bvn\u00edk nem\u011bl nechat uj\u00edt.<\/p>\n<p>N\u00e1rodn\u00ed park Los Haitises je otev\u0159en po cel\u00fd rok, ale pokud chcete b\u00fdt mimo\u0159\u00e1dn\u011b opatrn\u00ed, minimalizovat mo\u017enost de\u0161t\u011b a u\u017e\u00edt si m\u00e9n\u011b extr\u00e9mn\u00edch teplot, napl\u00e1nujte si n\u00e1v\u0161t\u011bvu na obdob\u00ed od listopadu do dubna. L\u00e9to je zde hork\u00e9 a vlhk\u00e9.<\/p>","protected":false},"excerpt":{"rendered":"<div data-track=\"overview\" data-v-83a2b402=\"\">\n<section id=\"activity-overview\" class=\"activity-overview\" data-component=\"overview\" data-v-83a2b402=\"\" data-v-f3236c42=\"\">\n<p class=\"activity-overview__content\" data-test-id=\"activity-overview-content\" data-v-f3236c42=\"\">N\u00e1v\u0161t\u011bva 4 jeskyn\u00ed v n\u00e1rodn\u00edm parku Los Haitises. Zam\u011b\u0159te se na kulturu Taino a divokou p\u0159\u00edrodu n\u00e1rodn\u00edho parku Los Haitises. Mangrovy, jeskyn\u011b a ostrovy.<\/p>\n<\/section>\n<\/div>\n<div data-track=\"key-details\" data-v-83a2b402=\"\"><\/div>","protected":false},"featured_media":15401,"template":"","meta":[],"product_brand":[],"product_cat":[97],"product_tag":[101,102],"class_list":{"0":"post-15176","1":"product","2":"type-product","3":"status-publish","4":"has-post-thumbnail","6":"product_cat-dominican-republic","7":"product_tag-excursion","8":"product_tag-tour","10":"first","11":"instock","12":"shipping-taxable","13":"product-type-external"},"_links":{"self":[{"href":"https:\/\/sabanadelamartours.com\/cs\/wp-json\/wp\/v2\/product\/15176","targetHints":{"allow":["GET"]}}],"collection":[{"href":"https:\/\/sabanadelamartours.com\/cs\/wp-json\/wp\/v2\/product"}],"about":[{"href":"https:\/\/sabanadelamartours.com\/cs\/wp-json\/wp\/v2\/types\/product"}],"version-history":[{"count":1,"href":"https:\/\/sabanadelamartours.com\/cs\/wp-json\/wp\/v2\/product\/15176\/revisions"}],"predecessor-version":[{"id":18678,"href":"https:\/\/sabanadelamartours.com\/cs\/wp-json\/wp\/v2\/product\/15176\/revisions\/18678"}],"wp:featuredmedia":[{"embeddable":true,"href":"https:\/\/sabanadelamartours.com\/cs\/wp-json\/wp\/v2\/media\/15401"}],"wp:attachment":[{"href":"https:\/\/sabanadelamartours.com\/cs\/wp-json\/wp\/v2\/media?parent=15176"}],"wp:term":[{"taxonomy":"product_brand","embeddable":true,"href":"https:\/\/sabanadelamartours.com\/cs\/wp-json\/wp\/v2\/product_brand?post=15176"},{"taxonomy":"product_cat","embeddable":true,"href":"https:\/\/sabanadelamartours.com\/cs\/wp-json\/wp\/v2\/product_cat?post=15176"},{"taxonomy":"product_tag","embeddable":true,"href":"https:\/\/sabanadelamartours.com\/cs\/wp-json\/wp\/v2\/product_tag?post=15176"}],"curies":[{"name":"wp","href":"https:\/\/api.w.org\/{rel}","templated":true}]}}