{"id":15204,"date":"2025-12-18T12:52:22","date_gmt":"2025-12-18T12:52:22","guid":{"rendered":"https:\/\/sabanadelamartours.com\/?post_type=product&#038;p=15204"},"modified":"2026-02-12T04:17:07","modified_gmt":"2026-02-12T04:17:07","slug":"-465","status":"publish","type":"product","link":"https:\/\/sabanadelamartours.com\/cs\/prohlidka\/-465\/","title":{"rendered":"VIP prohl\u00eddka m\u011bsta Puerto Plata soukrom\u00e1 a p\u0159izp\u016fsobiteln\u00e1."},"content":{"rendered":"<div class=\"toggle-content__content toggle-content__content--expanded toggle-content__content--packable\" data-v-59485d64=\"\">\n<div data-test-id=\"activity-full-description-text\" data-v-5835c99c=\"\">\u010cek\u00e1 v\u00e1s z\u00e1bava s dominik\u00e1nskou histori\u00ed, n\u00e1rodn\u00ed n\u00e1poje a vynikaj\u00edc\u00ed typick\u00fd ob\u011bd v cen\u011b, n\u00e1v\u0161t\u011bva pevnosti San Felipe postaven\u00e9 v roce 1577 na ochranu p\u0159\u00edstavu p\u0159ed pir\u00e1ty, n\u00e1v\u0161t\u011bva tov\u00e1rny na doutn\u00edky, muzea jantaru a larimaru, kde m\u016f\u017eete z\u00edskat informace o t\u011bchto starobyl\u00fdch kamenech. Budete m\u00edt mo\u017enost vid\u011bt ulici de\u0161tn\u00edk\u016f a slavnou r\u016f\u017eovou ulici na po\u010dest Do\u00f1a Blanca, ulici chichiguas, n\u00e1v\u0161t\u011bvu n\u00e1rodn\u00edho trhu, kde uvid\u00edte a vychutn\u00e1te si ka\u017edodenn\u00ed \u017eivot m\u00edstn\u00edch obyvatel. Nav\u0161t\u00edv\u00edte tak\u00e9 centr\u00e1ln\u00ed park obklopen\u00fd viktori\u00e1nsk\u00fdmi domy a katedr\u00e1lu San Felipe zalo\u017eenou v roce 1502. Krom\u011b m\u00edsta pro suven\u00fdry na d\u00e1rky a na pam\u00e1tku na va\u0161i n\u00e1v\u0161t\u011bvu, posledn\u00ed zast\u00e1vka na pl\u00e1\u017ei na pam\u00e1tku n\u00e1m umo\u017en\u00ed pono\u0159it se do kr\u00e1sn\u00fdch barev na\u0161eho m\u011bsta .<\/div>\n<\/div>\n<div class=\"toggle-content__label-placeholder\" data-v-59485d64=\"\"><\/div>","protected":false},"excerpt":{"rendered":"<div data-track=\"overview\" data-v-83a2b402=\"\">\n<section id=\"activity-overview\" class=\"activity-overview\" data-component=\"overview\" data-v-83a2b402=\"\" data-v-f3236c42=\"\">\n<p class=\"activity-overview__content\" data-test-id=\"activity-overview-content\" data-v-f3236c42=\"\">Sami si vyberete, kter\u00e1 m\u00edsta nav\u0161t\u00edv\u00edte, abyste si ka\u017edou zast\u00e1vku u\u017eili naplno. Sami si tak\u00e9 ur\u010d\u00edte \u010das za\u010d\u00e1tku, je to v\u00fdlet, p\u0159i kter\u00e9m pozn\u00e1te m\u011bsto a pro\u017eijete nezapomenuteln\u00e9 z\u00e1\u017eitky.<\/p>\n<\/section>\n<\/div>\n<div data-track=\"key-details\" data-v-83a2b402=\"\"><\/div>","protected":false},"featured_media":15437,"template":"","meta":[],"product_brand":[],"product_cat":[216],"product_tag":[101,102],"class_list":{"0":"post-15204","1":"product","2":"type-product","3":"status-publish","4":"has-post-thumbnail","6":"product_cat-dominican","7":"product_tag-excursion","8":"product_tag-tour","10":"first","11":"instock","12":"shipping-taxable","13":"product-type-external"},"_links":{"self":[{"href":"https:\/\/sabanadelamartours.com\/cs\/wp-json\/wp\/v2\/product\/15204","targetHints":{"allow":["GET"]}}],"collection":[{"href":"https:\/\/sabanadelamartours.com\/cs\/wp-json\/wp\/v2\/product"}],"about":[{"href":"https:\/\/sabanadelamartours.com\/cs\/wp-json\/wp\/v2\/types\/product"}],"version-history":[{"count":2,"href":"https:\/\/sabanadelamartours.com\/cs\/wp-json\/wp\/v2\/product\/15204\/revisions"}],"predecessor-version":[{"id":19092,"href":"https:\/\/sabanadelamartours.com\/cs\/wp-json\/wp\/v2\/product\/15204\/revisions\/19092"}],"wp:featuredmedia":[{"embeddable":true,"href":"https:\/\/sabanadelamartours.com\/cs\/wp-json\/wp\/v2\/media\/15437"}],"wp:attachment":[{"href":"https:\/\/sabanadelamartours.com\/cs\/wp-json\/wp\/v2\/media?parent=15204"}],"wp:term":[{"taxonomy":"product_brand","embeddable":true,"href":"https:\/\/sabanadelamartours.com\/cs\/wp-json\/wp\/v2\/product_brand?post=15204"},{"taxonomy":"product_cat","embeddable":true,"href":"https:\/\/sabanadelamartours.com\/cs\/wp-json\/wp\/v2\/product_cat?post=15204"},{"taxonomy":"product_tag","embeddable":true,"href":"https:\/\/sabanadelamartours.com\/cs\/wp-json\/wp\/v2\/product_tag?post=15204"}],"curies":[{"name":"wp","href":"https:\/\/api.w.org\/{rel}","templated":true}]}}