{"id":15480,"date":"2025-12-18T13:07:15","date_gmt":"2025-12-18T13:07:15","guid":{"rendered":"https:\/\/sabanadelamartours.com\/?post_type=product&#038;p=15480"},"modified":"2026-02-12T04:25:44","modified_gmt":"2026-02-12T04:25:44","slug":"-478","status":"publish","type":"product","link":"https:\/\/sabanadelamartours.com\/cs\/prohlidka\/-478\/","title":{"rendered":"Pot\u00e1p\u011bn\u00ed v Sosua Cabarete"},"content":{"rendered":"<p>Objevte kouzlo kor\u00e1lov\u00fdch zahrad v Sosuy b\u011bhem tohoto vzru\u0161uj\u00edc\u00edho hodinov\u00e9ho ponoru. Va\u0161e dobrodru\u017estv\u00ed za\u010d\u00edn\u00e1 kr\u00e1tkou p\u011btiminutovou plavbou lod\u00ed z pl\u00e1\u017ee, kter\u00e1 v\u00e1s doprav\u00ed na fascinuj\u00edc\u00ed m\u00edsto pot\u00e1p\u011bn\u00ed. Jakmile sestoup\u00edte do pr\u016fzra\u010dn\u00fdch, tepl\u00fdch vod, p\u0159iv\u00edt\u00e1 v\u00e1s ohromuj\u00edc\u00ed 30metrov\u00e1 st\u011bna zdoben\u00e1 \u017eiv\u00fdmi m\u011bkk\u00fdmi i tvrd\u00fdmi kor\u00e1ly. Proplujte podmanivou podmo\u0159skou krajinou plnou bi\u010d\u00edkat\u00fdch kor\u00e1l\u016f, praskaj\u00edc\u00edch kor\u00e1l\u016f, mo\u0159sk\u00fdch v\u011bj\u00ed\u0159\u016f a pl\u00ed\u0161k\u016f.<\/p>\n<p>Bez n\u00e1mahy se pono\u0159te pod\u00e9l kor\u00e1lov\u00e9 zahrady a obdivujte \u017eiv\u00e9 tropick\u00e9 ryby, kter\u00e9 se proh\u00e1n\u011bj\u00ed mezi kor\u00e1ly. Prozkoumejte fascinuj\u00edc\u00ed skaln\u00ed \u00fatvary, pr\u016frvy a jeskyn\u011b, kter\u00e9 va\u0161\u00ed podmo\u0159sk\u00e9 cest\u011b dodaj\u00ed vzru\u0161en\u00ed. M\u011bjte o\u010di na stopk\u00e1ch a pozorujte m\u00edstn\u00ed mo\u0159sk\u00fd \u017eivot - spat\u0159ete humry skr\u00fdvaj\u00edc\u00ed se ve \u0161t\u011brbin\u00e1ch, ladn\u00e9 \u017eelvy klouzaj\u00edc\u00ed kolem, nen\u00e1padn\u00e9 rejnoky odpo\u010d\u00edvaj\u00edc\u00ed na p\u00edse\u010dn\u00e9m dn\u011b a nepolapiteln\u00e9 \u00faho\u0159e vykukuj\u00edc\u00ed ze sv\u00fdch kor\u00e1lov\u00fdch domov\u016f.<\/p>\n<p>Kor\u00e1lov\u00e1 zahrada je spojena s pot\u00e1p\u011b\u010dskou lokalitou Three Rocks, kter\u00e1 nab\u00edz\u00ed je\u0161t\u011b v\u00edce mo\u017enost\u00ed k pozorov\u00e1n\u00ed a zkoum\u00e1n\u00ed. Zdej\u0161\u00ed \u017eiv\u00fd ekosyst\u00e9m je d\u016fkazem bohat\u00e9 biologick\u00e9 rozmanitosti podmo\u0159sk\u00e9ho sv\u011bta Dominik\u00e1nsk\u00e9 republiky. D\u00edky st\u00e1l\u00e9mu klimatu a celoro\u010dn\u011b dobr\u00e9mu po\u010das\u00ed slibuje toto pot\u00e1p\u011bn\u00ed st\u00e1lou viditelnost a p\u0159\u00edjemn\u00e9 podm\u00ednky, tak\u017ee je ide\u00e1ln\u00ed pro pot\u00e1p\u011b\u010de v\u0161ech \u00farovn\u00ed.<\/p>\n<div class=\"toggle-content__content toggle-content__content--expanded toggle-content__content--packable\" data-v-59485d64=\"\">\n<div data-test-id=\"activity-full-description-text\" data-v-5835c99c=\"\">Kor\u00e1lov\u00e9 zahrady v Sosuy okouzl\u00ed va\u0161e smysly a poskytnou v\u00e1m nezapomenuteln\u00fd z\u00e1\u017eitek z pot\u00e1p\u011bn\u00ed. Pono\u0159te se do dobrodru\u017estv\u00ed a bu\u010fte sv\u011bdky dechberouc\u00ed kr\u00e1sy jedn\u00e9 z nej\u00fa\u017easn\u011bj\u0161\u00edch podmo\u0159sk\u00fdch lokalit Karibiku.<\/div>\n<\/div>\n<div class=\"toggle-content__label-placeholder\" data-v-59485d64=\"\"><\/div>","protected":false},"excerpt":{"rendered":"<div data-track=\"overview\" data-v-83a2b402=\"\">\n<section id=\"activity-overview\" class=\"activity-overview\" data-component=\"overview\" data-v-83a2b402=\"\" data-v-f3236c42=\"\">\n<p class=\"activity-overview__content\" data-test-id=\"activity-overview-content\" data-v-f3236c42=\"\">Vydejte se na nezapomenuteln\u00fd hodinov\u00fd ponor do kor\u00e1lov\u00fdch zahrad v Sosuy. Pouh\u00fdch 5 minut j\u00edzdy lod\u00ed od pl\u00e1\u017ee m\u016f\u017eete prozkoumat \u017eiv\u00e9 kor\u00e1ly, exotick\u00e9 ryby a setkat se s mo\u0159sk\u00fdmi \u017eivo\u010dichy, jako jsou \u017eelvy a rejnoci.<\/p>\n<\/section>\n<\/div>\n<div data-track=\"key-details\" data-v-83a2b402=\"\"><\/div>","protected":false},"featured_media":15573,"template":"","meta":[],"product_brand":[],"product_cat":[97],"product_tag":[101,102],"class_list":{"0":"post-15480","1":"product","2":"type-product","3":"status-publish","4":"has-post-thumbnail","6":"product_cat-dominican-republic","7":"product_tag-excursion","8":"product_tag-tour","10":"first","11":"instock","12":"shipping-taxable","13":"product-type-external"},"_links":{"self":[{"href":"https:\/\/sabanadelamartours.com\/cs\/wp-json\/wp\/v2\/product\/15480","targetHints":{"allow":["GET"]}}],"collection":[{"href":"https:\/\/sabanadelamartours.com\/cs\/wp-json\/wp\/v2\/product"}],"about":[{"href":"https:\/\/sabanadelamartours.com\/cs\/wp-json\/wp\/v2\/types\/product"}],"version-history":[{"count":1,"href":"https:\/\/sabanadelamartours.com\/cs\/wp-json\/wp\/v2\/product\/15480\/revisions"}],"predecessor-version":[{"id":19102,"href":"https:\/\/sabanadelamartours.com\/cs\/wp-json\/wp\/v2\/product\/15480\/revisions\/19102"}],"wp:featuredmedia":[{"embeddable":true,"href":"https:\/\/sabanadelamartours.com\/cs\/wp-json\/wp\/v2\/media\/15573"}],"wp:attachment":[{"href":"https:\/\/sabanadelamartours.com\/cs\/wp-json\/wp\/v2\/media?parent=15480"}],"wp:term":[{"taxonomy":"product_brand","embeddable":true,"href":"https:\/\/sabanadelamartours.com\/cs\/wp-json\/wp\/v2\/product_brand?post=15480"},{"taxonomy":"product_cat","embeddable":true,"href":"https:\/\/sabanadelamartours.com\/cs\/wp-json\/wp\/v2\/product_cat?post=15480"},{"taxonomy":"product_tag","embeddable":true,"href":"https:\/\/sabanadelamartours.com\/cs\/wp-json\/wp\/v2\/product_tag?post=15480"}],"curies":[{"name":"wp","href":"https:\/\/api.w.org\/{rel}","templated":true}]}}