{"id":15482,"date":"2025-12-18T13:07:15","date_gmt":"2025-12-18T13:07:15","guid":{"rendered":"https:\/\/sabanadelamartours.com\/?post_type=product&#038;p=15482"},"modified":"2026-02-11T11:30:13","modified_gmt":"2026-02-11T11:30:13","slug":"-480","status":"publish","type":"product","link":"https:\/\/sabanadelamartours.com\/cs\/prohlidka\/-480\/","title":{"rendered":"Amber Cove-Taino Bay 7 Vodop\u00e1dy Damajaguas + m\u00edstn\u00ed potraviny."},"content":{"rendered":"<p>V\u00edtejte v Damajaguas, nej\u00fachvatn\u011bj\u0161\u00ed s\u00e9rii vodop\u00e1d\u016f a ka\u0148on\u016f v Puerto Plata. 7 vodop\u00e1d\u016f je pro celou rodinu. Po m\u00edrn\u00e9m 25minutov\u00e9m v\u00fd\u0161lapu \u00fa\u017easnou krajinou d\u017eungle se vyd\u00e1me zp\u011bt dol\u016f k \u0159ece, kde m\u016f\u017eete vyu\u017e\u00edt kapuce.<\/p>\n<p>Schody, skok, plav\u00e1n\u00ed a skluzavka p\u0159es kr\u00e1sn\u00e9 vodop\u00e1dy a p\u0159\u00edrodn\u00ed \u0159\u00ed\u010dn\u00ed t\u016fn\u011b. U\u017eijete si tak\u00e9 na\u0161e p\u016fvodn\u00ed druhy rostlin, uvid\u00edte n\u011bkter\u00e9 m\u00edstn\u00ed stromy a prozkoum\u00e1te na\u0161i tropickou d\u017eungli.<\/p>\n<p>Prohl\u00eddku zakon\u010d\u00edme lahodn\u00fdm autentick\u00fdm dominik\u00e1nsk\u00fdm ob\u011bdem a prohl\u00eddkou v\u00fdrobny limon\u00e1d, piva a \u010dokol\u00e1dy.<\/p>","protected":false},"excerpt":{"rendered":"<div data-track=\"overview\" data-v-83a2b402=\"\">\n<section id=\"activity-overview\" class=\"activity-overview\" data-component=\"overview\" data-v-83a2b402=\"\" data-v-f3236c42=\"\">\n<p class=\"activity-overview__content\" data-test-id=\"activity-overview-content\" data-v-f3236c42=\"\">Prozkoumejte na\u0161i tropickou d\u017eungli Za\u017eijte na\u0161e \u00fa\u017easn\u00e9 vodop\u00e1dy U\u017eijte si prohl\u00eddku se skoky a skluzavkami<\/p>\n<\/section>\n<\/div>\n<div data-track=\"key-details\" data-v-83a2b402=\"\"><\/div>","protected":false},"featured_media":14330,"template":"","meta":[],"product_brand":[],"product_cat":[97],"product_tag":[101,102],"class_list":{"0":"post-15482","1":"product","2":"type-product","3":"status-publish","4":"has-post-thumbnail","6":"product_cat-dominican-republic","7":"product_tag-excursion","8":"product_tag-tour","10":"first","11":"instock","12":"shipping-taxable","13":"product-type-external"},"_links":{"self":[{"href":"https:\/\/sabanadelamartours.com\/cs\/wp-json\/wp\/v2\/product\/15482","targetHints":{"allow":["GET"]}}],"collection":[{"href":"https:\/\/sabanadelamartours.com\/cs\/wp-json\/wp\/v2\/product"}],"about":[{"href":"https:\/\/sabanadelamartours.com\/cs\/wp-json\/wp\/v2\/types\/product"}],"version-history":[{"count":1,"href":"https:\/\/sabanadelamartours.com\/cs\/wp-json\/wp\/v2\/product\/15482\/revisions"}],"predecessor-version":[{"id":19009,"href":"https:\/\/sabanadelamartours.com\/cs\/wp-json\/wp\/v2\/product\/15482\/revisions\/19009"}],"wp:featuredmedia":[{"embeddable":true,"href":"https:\/\/sabanadelamartours.com\/cs\/wp-json\/wp\/v2\/media\/14330"}],"wp:attachment":[{"href":"https:\/\/sabanadelamartours.com\/cs\/wp-json\/wp\/v2\/media?parent=15482"}],"wp:term":[{"taxonomy":"product_brand","embeddable":true,"href":"https:\/\/sabanadelamartours.com\/cs\/wp-json\/wp\/v2\/product_brand?post=15482"},{"taxonomy":"product_cat","embeddable":true,"href":"https:\/\/sabanadelamartours.com\/cs\/wp-json\/wp\/v2\/product_cat?post=15482"},{"taxonomy":"product_tag","embeddable":true,"href":"https:\/\/sabanadelamartours.com\/cs\/wp-json\/wp\/v2\/product_tag?post=15482"}],"curies":[{"name":"wp","href":"https:\/\/api.w.org\/{rel}","templated":true}]}}