{"id":15572,"date":"2025-12-18T13:11:26","date_gmt":"2025-12-18T13:11:26","guid":{"rendered":"https:\/\/sabanadelamartours.com\/?post_type=product&#038;p=15572"},"modified":"2026-02-11T11:36:00","modified_gmt":"2026-02-11T11:36:00","slug":"-493","status":"publish","type":"product","link":"https:\/\/sabanadelamartours.com\/cs\/prohlidka\/-493\/","title":{"rendered":"Zipline Monta\u00f1a Redonda Tour"},"content":{"rendered":"<p>P\u0159ipravte se na zcela revolu\u010dn\u00ed a elektrizuj\u00edc\u00ed z\u00e1\u017eitek z Monta\u00f1a Redonda! Na\u0161e vzru\u0161uj\u00edc\u00ed t\u00fara po zipline v\u00e1s zve na nev\u00eddan\u00e9 vzdu\u0161n\u00e9 dobrodru\u017estv\u00ed, kde se z\u00e1vra\u0165 a kr\u00e1sa krajiny spoj\u00ed v nezapomenuteln\u00fd z\u00e1\u017eitek. A\u017e budete plnou rychlost\u00ed plachtit po obloze, obklop\u00ed v\u00e1s dechberouc\u00ed panoramatick\u00e9 v\u00fdhledy, kter\u00e9 zachycuj\u00ed \u010distou podstatu p\u0159\u00edrody v jej\u00ed nejkr\u00e1sn\u011bj\u0161\u00ed podob\u011b. Ze z\u00e1vratn\u00fdch v\u00fd\u0161ek budete pozorovat mozaiku intenzivn\u00ed zelen\u011b, majest\u00e1tn\u00ed hory a nekone\u010dn\u00fd obzor rozprost\u00edraj\u00edc\u00ed se pod va\u0161ima nohama, kter\u00fd v\u00e1m nab\u00eddne vizu\u00e1ln\u00ed pod\u00edvanou, p\u0159i n\u00ed\u017e se v\u00e1m zataj\u00ed dech.<\/p>\n<p>Tato cesta je mnohem v\u00edc ne\u017e pouh\u00e1 proj\u00ed\u017e\u010fka; je to v\u00fdzva k p\u0159ekon\u00e1n\u00ed va\u0161ich limit\u016f, k poc\u00edt\u011bn\u00ed adrenalinu, kter\u00fd v\u00e1m koluje v \u017eil\u00e1ch, zat\u00edmco se pono\u0159\u00edte do klidu okoln\u00ed p\u0159\u00edrody. Na\u0161e zipline t\u00fara, pe\u010dliv\u011b navr\u017een\u00e1 pro dobrodruhy v\u0161ech v\u011bkov\u00fdch kategori\u00ed, nerozli\u0161uje mezi nad\u0161en\u00fdmi mlad\u00edky a dobrodru\u017en\u00fdmi du\u0161emi s dlouholet\u00fdmi zku\u0161enostmi; ka\u017ed\u00fd si zde najde sv\u00e9 vlastn\u00ed tempo a zp\u016fsob, jak se spojit s p\u0159\u00edrodou. A\u0165 u\u017e hled\u00e1te vzru\u0161en\u00ed z rychlosti, chcete p\u0159ekonat strach z v\u00fd\u0161ek, nebo jen tou\u017e\u00edte obdivovat krajinu jako z pohlednice, tato t\u00fara slibuje, \u017ee v\u00e1m poskytne v\u0161e a je\u0161t\u011b v\u00edce.<\/p>","protected":false},"excerpt":{"rendered":"<div data-track=\"overview\" data-v-83a2b402=\"\">\n<section id=\"activity-overview\" class=\"activity-overview\" data-component=\"overview\" data-v-83a2b402=\"\" data-v-f3236c42=\"\">\n<p class=\"activity-overview__content\" data-test-id=\"activity-overview-content\" data-v-f3236c42=\"\">P\u0159ipravte se na zcela revolu\u010dn\u00ed a elektrizuj\u00edc\u00ed z\u00e1\u017eitek z Monta\u00f1a Redonda! N\u00e1\u0161 vzru\u0161uj\u00edc\u00ed v\u00fdlet po zipline v\u00e1s zve na nev\u00eddan\u00e9 vzdu\u0161n\u00e9 dobrodru\u017estv\u00ed.<\/p>\n<\/section>\n<\/div>\n<div data-track=\"key-details\" data-v-83a2b402=\"\"><\/div>","protected":false},"featured_media":14413,"template":"","meta":[],"product_brand":[],"product_cat":[97],"product_tag":[101,102],"class_list":{"0":"post-15572","1":"product","2":"type-product","3":"status-publish","4":"has-post-thumbnail","6":"product_cat-dominican-republic","7":"product_tag-excursion","8":"product_tag-tour","10":"first","11":"instock","12":"shipping-taxable","13":"product-type-external"},"_links":{"self":[{"href":"https:\/\/sabanadelamartours.com\/cs\/wp-json\/wp\/v2\/product\/15572","targetHints":{"allow":["GET"]}}],"collection":[{"href":"https:\/\/sabanadelamartours.com\/cs\/wp-json\/wp\/v2\/product"}],"about":[{"href":"https:\/\/sabanadelamartours.com\/cs\/wp-json\/wp\/v2\/types\/product"}],"version-history":[{"count":1,"href":"https:\/\/sabanadelamartours.com\/cs\/wp-json\/wp\/v2\/product\/15572\/revisions"}],"predecessor-version":[{"id":19015,"href":"https:\/\/sabanadelamartours.com\/cs\/wp-json\/wp\/v2\/product\/15572\/revisions\/19015"}],"wp:featuredmedia":[{"embeddable":true,"href":"https:\/\/sabanadelamartours.com\/cs\/wp-json\/wp\/v2\/media\/14413"}],"wp:attachment":[{"href":"https:\/\/sabanadelamartours.com\/cs\/wp-json\/wp\/v2\/media?parent=15572"}],"wp:term":[{"taxonomy":"product_brand","embeddable":true,"href":"https:\/\/sabanadelamartours.com\/cs\/wp-json\/wp\/v2\/product_brand?post=15572"},{"taxonomy":"product_cat","embeddable":true,"href":"https:\/\/sabanadelamartours.com\/cs\/wp-json\/wp\/v2\/product_cat?post=15572"},{"taxonomy":"product_tag","embeddable":true,"href":"https:\/\/sabanadelamartours.com\/cs\/wp-json\/wp\/v2\/product_tag?post=15572"}],"curies":[{"name":"wp","href":"https:\/\/api.w.org\/{rel}","templated":true}]}}