{"id":15597,"date":"2025-12-18T13:12:55","date_gmt":"2025-12-18T13:12:55","guid":{"rendered":"https:\/\/sabanadelamartours.com\/?post_type=product&#038;p=15597"},"modified":"2026-01-09T04:25:35","modified_gmt":"2026-01-09T04:25:35","slug":"-499","status":"publish","type":"product","link":"https:\/\/sabanadelamartours.com\/cs\/prohlidka\/-499\/","title":{"rendered":"Celodenn\u00ed \u0161norchlov\u00e1n\u00ed na ostrov\u011b Catalina"},"content":{"rendered":"<p>celodenn\u00ed z\u00e1bavu na slunci na ostrov\u011b Catalina a objevte nejkr\u00e1sn\u011bj\u0161\u00ed podmo\u0159sk\u00fd ekosyst\u00e9m Dominik\u00e1nsk\u00e9 republiky.<\/p>\n<p>Kolem 10:00 vyraz\u00edme z p\u0159\u00edstavu na v\u00fdchodn\u00ed stranu ostrova Catalina, abychom \u0161norchlovali v tyrkysov\u00fdch vod\u00e1ch \u201cThe Wall\u201d, kter\u00e9 nab\u00edzej\u00ed vynikaj\u00edc\u00ed viditelnost pro pozorov\u00e1n\u00ed bohat\u00e9ho podmo\u0159sk\u00e9ho \u017eivota v Karibsk\u00e9m mo\u0159i. T\u00fdm dobrodruh\u016f v\u00e1m bude k dispozici, aby v\u00e1m pomohl s vybaven\u00edm pro \u0161norchlov\u00e1n\u00ed.<\/p>\n<p>Na palub\u011b lodi se budeme kochat kr\u00e1sn\u00fdmi v\u00fdhledy na n\u00e1rodn\u00ed park Cotubanama a zastav\u00edme se u jednoho z kor\u00e1lov\u00fdch \u00fates\u016f, kde budeme \u0161norchlovat v k\u0159i\u0161\u0165\u00e1lov\u011b \u010dist\u00e9 vod\u011b. Budete moci pozorovat tropick\u00e9 ryby, \u0159asy a spoustu dal\u0161\u00edch mo\u0159sk\u00fdch \u017eivo\u010dich\u016f.<\/p>\n<p>Pot\u00e9 se vydejte na pl\u00e1\u017e na z\u00e1padn\u00ed stran\u011b ostrova a najd\u011bte ide\u00e1ln\u00ed m\u00edsto pro zbytek odpoledne. Vyhl\u00e1\u0161en\u00fd \u0161\u00e9fkucha\u0159 ostrova Catalina pro v\u00e1s bude m\u00edt pln\u00e9 ruce pr\u00e1ce s p\u0159\u00edpravou neuv\u011b\u0159iteln\u00e9 dominik\u00e1nsk\u00e9 hostiny, kter\u00e1 se bude pod\u00e1vat kolem 13:00. T\u011b\u0161it se m\u016f\u017eete na porce grilovan\u00e9ho vep\u0159ov\u00e9ho a ku\u0159ec\u00edho masa, ale tak\u00e9 na bohat\u00e9 sal\u00e1ty, t\u011bstoviny a m\u00edstn\u00ed ovoce. Ti, kte\u0159\u00ed vyu\u017eij\u00ed VIP bal\u00ed\u010dek, dostanou porci grilovan\u00e9ho humra pod\u00e1vanou se sklenkou studen\u00e9ho b\u00edl\u00e9ho v\u00edna.<\/p>\n<div class=\"toggle-content__content toggle-content__content--expanded toggle-content__content--packable\" data-v-59485d64=\"\">\n<div data-test-id=\"activity-full-description-text\" data-v-5835c99c=\"\">Zbytek odpoledne m\u016f\u017eete v\u011bnovat voln\u00e9mu prozkoum\u00e1v\u00e1n\u00ed ostrova. Projd\u011bte se po b\u00edl\u00fdch p\u00edse\u010dn\u00fdch pl\u00e1\u017e\u00edch nebo odpo\u010d\u00edvejte pod palmami a poslouchejte, jak se vlny t\u0159\u00ed\u0161t\u00ed o pob\u0159e\u017e\u00ed. Pl\u00e1\u017eov\u00fd bar je pe\u010dliv\u011b um\u00edst\u011bn tak, abyste mohli nas\u00e1vat chladiv\u00fd v\u00e1nek oce\u00e1nu a z\u00e1rove\u0148 ochutnat v\u00fdb\u011br osv\u011b\u017euj\u00edc\u00edch alkoholick\u00fdch i nealkoholick\u00fdch n\u00e1poj\u016f.<\/div>\n<\/div>\n<div class=\"toggle-content__label-placeholder\" data-v-59485d64=\"\"><\/div>","protected":false},"excerpt":{"rendered":"<div data-track=\"overview\" data-v-83a2b402=\"\">\n<section id=\"activity-overview\" class=\"activity-overview\" data-component=\"overview\" data-v-83a2b402=\"\" data-v-f3236c42=\"\">\n<p class=\"activity-overview__content\" data-test-id=\"activity-overview-content\" data-v-f3236c42=\"\">Okouzluj\u00edc\u00ed tyrkysov\u00e9 mo\u0159e, tepl\u00e9 pl\u00e1\u017ee s b\u00edl\u00fdm p\u00edskem a pohupuj\u00edc\u00ed se palmy: v\u00edtejte na ostrov\u011b Catalina. Objevte r\u00e1j na tomto v\u00fdlet\u011b lod\u00ed. \u0160norchlujte v nejkr\u00e1sn\u011bj\u0161\u00edch podmo\u0159sk\u00fdch ekosyst\u00e9mech.<\/p>\n<\/section>\n<\/div>\n<div data-track=\"key-details\" data-v-83a2b402=\"\"><\/div>","protected":false},"featured_media":15773,"template":"","meta":[],"product_brand":[],"product_cat":[97],"product_tag":[101,102],"class_list":{"0":"post-15597","1":"product","2":"type-product","3":"status-publish","4":"has-post-thumbnail","6":"product_cat-dominican-republic","7":"product_tag-excursion","8":"product_tag-tour","10":"first","11":"instock","12":"shipping-taxable","13":"product-type-external"},"_links":{"self":[{"href":"https:\/\/sabanadelamartours.com\/cs\/wp-json\/wp\/v2\/product\/15597","targetHints":{"allow":["GET"]}}],"collection":[{"href":"https:\/\/sabanadelamartours.com\/cs\/wp-json\/wp\/v2\/product"}],"about":[{"href":"https:\/\/sabanadelamartours.com\/cs\/wp-json\/wp\/v2\/types\/product"}],"version-history":[{"count":1,"href":"https:\/\/sabanadelamartours.com\/cs\/wp-json\/wp\/v2\/product\/15597\/revisions"}],"predecessor-version":[{"id":18697,"href":"https:\/\/sabanadelamartours.com\/cs\/wp-json\/wp\/v2\/product\/15597\/revisions\/18697"}],"wp:featuredmedia":[{"embeddable":true,"href":"https:\/\/sabanadelamartours.com\/cs\/wp-json\/wp\/v2\/media\/15773"}],"wp:attachment":[{"href":"https:\/\/sabanadelamartours.com\/cs\/wp-json\/wp\/v2\/media?parent=15597"}],"wp:term":[{"taxonomy":"product_brand","embeddable":true,"href":"https:\/\/sabanadelamartours.com\/cs\/wp-json\/wp\/v2\/product_brand?post=15597"},{"taxonomy":"product_cat","embeddable":true,"href":"https:\/\/sabanadelamartours.com\/cs\/wp-json\/wp\/v2\/product_cat?post=15597"},{"taxonomy":"product_tag","embeddable":true,"href":"https:\/\/sabanadelamartours.com\/cs\/wp-json\/wp\/v2\/product_tag?post=15597"}],"curies":[{"name":"wp","href":"https:\/\/api.w.org\/{rel}","templated":true}]}}