{"id":15621,"date":"2025-12-18T13:13:49","date_gmt":"2025-12-18T13:13:49","guid":{"rendered":"https:\/\/sabanadelamartours.com\/?post_type=product&#038;p=15621"},"modified":"2026-01-09T04:31:04","modified_gmt":"2026-01-09T04:31:04","slug":"-503","status":"publish","type":"product","link":"https:\/\/sabanadelamartours.com\/cs\/prohlidka\/-503\/","title":{"rendered":"Punta Cana: Lekce surfov\u00e1n\u00ed na pl\u00e1\u017ei Macao: jeden na jednoho"},"content":{"rendered":"<p>Objevte radost ze surfov\u00e1n\u00ed na t\u00e9to lekci surfov\u00e1n\u00ed na b\u00edl\u00e9m p\u00edsku a v pr\u016fzra\u010dn\u00e9 vod\u011b n\u00e1dhern\u00e9 pl\u00e1\u017ee Macao. Vychutnejte si pohodl\u00ed zp\u00e1te\u010dn\u00edho transferu mezi va\u0161imi ubytovac\u00edmi za\u0159\u00edzen\u00edmi v Punta Can\u011b.<\/p>\n<p>Vyzvednut\u00ed z pohodl\u00ed va\u0161eho ubytov\u00e1n\u00ed v Punta Can\u011b. B\u011bhem cesty na pl\u00e1\u017e Macao se pohodln\u011b usa\u010fte a kochejte se krajinou. Vyrazte na pl\u00e1\u017e a za\u010dn\u011bte instrukt\u00e1\u017e\u00ed o bezpe\u010dnosti ve vod\u011b. Z\u00edskejte d\u016fv\u011bru d\u00edky instrukt\u00e1\u017ei a n\u00e1cviku na suchu.<\/p>\n<p>Vyzkou\u0161ejte si sv\u00e9 nov\u00e9 dovednosti a pono\u0159te se do tyrkysov\u00fdch vod. Svezte se na vln\u00e1ch a procvi\u010dte si sv\u016fj tah. Rychle pokro\u010d\u00edte d\u00edky snadn\u00fdm a praktick\u00fdm instrukc\u00edm. M\u011bjte k dispozici ve\u0161ker\u00e9 vybaven\u00ed, kter\u00e9 k surfov\u00e1n\u00ed pot\u0159ebujete, v\u010detn\u011b chr\u00e1ni\u010de proti vyr\u00e1\u017ece.<\/p>\n<p>Objednejte si lekci surfov\u00e1n\u00ed, kterou lze p\u0159izp\u016fsobit v\u0161em \u00farovn\u00edm dovednost\u00ed. Po skon\u010den\u00ed lekce se vra\u0165te do sv\u00e9ho ubytov\u00e1n\u00ed v Punta Can\u011b.<\/p>","protected":false},"excerpt":{"rendered":"<div data-track=\"overview\" data-v-83a2b402=\"\">\n<section id=\"activity-overview\" class=\"activity-overview\" data-component=\"overview\" data-v-83a2b402=\"\" data-v-f3236c42=\"\">\n<p class=\"activity-overview__content\" data-test-id=\"activity-overview-content\" data-v-f3236c42=\"\">V r\u00e1mci tohoto z\u00e1jezdu, kter\u00fd zahrnuje transfer z va\u0161eho ubytov\u00e1n\u00ed v Punta Can\u011b, si u\u017eijete 2 hodiny praktick\u00e9 v\u00fduky surfov\u00e1n\u00ed na pl\u00e1\u017ei Macao. Nau\u010dte se surfovat s kvalitn\u00edm surfa\u0159sk\u00fdm vybaven\u00edm.<\/p>\n<\/section>\n<\/div>\n<div data-track=\"key-details\" data-v-83a2b402=\"\"><\/div>","protected":false},"featured_media":15798,"template":"","meta":[],"product_brand":[],"product_cat":[97],"product_tag":[101,102],"class_list":{"0":"post-15621","1":"product","2":"type-product","3":"status-publish","4":"has-post-thumbnail","6":"product_cat-dominican-republic","7":"product_tag-excursion","8":"product_tag-tour","10":"first","11":"instock","12":"shipping-taxable","13":"product-type-external"},"_links":{"self":[{"href":"https:\/\/sabanadelamartours.com\/cs\/wp-json\/wp\/v2\/product\/15621","targetHints":{"allow":["GET"]}}],"collection":[{"href":"https:\/\/sabanadelamartours.com\/cs\/wp-json\/wp\/v2\/product"}],"about":[{"href":"https:\/\/sabanadelamartours.com\/cs\/wp-json\/wp\/v2\/types\/product"}],"version-history":[{"count":1,"href":"https:\/\/sabanadelamartours.com\/cs\/wp-json\/wp\/v2\/product\/15621\/revisions"}],"predecessor-version":[{"id":18700,"href":"https:\/\/sabanadelamartours.com\/cs\/wp-json\/wp\/v2\/product\/15621\/revisions\/18700"}],"wp:featuredmedia":[{"embeddable":true,"href":"https:\/\/sabanadelamartours.com\/cs\/wp-json\/wp\/v2\/media\/15798"}],"wp:attachment":[{"href":"https:\/\/sabanadelamartours.com\/cs\/wp-json\/wp\/v2\/media?parent=15621"}],"wp:term":[{"taxonomy":"product_brand","embeddable":true,"href":"https:\/\/sabanadelamartours.com\/cs\/wp-json\/wp\/v2\/product_brand?post=15621"},{"taxonomy":"product_cat","embeddable":true,"href":"https:\/\/sabanadelamartours.com\/cs\/wp-json\/wp\/v2\/product_cat?post=15621"},{"taxonomy":"product_tag","embeddable":true,"href":"https:\/\/sabanadelamartours.com\/cs\/wp-json\/wp\/v2\/product_tag?post=15621"}],"curies":[{"name":"wp","href":"https:\/\/api.w.org\/{rel}","templated":true}]}}