{"id":15664,"date":"2025-12-18T13:15:31","date_gmt":"2025-12-18T13:15:31","guid":{"rendered":"https:\/\/sabanadelamartours.com\/?post_type=product&#038;p=15664"},"modified":"2026-02-14T02:30:36","modified_gmt":"2026-02-14T02:30:36","slug":"-506","status":"publish","type":"product","link":"https:\/\/sabanadelamartours.com\/cs\/prohlidka\/-506\/","title":{"rendered":"Leti\u0161t\u011b Santo Domingo: Soukrom\u00fd transfer do\/z centra m\u011bsta"},"content":{"rendered":"<p>U\u017eijte si pohodln\u00fd soukrom\u00fd transfer z leti\u0161t\u011b Santo Domingo do centra Santo Dominga nebo naopak. Vyhn\u011bte se nep\u0159\u00edjemnostem ve front\u00e1ch na taxi a odpo\u010d\u00edvejte v klimatizovan\u00e9m pohodl\u00ed b\u011bhem cesty do c\u00edle.<\/p>\n<p>P\u0159i p\u0159\u00edletov\u00e9m transferu na v\u00e1s \u0159idi\u010d bude \u010dekat v p\u0159\u00edletov\u00e9 hale se jmenovkou. Cestou k vozidlu v\u00e1m pom\u016f\u017ee se zavazadly a pak se pohodln\u011b usa\u010fte na cestu do hotelu.<\/p>\n<p>V p\u0159\u00edpad\u011b transferu p\u0159i odletu se setk\u00e1te s \u0159idi\u010dem u sv\u00e9ho ubytov\u00e1n\u00ed a u\u017eijete si bezprobl\u00e9mov\u00fd transfer v\u010das p\u0159ed odletem.<\/p>\n<div class=\"toggle-content__content toggle-content__content--expanded toggle-content__content--packable\" data-v-59485d64=\"\">\n<div data-test-id=\"activity-full-description-text\" data-v-5835c99c=\"\">Nev\u00e1hejte se p\u0159edem zeptat na dal\u0161\u00ed upevn\u011bn\u00ed sportovn\u00edho a jin\u00e9ho vybaven\u00ed a informujte poskytovatele aktivit, pokud pot\u0159ebujete d\u011btsk\u00e9 seda\u010dky.<\/div>\n<\/div>\n<div class=\"toggle-content__label-placeholder\" data-v-59485d64=\"\"><\/div>","protected":false},"excerpt":{"rendered":"<div data-track=\"overview\" data-v-83a2b402=\"\">\n<section id=\"activity-overview\" class=\"activity-overview\" data-component=\"overview\" data-v-83a2b402=\"\" data-v-f3236c42=\"\">\n<p class=\"activity-overview__content\" data-test-id=\"activity-overview-content\" data-v-f3236c42=\"\">Rezervujte si soukrom\u00fd transfer z leti\u0161t\u011b Santo Domingo (SDQ) do\/z Santo Dominga. Cestujte bezpe\u010dn\u011b v klimatizovan\u00e9m vozidle s profesion\u00e1ln\u00edm \u0159idi\u010dem.<\/p>\n<\/section>\n<\/div>\n<div data-track=\"key-details\" data-v-83a2b402=\"\"><\/div>","protected":false},"featured_media":15837,"template":"","meta":[],"product_brand":[],"product_cat":[97],"product_tag":[101,102],"class_list":{"0":"post-15664","1":"product","2":"type-product","3":"status-publish","4":"has-post-thumbnail","6":"product_cat-dominican-republic","7":"product_tag-excursion","8":"product_tag-tour","10":"first","11":"instock","12":"shipping-taxable","13":"product-type-external"},"_links":{"self":[{"href":"https:\/\/sabanadelamartours.com\/cs\/wp-json\/wp\/v2\/product\/15664","targetHints":{"allow":["GET"]}}],"collection":[{"href":"https:\/\/sabanadelamartours.com\/cs\/wp-json\/wp\/v2\/product"}],"about":[{"href":"https:\/\/sabanadelamartours.com\/cs\/wp-json\/wp\/v2\/types\/product"}],"version-history":[{"count":1,"href":"https:\/\/sabanadelamartours.com\/cs\/wp-json\/wp\/v2\/product\/15664\/revisions"}],"predecessor-version":[{"id":19157,"href":"https:\/\/sabanadelamartours.com\/cs\/wp-json\/wp\/v2\/product\/15664\/revisions\/19157"}],"wp:featuredmedia":[{"embeddable":true,"href":"https:\/\/sabanadelamartours.com\/cs\/wp-json\/wp\/v2\/media\/15837"}],"wp:attachment":[{"href":"https:\/\/sabanadelamartours.com\/cs\/wp-json\/wp\/v2\/media?parent=15664"}],"wp:term":[{"taxonomy":"product_brand","embeddable":true,"href":"https:\/\/sabanadelamartours.com\/cs\/wp-json\/wp\/v2\/product_brand?post=15664"},{"taxonomy":"product_cat","embeddable":true,"href":"https:\/\/sabanadelamartours.com\/cs\/wp-json\/wp\/v2\/product_cat?post=15664"},{"taxonomy":"product_tag","embeddable":true,"href":"https:\/\/sabanadelamartours.com\/cs\/wp-json\/wp\/v2\/product_tag?post=15664"}],"curies":[{"name":"wp","href":"https:\/\/api.w.org\/{rel}","templated":true}]}}