{"id":15711,"date":"2025-12-18T13:17:39","date_gmt":"2025-12-18T13:17:39","guid":{"rendered":"https:\/\/sabanadelamartours.com\/?post_type=product&#038;p=15711"},"modified":"2026-01-09T05:14:26","modified_gmt":"2026-01-09T05:14:26","slug":"-513","status":"publish","type":"product","link":"https:\/\/sabanadelamartours.com\/cs\/prohlidka\/-513\/","title":{"rendered":"Celodenn\u00ed safari dobrodru\u017estv\u00ed v p\u0159\u00edrod\u011b v Punta Can\u011b"},"content":{"rendered":"<p>Vyzvedneme v\u00e1s v na\u0161em Safari voze u va\u0161eho hotelu a vyd\u00e1me se na kr\u00e1snou prohl\u00eddku na\u0161ich pol\u00ed.<\/p>\n<p>Nav\u0161t\u00edv\u00edme n\u00e1dhern\u00fd typick\u00fd d\u016fm, kde v\u00e1s nau\u010d\u00ed vyr\u00e1b\u011bt p\u0159\u00edrodn\u00ed k\u00e1vu a kakao.<\/p>\n<p>\u010cek\u00e1 v\u00e1s kr\u00e1sn\u00e1 n\u00e1v\u0161t\u011bva jedn\u00e9 z na\u0161ich \u0161kol, kde si m\u016f\u017eete prohl\u00e9dnout, jak se na\u0161e d\u011bti u\u010d\u00ed.<\/p>\n<p>Nav\u0161t\u00edv\u00edme na\u0161i slavnou baziliku \u201cNuestra Se\u00f1ora de La Altagracia\u201d v Hig\u00fcey.\u201d<\/p>\n<p>\u010cek\u00e1 n\u00e1s kr\u00e1sn\u00e1 proj\u00ed\u017e\u010fka na kon\u00edch, p\u0159i kter\u00e9 se dostanete do nejkr\u00e1sn\u011bj\u0161\u00ed a nejbarevn\u011bj\u0161\u00ed d\u017eungle a budete pozorovat velk\u00e9 mno\u017estv\u00ed pt\u00e1k\u016f a typick\u00fdch rostlin t\u00e9to zem\u011b.<\/p>\n<p>Pochutn\u00e1me si na vynikaj\u00edc\u00edm dominik\u00e1nsk\u00e9m ob\u011bd\u011b formou bufetu s n\u00e1poji v cen\u011b.<\/p>\n<p>Nav\u0161t\u00edv\u00edme neuv\u011b\u0159itelnou \u0159eku Anamuya a kr\u00e1snou pl\u00e1\u017e Macao, kde budete m\u00edt n\u011bkolik minut na to, abyste se pokochali n\u00e1dhern\u00fdm panoramatick\u00fdm v\u00fdhledem.<\/p>\n<p>Co je sou\u010d\u00e1st\u00ed balen\u00ed? Doprava tam i zp\u011bt J\u00eddlo N\u00e1poje bez alkoholu Pr\u016fvodce Co si m\u00e1m vz\u00edt s sebou? Pohodln\u00e9 oble\u010den\u00ed a obuv Repelent proti hmyzu Kr\u00e9m na opalov\u00e1n\u00ed Plavky Ru\u010dn\u00edk Slune\u010dn\u00ed br\u00fdle Klobouk nebo \u010depici Pen\u00edze nav\u00edc (na fotky, osobn\u00ed v\u00fddaje) Fotoapar\u00e1t Upozorn\u011bn\u00ed Tento v\u00fdlet se kon\u00e1 ka\u017ed\u00fd den, jeho p\u0159ibli\u017en\u00e1 d\u00e9lka je 9 hodin.<\/p>","protected":false},"excerpt":{"rendered":"<div data-track=\"overview\" data-v-83a2b402=\"\">\n<section id=\"activity-overview\" class=\"activity-overview\" data-component=\"overview\" data-v-83a2b402=\"\" data-v-f3236c42=\"\">\n<p class=\"activity-overview__content\" data-test-id=\"activity-overview-content\" data-v-f3236c42=\"\">Dominik\u00e1nsk\u00e1 republika nab\u00edz\u00ed neuv\u011b\u0159iteln\u00e1 m\u00edsta pro safari d\u00edky sv\u00e9 kr\u00e1sn\u00e9 p\u0159\u00edrod\u011b a neuv\u011b\u0159iteln\u00e9 faun\u011b. Na\u0161e dobrodru\u017estv\u00ed za\u010d\u00edn\u00e1 v Punta Can\u011b.<\/p>\n<\/section>\n<\/div>\n<div data-track=\"key-details\" data-v-83a2b402=\"\"><\/div>","protected":false},"featured_media":15907,"template":"","meta":[],"product_brand":[],"product_cat":[97],"product_tag":[101,102],"class_list":{"0":"post-15711","1":"product","2":"type-product","3":"status-publish","4":"has-post-thumbnail","6":"product_cat-dominican-republic","7":"product_tag-excursion","8":"product_tag-tour","10":"first","11":"instock","12":"sale","13":"shipping-taxable","14":"product-type-external"},"_links":{"self":[{"href":"https:\/\/sabanadelamartours.com\/cs\/wp-json\/wp\/v2\/product\/15711","targetHints":{"allow":["GET"]}}],"collection":[{"href":"https:\/\/sabanadelamartours.com\/cs\/wp-json\/wp\/v2\/product"}],"about":[{"href":"https:\/\/sabanadelamartours.com\/cs\/wp-json\/wp\/v2\/types\/product"}],"version-history":[{"count":1,"href":"https:\/\/sabanadelamartours.com\/cs\/wp-json\/wp\/v2\/product\/15711\/revisions"}],"predecessor-version":[{"id":18708,"href":"https:\/\/sabanadelamartours.com\/cs\/wp-json\/wp\/v2\/product\/15711\/revisions\/18708"}],"wp:featuredmedia":[{"embeddable":true,"href":"https:\/\/sabanadelamartours.com\/cs\/wp-json\/wp\/v2\/media\/15907"}],"wp:attachment":[{"href":"https:\/\/sabanadelamartours.com\/cs\/wp-json\/wp\/v2\/media?parent=15711"}],"wp:term":[{"taxonomy":"product_brand","embeddable":true,"href":"https:\/\/sabanadelamartours.com\/cs\/wp-json\/wp\/v2\/product_brand?post=15711"},{"taxonomy":"product_cat","embeddable":true,"href":"https:\/\/sabanadelamartours.com\/cs\/wp-json\/wp\/v2\/product_cat?post=15711"},{"taxonomy":"product_tag","embeddable":true,"href":"https:\/\/sabanadelamartours.com\/cs\/wp-json\/wp\/v2\/product_tag?post=15711"}],"curies":[{"name":"wp","href":"https:\/\/api.w.org\/{rel}","templated":true}]}}