{"id":15763,"date":"2025-12-18T13:20:15","date_gmt":"2025-12-18T13:20:15","guid":{"rendered":"https:\/\/sabanadelamartours.com\/?post_type=product&#038;p=15763"},"modified":"2025-12-18T13:29:46","modified_gmt":"2025-12-18T13:29:46","slug":"-519","status":"publish","type":"product","link":"https:\/\/sabanadelamartours.com\/cs\/prohlidka\/-519\/","title":{"rendered":"Saona Island Od Punta Cana Dominik\u00e1nsk\u00e1 republika Rezervujte nyn\u00ed"},"content":{"rendered":"<h2>Dobrodru\u017estv\u00ed na ostrov\u011b Saona z Punta Cany, Dominik\u00e1nsk\u00e1 republika<\/h2>\n<p>Vydejte se na vzru\u0161uj\u00edc\u00ed celodenn\u00ed v\u00fdlet na \u00fachvatn\u00fd ostrov Saona, kter\u00fd za\u010d\u00edn\u00e1 pohodln\u00fdm rann\u00edm vyzvednut\u00edm z haly va\u0161eho hotelu nebo apartm\u00e1nu kolem 7:00. Na cest\u011b si vychutnejte hodinovou j\u00edzdu do malebn\u00e9ho p\u0159\u00edstavu Bayahibe v La Roman\u011b, kde se nalod\u00edte na prostorn\u00fd katamar\u00e1n a vyd\u00e1te se na nezapomenutelnou cestu po t\u0159pytiv\u00fdch vod\u00e1ch Karibiku.<\/p>\n<p>Zat\u00edmco katamar\u00e1n klou\u017ee po vln\u00e1ch, p\u0159ipravte se na to, \u017ee se pono\u0159\u00edte do \u017eiv\u00e9 atmosf\u00e9ry. Zatan\u010dete si na \u017eiv\u00e9 melodie merengue a bachaty pod veden\u00edm na\u0161\u00ed energick\u00e9 pos\u00e1dky, kter\u00e1 se postar\u00e1 o va\u0161i dobrou n\u00e1ladu, a\u017e se budete bl\u00ed\u017eit k okouzluj\u00edc\u00edmu ostrovu.<\/p>\n<p>Po p\u0159\u00edjezdu na ostrov Saona v\u00e1s p\u0159iv\u00edtaj\u00ed nedot\u010den\u00e9 p\u00edse\u010dn\u00e9 pl\u00e1\u017ee a sv\u011b\u017e\u00ed palmy pohupuj\u00edc\u00ed se ve v\u011btru. Zapojte se do r\u016fzn\u00fdch z\u00e1bavn\u00fdch aktivit a her organizovan\u00fdch na\u0161\u00edm p\u0159\u00e1telsk\u00fdm person\u00e1lem. A\u017e v\u00e1s p\u0159epadne hlad, dop\u0159ejte si vynikaj\u00edc\u00ed ob\u011bd formou bufetu s m\u00edstn\u00edmi specialitami, kter\u00fd se pod\u00e1v\u00e1 kolem 16:00. Vychutnejte si chut\u011b tradi\u010dn\u00ed dominik\u00e1nsk\u00e9 kuchyn\u011b a z\u00e1rove\u0148 se kochejte \u00fachvatn\u00fdm v\u00fdhledem na ostrov.<\/p>\n<p>Po ob\u011bd\u011b se p\u0159ipravte na vzru\u0161uj\u00edc\u00ed zp\u00e1te\u010dn\u00ed cestu na rychl\u00e9m \u010dlunu. B\u011bhem t\u00e9to \u010d\u00e1sti v\u00fdletu ud\u011bl\u00e1me zvl\u00e1\u0161tn\u00ed zast\u00e1vku u \u00fachvatn\u00e9ho p\u0159\u00edrodn\u00edho jez\u00edrka, kde se m\u016f\u017eete brouzdat v m\u011blk\u00fdch tyrkysov\u00fdch vod\u00e1ch a po\u0159izovat nezapomenuteln\u00e9 fotografie vedle p\u0159\u00e1telsk\u00fdch mo\u0159sk\u00fdch hv\u011bzdic.<\/p>\n<p>Na z\u00e1v\u011br va\u0161eho vzru\u0161uj\u00edc\u00edho dne se vr\u00e1t\u00edte na pevninu, abyste se dopravili zp\u011bt do hotelu a m\u011bli vzpom\u00ednky na dob\u0159e str\u00e1ven\u00fd den v r\u00e1ji.<\/p>","protected":false},"excerpt":{"rendered":"<div data-track=\"overview\" data-v-83a2b402=\"\">\n<section id=\"activity-overview\" class=\"activity-overview\" data-component=\"overview\" data-v-83a2b402=\"\" data-v-f3236c42=\"\">\n<p class=\"activity-overview__content\" data-test-id=\"activity-overview-content\" data-v-f3236c42=\"\">V tomto tropick\u00e9m r\u00e1ji si u\u017eijete nezapomenuteln\u00fd a p\u0159\u00edjemn\u00fd den na pl\u00e1\u017ei.<\/p>\n<\/section>\n<\/div>\n<div data-track=\"key-details\" data-v-83a2b402=\"\"><\/div>","protected":false},"featured_media":15978,"template":"","meta":[],"product_brand":[],"product_cat":[97,98],"product_tag":[101,102],"class_list":{"0":"post-15763","1":"product","2":"type-product","3":"status-publish","4":"has-post-thumbnail","6":"product_cat-dominican-republic","7":"product_cat-saona-island","8":"product_tag-excursion","9":"product_tag-tour","11":"first","12":"instock","13":"sale","14":"shipping-taxable","15":"product-type-external"},"_links":{"self":[{"href":"https:\/\/sabanadelamartours.com\/cs\/wp-json\/wp\/v2\/product\/15763","targetHints":{"allow":["GET"]}}],"collection":[{"href":"https:\/\/sabanadelamartours.com\/cs\/wp-json\/wp\/v2\/product"}],"about":[{"href":"https:\/\/sabanadelamartours.com\/cs\/wp-json\/wp\/v2\/types\/product"}],"version-history":[{"count":0,"href":"https:\/\/sabanadelamartours.com\/cs\/wp-json\/wp\/v2\/product\/15763\/revisions"}],"wp:featuredmedia":[{"embeddable":true,"href":"https:\/\/sabanadelamartours.com\/cs\/wp-json\/wp\/v2\/media\/15978"}],"wp:attachment":[{"href":"https:\/\/sabanadelamartours.com\/cs\/wp-json\/wp\/v2\/media?parent=15763"}],"wp:term":[{"taxonomy":"product_brand","embeddable":true,"href":"https:\/\/sabanadelamartours.com\/cs\/wp-json\/wp\/v2\/product_brand?post=15763"},{"taxonomy":"product_cat","embeddable":true,"href":"https:\/\/sabanadelamartours.com\/cs\/wp-json\/wp\/v2\/product_cat?post=15763"},{"taxonomy":"product_tag","embeddable":true,"href":"https:\/\/sabanadelamartours.com\/cs\/wp-json\/wp\/v2\/product_tag?post=15763"}],"curies":[{"name":"wp","href":"https:\/\/api.w.org\/{rel}","templated":true}]}}