{"id":15824,"date":"2025-12-18T13:23:04","date_gmt":"2025-12-18T13:23:04","guid":{"rendered":"https:\/\/sabanadelamartours.com\/?post_type=product&#038;p=15824"},"modified":"2025-12-18T13:31:31","modified_gmt":"2025-12-18T13:31:31","slug":"-526","status":"publish","type":"product","link":"https:\/\/sabanadelamartours.com\/cs\/prohlidka\/-526\/","title":{"rendered":"Dominik\u00e1nsk\u00fd venkov: p\u016fldenn\u00ed v\u00fdlet"},"content":{"rendered":"<p>Proje\u010fte se impozantn\u00edm n\u00e1kladn\u00edm autem z hotelu do oblasti Punta Cana. B\u011bhem j\u00edzdy v\u00e1s pr\u016fvodce sezn\u00e1m\u00ed s m\u011bstem a zem\u00ed.<\/p>\n<p>Nav\u0161tivte typick\u00fd dominik\u00e1nsk\u00fd d\u016fm, dozv\u00edte se, kdy byl postaven, a str\u00e1v\u00edte n\u011bjak\u00fd \u010das s pohostinnou rodinou, kter\u00e1 v n\u011bm \u017eije. Nav\u0161tivte k\u00e1vov\u00e9 a kakaov\u00e9 plant\u00e1\u017ee. Tato ekologick\u00e1 zast\u00e1vka za\u010dne kr\u00e1tkou proch\u00e1zkou po plant\u00e1\u017e\u00edch, kde je vegetace tak bohat\u00e1, \u017ee sem sotva pronik\u00e1 slune\u010dn\u00ed sv\u011btlo. Pr\u016fvodci v\u00e1s sezn\u00e1m\u00ed s histori\u00ed, kulturou a procesem v\u00fdroby mnoha produkt\u016f. Ochutn\u00e1te ekologick\u00e9 produkty, jako je \u010dokol\u00e1da, k\u00e1va a vanilka.<\/p>\n<p>Nav\u0161tivte mot\u00fdl\u00ed farmu a dozv\u00edte se o v\u00fdvoji r\u016fzn\u00fdch druh\u016f.<\/p>\n<p>Nakonec objevte pl\u00e1\u017e Macao a u\u017eijte si n\u00e1dhern\u00fd v\u00fdhled. Nau\u010dte se jezdit na boogieboardu nebo se jen osv\u011b\u017ete v tyrkysov\u00fdch vod\u00e1ch.<\/p>","protected":false},"excerpt":{"rendered":"<div data-track=\"overview\" data-v-83a2b402=\"\">\n<section id=\"activity-overview\" class=\"activity-overview\" data-component=\"overview\" data-v-83a2b402=\"\" data-v-f3236c42=\"\">\n<p class=\"activity-overview__content\" data-test-id=\"activity-overview-content\" data-v-f3236c42=\"\">Vychutnejte si p\u016fldenn\u00ed prohl\u00eddku p\u0159\u00edrody v Dominik\u00e1nsk\u00e9 republice. Na m\u00edstn\u00edch plant\u00e1\u017e\u00edch se sezn\u00e1m\u00edte s procesem v\u00fdroby k\u00e1vy a \u010dokol\u00e1dy a nav\u0161t\u00edv\u00edte kr\u00e1snou pl\u00e1\u017e Macao.<\/p>\n<\/section>\n<\/div>\n<div data-track=\"key-details\" data-v-83a2b402=\"\"><\/div>","protected":false},"featured_media":16021,"template":"","meta":[],"product_brand":[],"product_cat":[97],"product_tag":[101,102],"class_list":{"0":"post-15824","1":"product","2":"type-product","3":"status-publish","4":"has-post-thumbnail","6":"product_cat-dominican-republic","7":"product_tag-excursion","8":"product_tag-tour","10":"first","11":"instock","12":"shipping-taxable","13":"product-type-external"},"_links":{"self":[{"href":"https:\/\/sabanadelamartours.com\/cs\/wp-json\/wp\/v2\/product\/15824","targetHints":{"allow":["GET"]}}],"collection":[{"href":"https:\/\/sabanadelamartours.com\/cs\/wp-json\/wp\/v2\/product"}],"about":[{"href":"https:\/\/sabanadelamartours.com\/cs\/wp-json\/wp\/v2\/types\/product"}],"version-history":[{"count":0,"href":"https:\/\/sabanadelamartours.com\/cs\/wp-json\/wp\/v2\/product\/15824\/revisions"}],"wp:featuredmedia":[{"embeddable":true,"href":"https:\/\/sabanadelamartours.com\/cs\/wp-json\/wp\/v2\/media\/16021"}],"wp:attachment":[{"href":"https:\/\/sabanadelamartours.com\/cs\/wp-json\/wp\/v2\/media?parent=15824"}],"wp:term":[{"taxonomy":"product_brand","embeddable":true,"href":"https:\/\/sabanadelamartours.com\/cs\/wp-json\/wp\/v2\/product_brand?post=15824"},{"taxonomy":"product_cat","embeddable":true,"href":"https:\/\/sabanadelamartours.com\/cs\/wp-json\/wp\/v2\/product_cat?post=15824"},{"taxonomy":"product_tag","embeddable":true,"href":"https:\/\/sabanadelamartours.com\/cs\/wp-json\/wp\/v2\/product_tag?post=15824"}],"curies":[{"name":"wp","href":"https:\/\/api.w.org\/{rel}","templated":true}]}}