{"id":15836,"date":"2025-12-18T13:23:38","date_gmt":"2025-12-18T13:23:38","guid":{"rendered":"https:\/\/sabanadelamartours.com\/?post_type=product&#038;p=15836"},"modified":"2026-02-14T02:54:15","modified_gmt":"2026-02-14T02:54:15","slug":"-528","status":"publish","type":"product","link":"https:\/\/sabanadelamartours.com\/cs\/prohlidka\/-528\/","title":{"rendered":"Doprava z leti\u0161t\u011b Punta Cana"},"content":{"rendered":"<p>Jsme cestovn\u00ed kancel\u00e1\u0159. S mnoha zku\u0161enostmi v oblasti cestovn\u00edho ruchu. V Punta Can\u011b. A na\u0161im klient\u016fm nab\u00edz\u00edme v\u0159el\u00e9 slu\u017eby. S vyzvednut\u00edm na leti\u0161ti. S cedul\u00ed s va\u0161\u00edm jm\u00e9nem a p\u0159\u00edjmen\u00edm. Kde je klienti najdou, a\u017e opust\u00ed leti\u0161t\u011b, kde je p\u0159ijmeme. A odvezeme je k jejich p\u0159eprav\u011b. A d\u00e1le je odvezeme do jejich hotelu a nab\u00eddneme jim studen\u00e9 pivo. N\u00e1poj mama Juana. Vodu nebo studenou kolu tak\u00e9 proto, \u017ee \u017eijeme v hork\u00e9 zemi, a proto nab\u00edz\u00edme na\u0161im klient\u016fm vodu a pivo mama Juana. Coca Cola<\/p>","protected":false},"excerpt":{"rendered":"<div data-track=\"overview\" data-v-83a2b402=\"\">\n<section id=\"activity-overview\" class=\"activity-overview\" data-component=\"overview\" data-v-83a2b402=\"\" data-v-f3236c42=\"\">\n<p class=\"activity-overview__content\" data-test-id=\"activity-overview-content\" data-v-f3236c42=\"\">Sur profundo tour and travel S.R.L.<\/p>\n<\/section>\n<\/div>\n<div data-track=\"key-details\" data-v-83a2b402=\"\"><\/div>","protected":false},"featured_media":16034,"template":"","meta":[],"product_brand":[],"product_cat":[97],"product_tag":[101,102],"class_list":{"0":"post-15836","1":"product","2":"type-product","3":"status-publish","4":"has-post-thumbnail","6":"product_cat-dominican-republic","7":"product_tag-excursion","8":"product_tag-tour","10":"first","11":"instock","12":"shipping-taxable","13":"product-type-external"},"_links":{"self":[{"href":"https:\/\/sabanadelamartours.com\/cs\/wp-json\/wp\/v2\/product\/15836","targetHints":{"allow":["GET"]}}],"collection":[{"href":"https:\/\/sabanadelamartours.com\/cs\/wp-json\/wp\/v2\/product"}],"about":[{"href":"https:\/\/sabanadelamartours.com\/cs\/wp-json\/wp\/v2\/types\/product"}],"version-history":[{"count":1,"href":"https:\/\/sabanadelamartours.com\/cs\/wp-json\/wp\/v2\/product\/15836\/revisions"}],"predecessor-version":[{"id":19171,"href":"https:\/\/sabanadelamartours.com\/cs\/wp-json\/wp\/v2\/product\/15836\/revisions\/19171"}],"wp:featuredmedia":[{"embeddable":true,"href":"https:\/\/sabanadelamartours.com\/cs\/wp-json\/wp\/v2\/media\/16034"}],"wp:attachment":[{"href":"https:\/\/sabanadelamartours.com\/cs\/wp-json\/wp\/v2\/media?parent=15836"}],"wp:term":[{"taxonomy":"product_brand","embeddable":true,"href":"https:\/\/sabanadelamartours.com\/cs\/wp-json\/wp\/v2\/product_brand?post=15836"},{"taxonomy":"product_cat","embeddable":true,"href":"https:\/\/sabanadelamartours.com\/cs\/wp-json\/wp\/v2\/product_cat?post=15836"},{"taxonomy":"product_tag","embeddable":true,"href":"https:\/\/sabanadelamartours.com\/cs\/wp-json\/wp\/v2\/product_tag?post=15836"}],"curies":[{"name":"wp","href":"https:\/\/api.w.org\/{rel}","templated":true}]}}