{"id":15897,"date":"2025-12-18T13:26:21","date_gmt":"2025-12-18T13:26:21","guid":{"rendered":"https:\/\/sabanadelamartours.com\/?post_type=product&#038;p=15897"},"modified":"2026-02-14T03:00:46","modified_gmt":"2026-02-14T03:00:46","slug":"-537","status":"publish","type":"product","link":"https:\/\/sabanadelamartours.com\/cs\/prohlidka\/-537\/","title":{"rendered":"3 v 1: Los Haitises s Monta\u00f1a Redonda a vodop\u00e1dy Yanigua"},"content":{"rendered":"<p>Hled\u00e1te nezapomenuteln\u00fd v\u00fdlet za p\u0159\u00edrodn\u00edmi kr\u00e1sami Dominik\u00e1nsk\u00e9 republiky? Nehledejte nic jin\u00e9ho ne\u017e n\u00e1\u0161 z\u00e1jezd t\u0159i v jednom z Punta Cany, kter\u00fd v\u00e1s zavede do t\u0159\u00ed neuv\u011b\u0159iteln\u00fdch destinac\u00ed, kter\u00e9 v\u00e1m vyraz\u00ed dech.<\/p>\n<p>Prvn\u00ed na trase je Kulat\u00e1 hora (\u0161pan\u011blsky Monta\u00f1a Redonda), kter\u00e1 je d\u00edky sv\u00fdm \u00fachvatn\u00fdm p\u0159\u00edrodn\u00edm kr\u00e1s\u00e1m povinnou destinac\u00ed v Dominik\u00e1nsk\u00e9 republice. Tato lokalita se nach\u00e1z\u00ed v Miches v provincii El Seibo a le\u017e\u00ed mezi \u00fachvatnou Lagunou Rinc\u00f3n a Lagunou Redonda. Z vrcholu Monta\u00f1a Redonda, kter\u00fd se nach\u00e1z\u00ed v impozantn\u00ed v\u00fd\u0161ce p\u0159ibli\u017en\u011b 1 000 metr\u016f, je n\u00e1dhern\u00fd 360stup\u0148ov\u00fd v\u00fdhled do okol\u00ed. M\u016f\u017eete odtud obdivovat malebn\u00e9 z\u00e1toky Bah\u00eda de Saman\u00e1, Laguna Redonda, El Lim\u00f3n, Miches a El Seibo. Nezapome\u0148te si po\u0159\u00eddit nezapomenutelnou fotografii na \u00abnejslavn\u011bj\u0161\u00ed houpa\u010dce\u00bb cel\u00e9 zem\u011b.<\/p>\n<p>Dal\u0161\u00edm c\u00edlem je n\u00e1rodn\u00ed park Los Haitises, nedot\u010den\u00e1 oblast, kde objev\u00edte drsnou kr\u00e1su p\u0159\u00edrodn\u00ed krajiny Dominik\u00e1nsk\u00e9 republiky. Od bujn\u00fdch mangrovov\u00fdch porost\u016f a d\u017eungle a\u017e po fascinuj\u00edc\u00ed archeologick\u00e1 nalezi\u0161t\u011b ukryt\u00e1 v jeskyn\u00edch - tento park je skute\u010dn\u00fdm z\u00e1zrakem p\u0159\u00edrody. M\u011bjte o\u010di otev\u0159en\u00e9 pro vz\u00e1cn\u00e9 druhy pt\u00e1k\u016f, kter\u00e9 nenajdete nikde jinde na sv\u011bt\u011b.<\/p>\n<p>Nakonec nav\u0161t\u00edv\u00edte vodop\u00e1dy Yanigua Ranch. Tento velkolep\u00fd vodop\u00e1d je ide\u00e1ln\u00edm \u00fanikem z ruchu turist\u016f v Punta Can\u011b a je obklopen hustou vegetac\u00ed, kter\u00e1 vytv\u00e1\u0159\u00ed iluzi, \u017ee jste na m\u00edle daleko od civilizace, i kdy\u017e tomu tak nen\u00ed.<\/p>\n<p>Nenechte si uj\u00edt tento neuv\u011b\u0159iteln\u00fd ekoturistick\u00fd v\u00fdlet, kter\u00fd p\u0159edstavuje to nejlep\u0161\u00ed z p\u0159\u00edrodn\u00edch kr\u00e1s Dominik\u00e1nsk\u00e9 republiky. Od dokonale upraven\u00fdch m\u00edst, jako je Kulat\u00e1 hora, p\u0159es nedot\u010denou divo\u010dinu, jako je n\u00e1rodn\u00ed park Los Haitises, a\u017e po kontrolovanou p\u0159\u00edrodu na ran\u010di Yanigua - na tomto z\u00e1jezdu si ka\u017ed\u00fd najde to sv\u00e9.<\/p>\n<p>Nab\u00edz\u00edme typick\u00fd dominik\u00e1nsk\u00fd ob\u011bd a dopravu z hotelu. Pokud jste ubytov\u00e1ni v Airbnb, bude pro v\u00e1s p\u0159ipraveno bl\u00edzk\u00e9 m\u00edsto vyzvednut\u00ed.<\/p>","protected":false},"excerpt":{"rendered":"<div data-track=\"overview\" data-v-83a2b402=\"\">\n<section id=\"activity-overview\" class=\"activity-overview\" data-component=\"overview\" data-v-83a2b402=\"\" data-v-f3236c42=\"\">\n<p class=\"activity-overview__content\" data-test-id=\"activity-overview-content\" data-v-f3236c42=\"\">Za\u017eijte nezapomenuteln\u00fd ekoturistick\u00fd v\u00fdlet 3 v 1, b\u011bhem kter\u00e9ho nav\u0161t\u00edv\u00edte Kulatou horu, n\u00e1rodn\u00ed park Los Haitises a okouzluj\u00edc\u00ed vodop\u00e1dy na ran\u010di Yanigua, kter\u00e9 p\u0159edstavuj\u00ed p\u0159\u00edrodn\u00ed kr\u00e1sy zem\u011b.<\/p>\n<\/section>\n<\/div>\n<div data-track=\"key-details\" data-v-83a2b402=\"\"><\/div>","protected":false},"featured_media":16104,"template":"","meta":[],"product_brand":[],"product_cat":[97],"product_tag":[101,102],"class_list":{"0":"post-15897","1":"product","2":"type-product","3":"status-publish","4":"has-post-thumbnail","6":"product_cat-dominican-republic","7":"product_tag-excursion","8":"product_tag-tour","10":"first","11":"instock","12":"shipping-taxable","13":"product-type-external"},"_links":{"self":[{"href":"https:\/\/sabanadelamartours.com\/cs\/wp-json\/wp\/v2\/product\/15897","targetHints":{"allow":["GET"]}}],"collection":[{"href":"https:\/\/sabanadelamartours.com\/cs\/wp-json\/wp\/v2\/product"}],"about":[{"href":"https:\/\/sabanadelamartours.com\/cs\/wp-json\/wp\/v2\/types\/product"}],"version-history":[{"count":1,"href":"https:\/\/sabanadelamartours.com\/cs\/wp-json\/wp\/v2\/product\/15897\/revisions"}],"predecessor-version":[{"id":19179,"href":"https:\/\/sabanadelamartours.com\/cs\/wp-json\/wp\/v2\/product\/15897\/revisions\/19179"}],"wp:featuredmedia":[{"embeddable":true,"href":"https:\/\/sabanadelamartours.com\/cs\/wp-json\/wp\/v2\/media\/16104"}],"wp:attachment":[{"href":"https:\/\/sabanadelamartours.com\/cs\/wp-json\/wp\/v2\/media?parent=15897"}],"wp:term":[{"taxonomy":"product_brand","embeddable":true,"href":"https:\/\/sabanadelamartours.com\/cs\/wp-json\/wp\/v2\/product_brand?post=15897"},{"taxonomy":"product_cat","embeddable":true,"href":"https:\/\/sabanadelamartours.com\/cs\/wp-json\/wp\/v2\/product_cat?post=15897"},{"taxonomy":"product_tag","embeddable":true,"href":"https:\/\/sabanadelamartours.com\/cs\/wp-json\/wp\/v2\/product_tag?post=15897"}],"curies":[{"name":"wp","href":"https:\/\/api.w.org\/{rel}","templated":true}]}}