{"id":15906,"date":"2025-12-18T13:26:45","date_gmt":"2025-12-18T13:26:45","guid":{"rendered":"https:\/\/sabanadelamartours.com\/?post_type=product&#038;p=15906"},"modified":"2026-01-09T05:27:40","modified_gmt":"2026-01-09T05:27:40","slug":"-538","status":"publish","type":"product","link":"https:\/\/sabanadelamartours.com\/cs\/prohlidka\/-538\/","title":{"rendered":"Dobrodru\u017estv\u00ed na rychl\u00e9m \u010dlunu: Vzru\u0161uj\u00edc\u00ed z\u00e1\u017eitek v Punta Can\u011b"},"content":{"rendered":"<p>Pokud jste milovn\u00edci adrenalinu a dobrodru\u017estv\u00ed, pak je tento z\u00e1\u017eitek \u0161it\u00fd na m\u00edru pr\u00e1v\u011b v\u00e1m.<\/p>\n<p>Vyka\u0161lete se na b\u011b\u017en\u00e9 skupinov\u00e9 vyhl\u00eddkov\u00e9 plavby lod\u00ed a zvolte si prakti\u010dt\u011bj\u0161\u00ed a nap\u00ednav\u011bj\u0161\u00ed z\u00e1\u017eitek, kdy budete sami \u0159\u00eddit motorov\u00fd \u010dlun a proplouvat pod\u00e9l pob\u0159e\u017e\u00ed Punta Cany.<\/p>\n<p>J\u00edzda pod\u00e9l karibsk\u00e9ho pob\u0159e\u017e\u00ed je rychl\u00fdm dobrodru\u017estv\u00edm, kter\u00e9 zahrnuje ne\u010dekan\u00e1 zrychlen\u00ed, skoky do vln a ostr\u00e9 zat\u00e1\u010dky, p\u0159i kter\u00fdch si budete p\u0159ipadat jako v z\u00e1vod\u011b v rychlosti na mo\u0159i.<\/p>\n<p>Zde je n\u00e1\u0161 itiner\u00e1\u0159:<\/p>\n<p>-N\u00e1\u0161 profesion\u00e1ln\u00ed \u0159idi\u010d v\u00e1s vyzvedne z va\u0161eho hotelu\/resortu na v\u00fdchoz\u00ed m\u00edsto aktivity, kde se nalod\u00edte na lo\u010f.<\/p>\n<p>-Kdy\u017e pojedete na motorov\u00e9m \u010dlunu a budete c\u00edtit, jak v\u00e1m v\u00edtr fouk\u00e1 do obli\u010deje a vlas\u016f v nedot\u010den\u00fdch tyrkysov\u00fdch vod\u00e1ch Karibiku s \u00fa\u017easn\u00fdmi kor\u00e1lov\u00fdmi \u00fatesy, zastav\u00edme se na \u0161norchlov\u00e1n\u00ed. Bez obav, vybaven\u00ed v\u00e1m poskytneme.<\/p>\n<p>-Na\u0161\u00edm dal\u0161\u00edm c\u00edlem bude pozorovat z lodi velkolep\u00e9 salta vzad a m\u011bs\u00ed\u010dn\u00ed ch\u016fzi delf\u00edn\u016f, kter\u00e9 v\u00e1s nepochybn\u011b pobav\u00ed.<\/p>\n<p>-Nakonec n\u00e1\u0161 v\u00fdlet zakon\u010d\u00edme u malebn\u00e9ho p\u0159\u00edrodn\u00edho baz\u00e9nu, kde je voda oce\u00e1nu po p\u00e1s a kde se m\u016f\u017eete osv\u011b\u017eit. M\u016f\u017eete si zaplavat, odpo\u010dinout si nebo si jen po\u0159izovat nekone\u010dn\u00e9 selfie.<\/p>\n<p>Tato aktivita je vhodn\u00e1 pro dosp\u011bl\u00e9 i d\u011bti (od 3 let), tak\u017ee nez\u00e1le\u017e\u00ed na tom, zda cestujete s rodinou, p\u0159\u00e1teli nebo v p\u00e1ru. Ka\u017ed\u00fd si m\u016f\u017ee u\u017e\u00edt vzru\u0161en\u00ed z j\u00edzdy na motorov\u00e9m \u010dlunu a c\u00edtit se p\u0159i tom bezpe\u010dn\u011b.<\/p>\n<p>Nab\u00edz\u00edme v\u00e1m dopravu z hotelu tam i zp\u011bt. Pokud jste ubytov\u00e1ni v Airbnb, bude v\u00e1m k dispozici bl\u00edzk\u00e9 m\u00edsto vyzvednut\u00ed.<\/p>\n<div class=\"toggle-content__content toggle-content__content--expanded toggle-content__content--packable\" data-v-59485d64=\"\">\n<div data-test-id=\"activity-full-description-text\" data-v-5835c99c=\"\">***PS - P\u0159edchoz\u00ed zku\u0161enosti s plavbou nejsou pot\u0159eba. Bude s v\u00e1mi profesion\u00e1ln\u00ed licencovan\u00fd pr\u016fvodce.<\/div>\n<\/div>\n<div class=\"toggle-content__label-placeholder\" data-v-59485d64=\"\"><\/div>","protected":false},"excerpt":{"rendered":"<div data-track=\"overview\" data-v-83a2b402=\"\">\n<section id=\"activity-overview\" class=\"activity-overview\" data-component=\"overview\" data-v-83a2b402=\"\" data-v-f3236c42=\"\">\n<p class=\"activity-overview__content\" data-test-id=\"activity-overview-content\" data-v-f3236c42=\"\">Jedine\u010dn\u00fd a vzru\u0161uj\u00edc\u00ed z\u00e1\u017eitek pro milovn\u00edky adrenalinu a dobrodru\u017estv\u00ed. Posa\u010fte se za sv\u016fj vlastn\u00ed motorov\u00fd \u010dlun a proplouvejte jako James Bond pod\u00e9l \u00fachvatn\u00e9ho pob\u0159e\u017e\u00ed Punta Cany.<\/p>\n<\/section>\n<\/div>\n<div data-track=\"key-details\" data-v-83a2b402=\"\"><\/div>","protected":false},"featured_media":16119,"template":"","meta":[],"product_brand":[],"product_cat":[97],"product_tag":[101,102],"class_list":{"0":"post-15906","1":"product","2":"type-product","3":"status-publish","4":"has-post-thumbnail","6":"product_cat-dominican-republic","7":"product_tag-excursion","8":"product_tag-tour","10":"first","11":"instock","12":"shipping-taxable","13":"product-type-external"},"_links":{"self":[{"href":"https:\/\/sabanadelamartours.com\/cs\/wp-json\/wp\/v2\/product\/15906","targetHints":{"allow":["GET"]}}],"collection":[{"href":"https:\/\/sabanadelamartours.com\/cs\/wp-json\/wp\/v2\/product"}],"about":[{"href":"https:\/\/sabanadelamartours.com\/cs\/wp-json\/wp\/v2\/types\/product"}],"version-history":[{"count":1,"href":"https:\/\/sabanadelamartours.com\/cs\/wp-json\/wp\/v2\/product\/15906\/revisions"}],"predecessor-version":[{"id":18713,"href":"https:\/\/sabanadelamartours.com\/cs\/wp-json\/wp\/v2\/product\/15906\/revisions\/18713"}],"wp:featuredmedia":[{"embeddable":true,"href":"https:\/\/sabanadelamartours.com\/cs\/wp-json\/wp\/v2\/media\/16119"}],"wp:attachment":[{"href":"https:\/\/sabanadelamartours.com\/cs\/wp-json\/wp\/v2\/media?parent=15906"}],"wp:term":[{"taxonomy":"product_brand","embeddable":true,"href":"https:\/\/sabanadelamartours.com\/cs\/wp-json\/wp\/v2\/product_brand?post=15906"},{"taxonomy":"product_cat","embeddable":true,"href":"https:\/\/sabanadelamartours.com\/cs\/wp-json\/wp\/v2\/product_cat?post=15906"},{"taxonomy":"product_tag","embeddable":true,"href":"https:\/\/sabanadelamartours.com\/cs\/wp-json\/wp\/v2\/product_tag?post=15906"}],"curies":[{"name":"wp","href":"https:\/\/api.w.org\/{rel}","templated":true}]}}