{"id":15968,"date":"2025-12-18T13:29:21","date_gmt":"2025-12-18T13:29:21","guid":{"rendered":"https:\/\/sabanadelamartours.com\/?post_type=product&#038;p=15968"},"modified":"2026-02-14T03:04:06","modified_gmt":"2026-02-14T03:04:06","slug":"-543","status":"publish","type":"product","link":"https:\/\/sabanadelamartours.com\/cs\/prohlidka\/-543\/","title":{"rendered":"Doprava Leti\u0161t\u011b\/ Punta Cana a Bavaro"},"content":{"rendered":"<p>V\u00edtejte v nejlep\u0161\u00ed doprav\u011b na leti\u0161t\u011b<\/p>\n<p>U\u017eijte si vynikaj\u00edc\u00ed a elegantn\u00ed dopravn\u00ed slu\u017eby, mezi nimi\u017e si m\u016f\u017eete vybrat na\u0161i soukromou slu\u017ebu. N\u00e1\u0161 z\u00e1stupce v\u00e1s vyzvedne na v\u00e1mi ur\u010den\u00e9m m\u00edst\u011b, kter\u00e9 bude \u0159\u00e1dn\u011b ozna\u010deno logem spole\u010dnosti a va\u0161\u00edm jm\u00e9nem napsan\u00fdm na plak\u00e1tu. Odvezeme v\u00e1s na m\u00edsto ur\u010den\u00ed a vy si p\u0159itom budete u\u017e\u00edvat prohl\u00eddku a kr\u00e1sn\u00fd v\u00fdhled na Karibik.<\/p>\n<div class=\"toggle-content__content toggle-content__content--expanded toggle-content__content--packable\" data-v-59485d64=\"\">\n<div data-test-id=\"activity-full-description-text\" data-v-5835c99c=\"\">Ka\u017ed\u00e1 prohl\u00eddka m\u016f\u017ee trvat 15 a\u017e 45 minut v z\u00e1vislosti na poloze va\u0161eho hotelu nebo leti\u0161t\u011b. Bez ohledu na dobu, za kterou doraz\u00edte do c\u00edle, v\u00e1m zaru\u010dujeme, \u017ee ka\u017ed\u00e1 minuta bude pot\u011b\u0161en\u00edm pro va\u0161e smysly.<\/div>\n<\/div>\n<div class=\"toggle-content__label-placeholder\" data-v-59485d64=\"\"><\/div>","protected":false},"excerpt":{"rendered":"<div data-track=\"overview\" data-v-83a2b402=\"\">\n<section id=\"activity-overview\" class=\"activity-overview\" data-component=\"overview\" data-v-83a2b402=\"\" data-v-f3236c42=\"\">\n<p class=\"activity-overview__content\" data-test-id=\"activity-overview-content\" data-v-f3236c42=\"\">U\u017eijte si pohodlnou cestu bez stresu d\u00edky soukrom\u00e9mu transferu z mezin\u00e1rodn\u00edho leti\u0161t\u011b Punta Cana a do m\u011bsta Punta Cana.<\/p>\n<\/section>\n<\/div>\n<div data-track=\"key-details\" data-v-83a2b402=\"\"><\/div>","protected":false},"featured_media":16151,"template":"","meta":[],"product_brand":[],"product_cat":[97],"product_tag":[101,102],"class_list":{"0":"post-15968","1":"product","2":"type-product","3":"status-publish","4":"has-post-thumbnail","6":"product_cat-dominican-republic","7":"product_tag-excursion","8":"product_tag-tour","10":"first","11":"instock","12":"shipping-taxable","13":"product-type-external"},"_links":{"self":[{"href":"https:\/\/sabanadelamartours.com\/cs\/wp-json\/wp\/v2\/product\/15968","targetHints":{"allow":["GET"]}}],"collection":[{"href":"https:\/\/sabanadelamartours.com\/cs\/wp-json\/wp\/v2\/product"}],"about":[{"href":"https:\/\/sabanadelamartours.com\/cs\/wp-json\/wp\/v2\/types\/product"}],"version-history":[{"count":1,"href":"https:\/\/sabanadelamartours.com\/cs\/wp-json\/wp\/v2\/product\/15968\/revisions"}],"predecessor-version":[{"id":19184,"href":"https:\/\/sabanadelamartours.com\/cs\/wp-json\/wp\/v2\/product\/15968\/revisions\/19184"}],"wp:featuredmedia":[{"embeddable":true,"href":"https:\/\/sabanadelamartours.com\/cs\/wp-json\/wp\/v2\/media\/16151"}],"wp:attachment":[{"href":"https:\/\/sabanadelamartours.com\/cs\/wp-json\/wp\/v2\/media?parent=15968"}],"wp:term":[{"taxonomy":"product_brand","embeddable":true,"href":"https:\/\/sabanadelamartours.com\/cs\/wp-json\/wp\/v2\/product_brand?post=15968"},{"taxonomy":"product_cat","embeddable":true,"href":"https:\/\/sabanadelamartours.com\/cs\/wp-json\/wp\/v2\/product_cat?post=15968"},{"taxonomy":"product_tag","embeddable":true,"href":"https:\/\/sabanadelamartours.com\/cs\/wp-json\/wp\/v2\/product_tag?post=15968"}],"curies":[{"name":"wp","href":"https:\/\/api.w.org\/{rel}","templated":true}]}}