{"id":15989,"date":"2025-12-18T13:30:06","date_gmt":"2025-12-18T13:30:06","guid":{"rendered":"https:\/\/sabanadelamartours.com\/?post_type=product&#038;p=15989"},"modified":"2026-01-09T02:59:58","modified_gmt":"2026-01-09T02:59:58","slug":"-547","status":"publish","type":"product","link":"https:\/\/sabanadelamartours.com\/cs\/prohlidka\/-547\/","title":{"rendered":"V\u00fdlet na b\u0159eh v\u00fdletn\u00ed lodi Vodop\u00e1dy y Buggys"},"content":{"rendered":"<div class=\"toggle-content__content toggle-content__content--expanded toggle-content__content--packable\" data-v-59485d64=\"\">\n<div data-test-id=\"activity-full-description-text\" data-v-5835c99c=\"\">Vyu\u017eijte sv\u016fj v\u00fdlet na pob\u0159e\u017e\u00ed Dominik\u00e1nsk\u00e9 republiky naplno a rezervujte si tuto soukromou prohl\u00eddku, kter\u00e1 v\u00e1s vezme na buggy k nejp\u016fsobiv\u011bj\u0161\u00edm vodop\u00e1d\u016fm v oblasti. Po p\u0159\u00edjezdu do p\u0159\u00edstavu se m\u016f\u017eete snadno setkat se sv\u00fdm soukrom\u00fdm transferem. Pot\u00e9 se p\u0159ipravte na soukromou exkurzi k vodop\u00e1d\u016fm, kde je o ob\u011bd, alkoholick\u00e9 n\u00e1poje a Wi-Fi postar\u00e1no za v\u00e1s. Pohodln\u00e1 j\u00edzda v soukrom\u00e9 doprav\u011b z p\u0159\u00edstavu Na t\u00e9to individu\u00e1ln\u00ed soukrom\u00e9 exkurzi se vydejte sv\u00fdm vlastn\u00edm tempem Za\u017eijte dobrodru\u017estv\u00ed p\u0159i j\u00edzd\u011b na bugin\u00e1ch k vodop\u00e1d\u016fm Exkurze trv\u00e1 p\u016fl dne, ne\u017e se vr\u00e1t\u00edte na svou lo\u010f<\/div>\n<\/div>\n<div class=\"toggle-content__label-placeholder\" data-v-59485d64=\"\"><\/div>","protected":false},"excerpt":{"rendered":"<div data-track=\"overview\" data-v-83a2b402=\"\">\n<section id=\"activity-overview\" class=\"activity-overview\" data-component=\"overview\" data-v-83a2b402=\"\" data-v-f3236c42=\"\">\n<p class=\"activity-overview__content\" data-test-id=\"activity-overview-content\" data-v-f3236c42=\"\">Vyu\u017eijte sv\u016fj v\u00fdlet na pob\u0159e\u017e\u00ed Dominik\u00e1nsk\u00e9 republiky naplno a rezervujte si tuto soukromou prohl\u00eddku, kter\u00e1 v\u00e1s vezme na buggy k nejp\u016fsobiv\u011bj\u0161\u00edm vodop\u00e1d\u016fm v oblasti.<\/p>\n<\/section>\n<\/div>\n<div data-track=\"key-details\" data-v-83a2b402=\"\"><\/div>","protected":false},"featured_media":14778,"template":"","meta":[],"product_brand":[],"product_cat":[97],"product_tag":[101,102],"class_list":{"0":"post-15989","1":"product","2":"type-product","3":"status-publish","4":"has-post-thumbnail","6":"product_cat-dominican-republic","7":"product_tag-excursion","8":"product_tag-tour","10":"first","11":"instock","12":"sale","13":"shipping-taxable","14":"product-type-external"},"_links":{"self":[{"href":"https:\/\/sabanadelamartours.com\/cs\/wp-json\/wp\/v2\/product\/15989","targetHints":{"allow":["GET"]}}],"collection":[{"href":"https:\/\/sabanadelamartours.com\/cs\/wp-json\/wp\/v2\/product"}],"about":[{"href":"https:\/\/sabanadelamartours.com\/cs\/wp-json\/wp\/v2\/types\/product"}],"version-history":[{"count":1,"href":"https:\/\/sabanadelamartours.com\/cs\/wp-json\/wp\/v2\/product\/15989\/revisions"}],"predecessor-version":[{"id":18653,"href":"https:\/\/sabanadelamartours.com\/cs\/wp-json\/wp\/v2\/product\/15989\/revisions\/18653"}],"wp:featuredmedia":[{"embeddable":true,"href":"https:\/\/sabanadelamartours.com\/cs\/wp-json\/wp\/v2\/media\/14778"}],"wp:attachment":[{"href":"https:\/\/sabanadelamartours.com\/cs\/wp-json\/wp\/v2\/media?parent=15989"}],"wp:term":[{"taxonomy":"product_brand","embeddable":true,"href":"https:\/\/sabanadelamartours.com\/cs\/wp-json\/wp\/v2\/product_brand?post=15989"},{"taxonomy":"product_cat","embeddable":true,"href":"https:\/\/sabanadelamartours.com\/cs\/wp-json\/wp\/v2\/product_cat?post=15989"},{"taxonomy":"product_tag","embeddable":true,"href":"https:\/\/sabanadelamartours.com\/cs\/wp-json\/wp\/v2\/product_tag?post=15989"}],"curies":[{"name":"wp","href":"https:\/\/api.w.org\/{rel}","templated":true}]}}