{"id":16088,"date":"2025-12-18T13:34:00","date_gmt":"2025-12-18T13:34:00","guid":{"rendered":"https:\/\/sabanadelamartours.com\/?post_type=product&#038;p=16088"},"modified":"2025-12-18T13:45:02","modified_gmt":"2025-12-18T13:45:02","slug":"-559","status":"publish","type":"product","link":"https:\/\/sabanadelamartours.com\/cs\/prohlidka\/-559\/","title":{"rendered":"Taxi &amp; transfer z Punta Cana Airport (PUJ To Puerto Plata"},"content":{"rendered":"<div class=\"toggle-content__content toggle-content__content--expanded toggle-content__content--packable\" data-v-59485d64=\"\">\n<div data-test-id=\"activity-full-description-text\" data-v-5835c99c=\"\">1. kam p\u016fjdu po p\u0159\u00edletu na leti\u0161t\u011b? Na va\u0161em voucheru budou uvedeny v\u0161echny pot\u0159ebn\u00e9 informace, abyste n\u00e1s na leti\u0161ti na\u0161li. Vytiskn\u011bte si ji a voucher si vezm\u011bte s sebou. 2. Co se stane, kdy\u017e bude m\u00edt m\u016fj let zpo\u017ed\u011bn\u00ed? V\u017edy v\u00e1m potvrd\u00edme \u010dasy p\u0159\u00edlet\u016f. \u0158idi\u010d po\u010dk\u00e1 na v\u0161echny zpo\u017ed\u011bn\u00e9 lety a v\u00e1\u0161 transfer je zaji\u0161t\u011bn bez dal\u0161\u00edch poplatk\u016f. 3. Co se stane, pokud zme\u0161k\u00e1m sv\u016fj let nebo je m\u016fj let zru\u0161en? Pokud je v\u00e1\u0161 let zru\u0161en, mus\u00edte n\u00e1s informovat, \u017ee nep\u0159ijedete, nebo n\u00e1m sd\u011blit \u010das odletu a p\u0159\u00edletu dal\u0161\u00edho letu na telefonn\u00edm \u010d\u00edsle uveden\u00e9m na voucheru. Pokud tak neu\u010din\u00edte, bude to pova\u017eov\u00e1no za \u201cNo-Show\u201d a pen\u00edze v\u00e1m nebudou vr\u00e1ceny.<\/div>\n<\/div>\n<div class=\"toggle-content__label-placeholder\" data-v-59485d64=\"\"><\/div>","protected":false},"excerpt":{"rendered":"<div data-track=\"overview\" data-v-83a2b402=\"\">\n<section id=\"activity-overview\" class=\"activity-overview\" data-component=\"overview\" data-v-83a2b402=\"\" data-v-f3236c42=\"\">\n<p class=\"activity-overview__content\" data-test-id=\"activity-overview-content\" data-v-f3236c42=\"\">Nab\u00edz\u00edme nejlep\u0161\u00ed taxi z leti\u0161t\u011b Punta Cana do ostatn\u00edch oblast\u00ed Dominik\u00e1nsk\u00e9 republiky. M\u016f\u017eeme v\u00e1s vyzvednout na\u0161\u00ed novou Toyotou Sienna nebo minivanem.<\/p>\n<\/section>\n<\/div>\n<div data-track=\"key-details\" data-v-83a2b402=\"\"><\/div>","protected":false},"featured_media":16292,"template":"","meta":[],"product_brand":[],"product_cat":[97],"product_tag":[101,102],"class_list":{"0":"post-16088","1":"product","2":"type-product","3":"status-publish","4":"has-post-thumbnail","6":"product_cat-dominican-republic","7":"product_tag-excursion","8":"product_tag-tour","10":"first","11":"instock","12":"shipping-taxable","13":"product-type-external"},"_links":{"self":[{"href":"https:\/\/sabanadelamartours.com\/cs\/wp-json\/wp\/v2\/product\/16088","targetHints":{"allow":["GET"]}}],"collection":[{"href":"https:\/\/sabanadelamartours.com\/cs\/wp-json\/wp\/v2\/product"}],"about":[{"href":"https:\/\/sabanadelamartours.com\/cs\/wp-json\/wp\/v2\/types\/product"}],"version-history":[{"count":0,"href":"https:\/\/sabanadelamartours.com\/cs\/wp-json\/wp\/v2\/product\/16088\/revisions"}],"wp:featuredmedia":[{"embeddable":true,"href":"https:\/\/sabanadelamartours.com\/cs\/wp-json\/wp\/v2\/media\/16292"}],"wp:attachment":[{"href":"https:\/\/sabanadelamartours.com\/cs\/wp-json\/wp\/v2\/media?parent=16088"}],"wp:term":[{"taxonomy":"product_brand","embeddable":true,"href":"https:\/\/sabanadelamartours.com\/cs\/wp-json\/wp\/v2\/product_brand?post=16088"},{"taxonomy":"product_cat","embeddable":true,"href":"https:\/\/sabanadelamartours.com\/cs\/wp-json\/wp\/v2\/product_cat?post=16088"},{"taxonomy":"product_tag","embeddable":true,"href":"https:\/\/sabanadelamartours.com\/cs\/wp-json\/wp\/v2\/product_tag?post=16088"}],"curies":[{"name":"wp","href":"https:\/\/api.w.org\/{rel}","templated":true}]}}