{"id":16301,"date":"2025-12-18T13:45:05","date_gmt":"2025-12-18T13:45:05","guid":{"rendered":"https:\/\/sabanadelamartours.com\/?post_type=product&#038;p=16301"},"modified":"2026-02-14T03:28:07","modified_gmt":"2026-02-14T03:28:07","slug":"-561","status":"publish","type":"product","link":"https:\/\/sabanadelamartours.com\/cs\/prohlidka\/-561\/","title":{"rendered":"VIP transfer mezi leti\u0161t\u011bm Punta Cana a hotely Bavaro"},"content":{"rendered":"<div class=\"toggle-content__content toggle-content__content--expanded toggle-content__content--packable\" data-v-59485d64=\"\">\n<div data-test-id=\"activity-full-description-text\" data-v-5835c99c=\"\">Rezervujte si transfer podle sv\u00fdch preferenc\u00ed bez komplikac\u00ed, budeme m\u00edt na starosti doprovod b\u011bhem va\u0161\u00ed cesty v Dominik\u00e1nsk\u00e9 republice, nemus\u00edte se ob\u00e1vat, jsme odborn\u00edci na transfery a to v\u00e1m pom\u016f\u017ee z\u00edskat slu\u017eby, kter\u00e9 si zaslou\u017e\u00edte, z rukou profesion\u00e1la, d\u011bl\u00e1me va\u0161e cesty bezpe\u010dn\u011bj\u0161\u00ed a uvoln\u011bn\u011bj\u0161\u00ed, sta\u010d\u00ed si rezervovat p\u0159edem, abyste m\u011bli napl\u00e1novanou slu\u017ebu a \u0159idi\u010d byl p\u0159ipraven v\u00e1s vyzvednout na leti\u0161ti podle va\u0161eho v\u00fdb\u011bru v Dominik\u00e1nsk\u00e9 republice, v Diamond jsme p\u0159ipraveni na v\u00e1\u0161 p\u0159\u00edjezd.<\/div>\n<\/div>\n<div class=\"toggle-content__label-placeholder\" data-v-59485d64=\"\"><\/div>","protected":false},"excerpt":{"rendered":"<div data-track=\"overview\" data-v-83a2b402=\"\">\n<section id=\"activity-overview\" class=\"activity-overview\" data-component=\"overview\" data-v-83a2b402=\"\" data-v-f3236c42=\"\">\n<p class=\"activity-overview__content\" data-test-id=\"activity-overview-content\" data-v-f3236c42=\"\">Rezervujte si transfer p\u0159edem, ve spole\u010dnosti diamond transport se postar\u00e1me o to, abychom v\u00e1m nab\u00eddli ekonomick\u00e9 a pohodln\u00e9 slu\u017eby.<\/p>\n<\/section>\n<\/div>\n<div data-track=\"key-details\" data-v-83a2b402=\"\"><\/div>","protected":false},"featured_media":16312,"template":"","meta":[],"product_brand":[],"product_cat":[97],"product_tag":[101,102],"class_list":{"0":"post-16301","1":"product","2":"type-product","3":"status-publish","4":"has-post-thumbnail","6":"product_cat-dominican-republic","7":"product_tag-excursion","8":"product_tag-tour","10":"first","11":"instock","12":"shipping-taxable","13":"product-type-external"},"_links":{"self":[{"href":"https:\/\/sabanadelamartours.com\/cs\/wp-json\/wp\/v2\/product\/16301","targetHints":{"allow":["GET"]}}],"collection":[{"href":"https:\/\/sabanadelamartours.com\/cs\/wp-json\/wp\/v2\/product"}],"about":[{"href":"https:\/\/sabanadelamartours.com\/cs\/wp-json\/wp\/v2\/types\/product"}],"version-history":[{"count":1,"href":"https:\/\/sabanadelamartours.com\/cs\/wp-json\/wp\/v2\/product\/16301\/revisions"}],"predecessor-version":[{"id":19191,"href":"https:\/\/sabanadelamartours.com\/cs\/wp-json\/wp\/v2\/product\/16301\/revisions\/19191"}],"wp:featuredmedia":[{"embeddable":true,"href":"https:\/\/sabanadelamartours.com\/cs\/wp-json\/wp\/v2\/media\/16312"}],"wp:attachment":[{"href":"https:\/\/sabanadelamartours.com\/cs\/wp-json\/wp\/v2\/media?parent=16301"}],"wp:term":[{"taxonomy":"product_brand","embeddable":true,"href":"https:\/\/sabanadelamartours.com\/cs\/wp-json\/wp\/v2\/product_brand?post=16301"},{"taxonomy":"product_cat","embeddable":true,"href":"https:\/\/sabanadelamartours.com\/cs\/wp-json\/wp\/v2\/product_cat?post=16301"},{"taxonomy":"product_tag","embeddable":true,"href":"https:\/\/sabanadelamartours.com\/cs\/wp-json\/wp\/v2\/product_tag?post=16301"}],"curies":[{"name":"wp","href":"https:\/\/api.w.org\/{rel}","templated":true}]}}