{"id":16311,"date":"2025-12-18T13:45:30","date_gmt":"2025-12-18T13:45:30","guid":{"rendered":"https:\/\/sabanadelamartours.com\/?post_type=product&#038;p=16311"},"modified":"2026-02-14T03:05:06","modified_gmt":"2026-02-14T03:05:06","slug":"-563","status":"publish","type":"product","link":"https:\/\/sabanadelamartours.com\/cs\/prohlidka\/-563\/","title":{"rendered":"Punta Cana: Soukrom\u00fd celodenn\u00ed v\u00fdlet na ostrov Catalina se \u0161norchlov\u00e1n\u00edm"},"content":{"rendered":"<p>Enjoy a full-day private tour to Catalina Island from Punta Cana. Snorkel in the crystal-clear waters of the Caribbean Sea, relax on the beach, and savor a delicious Dominican-style buffet lunch with barbecue.<\/p>\n<p>Be picked up from your hotel and travel to La Romana to board a boat heading to your snorkeling spot. After an orientation briefing, enter the water below the surface to admire the colorful coral reef gardens as well as other diverse marine life, considered one of the best snorkeling sites in the Dominican Republic.<\/p>\n<div class=\"toggle-content__content toggle-content__content--expanded toggle-content__content--packable\" data-v-59485d64=\"\">\n<div data-test-id=\"activity-full-description-text\" data-v-5835c99c=\"\">Continue your adventure with a delicious Dominican-style buffet lunch with barbecue and take advantage of the open bar. Enjoy the beach and crystal-clear water of Catalina Island.<\/div>\n<\/div>\n<div class=\"toggle-content__label-placeholder\" data-v-59485d64=\"\"><\/div>","protected":false},"excerpt":{"rendered":"<div data-track=\"overview\" data-v-83a2b402=\"\">\n<section id=\"activity-overview\" class=\"activity-overview\" data-component=\"overview\" data-v-83a2b402=\"\" data-v-f3236c42=\"\">\n<p class=\"activity-overview__content\" data-test-id=\"activity-overview-content\" data-v-f3236c42=\"\">Vydejte se z Punta Cany na soukrom\u00fd celodenn\u00ed v\u00fdlet na ostrov Catalina. \u0160norchlujte v k\u0159i\u0161\u0165\u00e1lov\u011b \u010dist\u00fdch vod\u00e1ch, relaxujte na pl\u00e1\u017ei a vychutnejte si vynikaj\u00edc\u00ed ob\u011bd formou bufetu s grilov\u00e1n\u00edm v dominik\u00e1nsk\u00e9m stylu.<\/p>\n<\/section>\n<\/div>\n<div data-track=\"key-details\" data-v-83a2b402=\"\"><\/div>","protected":false},"featured_media":16323,"template":"","meta":[],"product_brand":[],"product_cat":[97],"product_tag":[101,102],"class_list":{"0":"post-16311","1":"product","2":"type-product","3":"status-publish","4":"has-post-thumbnail","6":"product_cat-dominican-republic","7":"product_tag-excursion","8":"product_tag-tour","10":"first","11":"instock","12":"sale","13":"shipping-taxable","14":"product-type-external"},"_links":{"self":[{"href":"https:\/\/sabanadelamartours.com\/cs\/wp-json\/wp\/v2\/product\/16311","targetHints":{"allow":["GET"]}}],"collection":[{"href":"https:\/\/sabanadelamartours.com\/cs\/wp-json\/wp\/v2\/product"}],"about":[{"href":"https:\/\/sabanadelamartours.com\/cs\/wp-json\/wp\/v2\/types\/product"}],"version-history":[{"count":2,"href":"https:\/\/sabanadelamartours.com\/cs\/wp-json\/wp\/v2\/product\/16311\/revisions"}],"predecessor-version":[{"id":19186,"href":"https:\/\/sabanadelamartours.com\/cs\/wp-json\/wp\/v2\/product\/16311\/revisions\/19186"}],"wp:featuredmedia":[{"embeddable":true,"href":"https:\/\/sabanadelamartours.com\/cs\/wp-json\/wp\/v2\/media\/16323"}],"wp:attachment":[{"href":"https:\/\/sabanadelamartours.com\/cs\/wp-json\/wp\/v2\/media?parent=16311"}],"wp:term":[{"taxonomy":"product_brand","embeddable":true,"href":"https:\/\/sabanadelamartours.com\/cs\/wp-json\/wp\/v2\/product_brand?post=16311"},{"taxonomy":"product_cat","embeddable":true,"href":"https:\/\/sabanadelamartours.com\/cs\/wp-json\/wp\/v2\/product_cat?post=16311"},{"taxonomy":"product_tag","embeddable":true,"href":"https:\/\/sabanadelamartours.com\/cs\/wp-json\/wp\/v2\/product_tag?post=16311"}],"curies":[{"name":"wp","href":"https:\/\/api.w.org\/{rel}","templated":true}]}}