{"id":16322,"date":"2025-12-18T13:45:57","date_gmt":"2025-12-18T13:45:57","guid":{"rendered":"https:\/\/sabanadelamartours.com\/?post_type=product&#038;p=16322"},"modified":"2025-12-18T13:46:50","modified_gmt":"2025-12-18T13:46:50","slug":"-565","status":"publish","type":"product","link":"https:\/\/sabanadelamartours.com\/cs\/prohlidka\/-565\/","title":{"rendered":"Celodenn\u00ed v\u00fdlet do Ocean World pro obyvatele Dominik\u00e1nsk\u00e9 republiky"},"content":{"rendered":"<p>A Dominican Identity Card or birth certificate from the Dominican Republic is required and failure to present it will result in an additional charge at the entrance.<\/p>\n<p>Ahoj milovn\u00edci dobrodru\u017estv\u00ed a vodn\u00ed z\u00e1bavy!<\/p>\n<p>P\u0159ipravte se na den pln\u00fd emoc\u00ed b\u011bhem na\u0161eho vzru\u0161uj\u00edc\u00edho v\u00fdletu do vodn\u00edho parku Ocean World! Na tomto jedine\u010dn\u00e9m v\u00fdlet\u011b na v\u00e1s \u010dekaj\u00ed nezapomenuteln\u00e9 z\u00e1\u017eitky pln\u00e9 z\u00e1bavy, p\u0159\u00edrody a odpo\u010dinku.<\/p>\n<p>Na za\u010d\u00e1tku na\u0161\u00ed cesty n\u00e1s ohrom\u00ed vzru\u0161uj\u00edc\u00ed p\u0159edstaven\u00ed. P\u0159ipravte se na to, \u017ee budete obdivovat inteligenci a ladnost delf\u00edn\u016f, p\u0159\u00e1telskost lachtan\u016f a barevnost a zru\u010dnost exotick\u00fdch pt\u00e1k\u016f. Budou to kouzeln\u00e9 chv\u00edle, kter\u00e9 v\u00e1s spoj\u00ed s neuv\u011b\u0159itelnou rozmanitost\u00ed mo\u0159sk\u00e9ho \u017eivota.<\/p>\n<p>Pot\u00e9 se vyd\u00e1me na fascinuj\u00edc\u00ed t\u00faru bujn\u00fdm tropick\u00fdm pralesem. V tomto zelen\u00e9m r\u00e1ji budete m\u00edt jedine\u010dnou p\u0159\u00edle\u017eitost komunikovat s pt\u00e1ky l\u00e1sky, co\u017e je z\u00e1\u017eitek, kter\u00fd v\u00e1s napln\u00ed radost\u00ed a p\u0159ibl\u00ed\u017e\u00ed v\u00e1m p\u0159\u00edrodn\u00ed kr\u00e1sy, kter\u00e9 n\u00e1s obklopuj\u00ed. Objevte divok\u00e1 zv\u00ed\u0159ata v jejich p\u0159irozen\u00e9m prost\u0159ed\u00ed, kdy\u017e budete pozorovat ryby a legu\u00e1ny v jejich p\u0159irozen\u00e9m prost\u0159ed\u00ed.<\/p>","protected":false},"excerpt":{"rendered":"<div data-track=\"overview\" data-v-83a2b402=\"\">\n<section id=\"activity-overview\" class=\"activity-overview\" data-component=\"overview\" data-v-83a2b402=\"\" data-v-f3236c42=\"\">\n<p class=\"activity-overview__content\" data-test-id=\"activity-overview-content\" data-v-f3236c42=\"\">Uvid\u00edte p\u0159edstaven\u00ed delf\u00edn\u016f, lachtan\u016f a pt\u00e1k\u016f, projdete se tropick\u00fdm pralesem, budete m\u00edt mo\u017enost komunikovat s pt\u00e1ky, pozorovat ryby a legu\u00e1ny, \u0161norchlovat v akv\u00e1riu s rybami.<\/p>\n<\/section>\n<\/div>\n<div data-track=\"key-details\" data-v-83a2b402=\"\"><\/div>","protected":false},"featured_media":16339,"template":"","meta":[],"product_brand":[],"product_cat":[97],"product_tag":[101,102],"class_list":{"0":"post-16322","1":"product","2":"type-product","3":"status-publish","4":"has-post-thumbnail","6":"product_cat-dominican-republic","7":"product_tag-excursion","8":"product_tag-tour","10":"first","11":"instock","12":"shipping-taxable","13":"product-type-external"},"_links":{"self":[{"href":"https:\/\/sabanadelamartours.com\/cs\/wp-json\/wp\/v2\/product\/16322","targetHints":{"allow":["GET"]}}],"collection":[{"href":"https:\/\/sabanadelamartours.com\/cs\/wp-json\/wp\/v2\/product"}],"about":[{"href":"https:\/\/sabanadelamartours.com\/cs\/wp-json\/wp\/v2\/types\/product"}],"version-history":[{"count":0,"href":"https:\/\/sabanadelamartours.com\/cs\/wp-json\/wp\/v2\/product\/16322\/revisions"}],"wp:featuredmedia":[{"embeddable":true,"href":"https:\/\/sabanadelamartours.com\/cs\/wp-json\/wp\/v2\/media\/16339"}],"wp:attachment":[{"href":"https:\/\/sabanadelamartours.com\/cs\/wp-json\/wp\/v2\/media?parent=16322"}],"wp:term":[{"taxonomy":"product_brand","embeddable":true,"href":"https:\/\/sabanadelamartours.com\/cs\/wp-json\/wp\/v2\/product_brand?post=16322"},{"taxonomy":"product_cat","embeddable":true,"href":"https:\/\/sabanadelamartours.com\/cs\/wp-json\/wp\/v2\/product_cat?post=16322"},{"taxonomy":"product_tag","embeddable":true,"href":"https:\/\/sabanadelamartours.com\/cs\/wp-json\/wp\/v2\/product_tag?post=16322"}],"curies":[{"name":"wp","href":"https:\/\/api.w.org\/{rel}","templated":true}]}}