{"id":16331,"date":"2025-12-18T13:46:21","date_gmt":"2025-12-18T13:46:21","guid":{"rendered":"https:\/\/sabanadelamartours.com\/?post_type=product&#038;p=16331"},"modified":"2026-01-09T05:43:46","modified_gmt":"2026-01-09T05:43:46","slug":"-566","status":"publish","type":"product","link":"https:\/\/sabanadelamartours.com\/cs\/prohlidka\/-566\/","title":{"rendered":"Prohl\u00eddka ostrova Catalina se \u0161norchlov\u00e1n\u00edm a ob\u011bdem"},"content":{"rendered":"<p>Brzy r\u00e1no odj\u00ed\u017ed\u00edme z hotel\u016f v Punta Can\u011b a Bayahibe pohodln\u00fdmi a klimatizovan\u00fdmi autobusy do n\u00e1dhern\u00e9ho m\u011bsta La Romana. Nalod\u00edme se po p\u0159\u00edjezdu do p\u0159\u00edstavu do Multihullu a cel\u00e1 z\u00e1bava na\u0161ich pr\u016fvodc\u016f n\u00e1s zavede k jednomu z nejkr\u00e1sn\u011bj\u0161\u00edch kor\u00e1lov\u00fdch \u00fates\u016f v Dominik\u00e1nsk\u00e9 republice, tam se m\u016f\u017eete v\u011bnovat pot\u00e1p\u011bn\u00ed a \u0161norchlov\u00e1n\u00ed, pokud si to budete p\u0159\u00e1t. Pot\u00e9 budeme pokra\u010dovat na ostrov Catalina, kde si u\u017eijeme osv\u011b\u017euj\u00edc\u00ed koup\u00e1n\u00ed, a kdo bude cht\u00edt, m\u016f\u017ee tak\u00e9 \u0161norchlovat. Pove\u010de\u0159\u00edme vynikaj\u00edc\u00ed ob\u011bd formou bufetu, zat\u00edmco budeme p\u00edt lahodn\u00e9 n\u00e1poje. Odpoledne se vr\u00e1t\u00edme katamar\u00e1nem zp\u011bt do p\u0159\u00edstavu La Romana a vr\u00e1t\u00edme se do hotelu.<\/p>","protected":false},"excerpt":{"rendered":"<div data-track=\"overview\" data-v-83a2b402=\"\">\n<section id=\"activity-overview\" class=\"activity-overview\" data-component=\"overview\" data-v-83a2b402=\"\" data-v-f3236c42=\"\">\n<p class=\"activity-overview__content\" data-test-id=\"activity-overview-content\" data-v-f3236c42=\"\">Z hotel\u016f v Punta Can\u011b a Bayahibe odj\u00ed\u017ed\u00edme v \u010dasn\u00fdch rann\u00edch hodin\u00e1ch pohodln\u00fdmi a klimatizovan\u00fdmi autobusy do n\u00e1dhern\u00e9ho m\u011bsta La Romana.<\/p>\n<\/section>\n<\/div>\n<div data-track=\"key-details\" data-v-83a2b402=\"\"><\/div>","protected":false},"featured_media":16346,"template":"","meta":[],"product_brand":[],"product_cat":[97],"product_tag":[101,102],"class_list":{"0":"post-16331","1":"product","2":"type-product","3":"status-publish","4":"has-post-thumbnail","6":"product_cat-dominican-republic","7":"product_tag-excursion","8":"product_tag-tour","10":"first","11":"instock","12":"shipping-taxable","13":"product-type-external"},"_links":{"self":[{"href":"https:\/\/sabanadelamartours.com\/cs\/wp-json\/wp\/v2\/product\/16331","targetHints":{"allow":["GET"]}}],"collection":[{"href":"https:\/\/sabanadelamartours.com\/cs\/wp-json\/wp\/v2\/product"}],"about":[{"href":"https:\/\/sabanadelamartours.com\/cs\/wp-json\/wp\/v2\/types\/product"}],"version-history":[{"count":1,"href":"https:\/\/sabanadelamartours.com\/cs\/wp-json\/wp\/v2\/product\/16331\/revisions"}],"predecessor-version":[{"id":18725,"href":"https:\/\/sabanadelamartours.com\/cs\/wp-json\/wp\/v2\/product\/16331\/revisions\/18725"}],"wp:featuredmedia":[{"embeddable":true,"href":"https:\/\/sabanadelamartours.com\/cs\/wp-json\/wp\/v2\/media\/16346"}],"wp:attachment":[{"href":"https:\/\/sabanadelamartours.com\/cs\/wp-json\/wp\/v2\/media?parent=16331"}],"wp:term":[{"taxonomy":"product_brand","embeddable":true,"href":"https:\/\/sabanadelamartours.com\/cs\/wp-json\/wp\/v2\/product_brand?post=16331"},{"taxonomy":"product_cat","embeddable":true,"href":"https:\/\/sabanadelamartours.com\/cs\/wp-json\/wp\/v2\/product_cat?post=16331"},{"taxonomy":"product_tag","embeddable":true,"href":"https:\/\/sabanadelamartours.com\/cs\/wp-json\/wp\/v2\/product_tag?post=16331"}],"curies":[{"name":"wp","href":"https:\/\/api.w.org\/{rel}","templated":true}]}}