{"id":16344,"date":"2025-12-18T13:46:51","date_gmt":"2025-12-18T13:46:51","guid":{"rendered":"https:\/\/sabanadelamartours.com\/?post_type=product&#038;p=16344"},"modified":"2026-01-09T05:45:14","modified_gmt":"2026-01-09T05:45:14","slug":"-567","status":"publish","type":"product","link":"https:\/\/sabanadelamartours.com\/cs\/prohlidka\/-567\/","title":{"rendered":"Bayahibe - Pot\u00e1p\u011bn\u00ed v cenot\u00e1ch - Godive Bayahibe"},"content":{"rendered":"<p>Na\u0161e doprava v\u00e1s vyzvedne v hotelu. Po podeps\u00e1n\u00ed pot\u0159ebn\u00fdch dokument\u016f si vyzvedneme ve\u0161ker\u00e9 va\u0161e pot\u00e1p\u011b\u010dsk\u00e9 vybaven\u00ed. Projdeme d\u017eungl\u00ed parku a budeme obdivovat n\u00e1dhern\u00e9 kaktusy, faunu, fl\u00f3ru a tis\u00edce mot\u00fdl\u016f. N\u00e1\u0161 t\u00fdm doprav\u00ed vybaven\u00ed na b\u0159eh vody. Po instrukt\u00e1\u017ei za\u010d\u00edn\u00e1 ponor ve vynikaj\u00edc\u00edm cenotu El Chicho se stalagtitov\u00fdmi \u00fatvary, stalagmity, sloupy... Neuv\u011b\u0159iteln\u00e1 hra sv\u011btla n\u00e1s bude prov\u00e1zet po celou dobu ponoru. Na konci z\u00e1\u017eitku v\u00e1s \u010dek\u00e1 z\u00e1v\u011bre\u010dn\u00e9 p\u0159ekvapen\u00ed zp\u011bt u na\u0161eho vozidla.<\/p>","protected":false},"excerpt":{"rendered":"<div data-track=\"overview\" data-v-83a2b402=\"\">\n<section id=\"activity-overview\" class=\"activity-overview\" data-component=\"overview\" data-v-83a2b402=\"\" data-v-f3236c42=\"\">\n<p class=\"activity-overview__content\" data-test-id=\"activity-overview-content\" data-v-f3236c42=\"\">Po proj\u00ed\u017e\u010fce d\u017eungl\u00ed prozkoumejte n\u00e1dhern\u00fd cenot El Chicho. Neuv\u011b\u0159iteln\u00e1 hra sv\u011btla a pr\u016fzra\u010dn\u00e9 vody<\/p>\n<\/section>\n<\/div>\n<div data-track=\"key-details\" data-v-83a2b402=\"\"><\/div>","protected":false},"featured_media":16351,"template":"","meta":[],"product_brand":[],"product_cat":[97],"product_tag":[101,102],"class_list":{"0":"post-16344","1":"product","2":"type-product","3":"status-publish","4":"has-post-thumbnail","6":"product_cat-dominican-republic","7":"product_tag-excursion","8":"product_tag-tour","10":"first","11":"instock","12":"shipping-taxable","13":"product-type-external"},"_links":{"self":[{"href":"https:\/\/sabanadelamartours.com\/cs\/wp-json\/wp\/v2\/product\/16344","targetHints":{"allow":["GET"]}}],"collection":[{"href":"https:\/\/sabanadelamartours.com\/cs\/wp-json\/wp\/v2\/product"}],"about":[{"href":"https:\/\/sabanadelamartours.com\/cs\/wp-json\/wp\/v2\/types\/product"}],"version-history":[{"count":1,"href":"https:\/\/sabanadelamartours.com\/cs\/wp-json\/wp\/v2\/product\/16344\/revisions"}],"predecessor-version":[{"id":18726,"href":"https:\/\/sabanadelamartours.com\/cs\/wp-json\/wp\/v2\/product\/16344\/revisions\/18726"}],"wp:featuredmedia":[{"embeddable":true,"href":"https:\/\/sabanadelamartours.com\/cs\/wp-json\/wp\/v2\/media\/16351"}],"wp:attachment":[{"href":"https:\/\/sabanadelamartours.com\/cs\/wp-json\/wp\/v2\/media?parent=16344"}],"wp:term":[{"taxonomy":"product_brand","embeddable":true,"href":"https:\/\/sabanadelamartours.com\/cs\/wp-json\/wp\/v2\/product_brand?post=16344"},{"taxonomy":"product_cat","embeddable":true,"href":"https:\/\/sabanadelamartours.com\/cs\/wp-json\/wp\/v2\/product_cat?post=16344"},{"taxonomy":"product_tag","embeddable":true,"href":"https:\/\/sabanadelamartours.com\/cs\/wp-json\/wp\/v2\/product_tag?post=16344"}],"curies":[{"name":"wp","href":"https:\/\/api.w.org\/{rel}","templated":true}]}}