{"id":16358,"date":"2025-12-18T13:47:17","date_gmt":"2025-12-18T13:47:17","guid":{"rendered":"https:\/\/sabanadelamartours.com\/?post_type=product&#038;p=16358"},"modified":"2026-02-14T03:30:23","modified_gmt":"2026-02-14T03:30:23","slug":"-570","status":"publish","type":"product","link":"https:\/\/sabanadelamartours.com\/cs\/prohlidka\/-570\/","title":{"rendered":"La Romana: jednosm\u011brn\u00fd soukrom\u00fd transfer"},"content":{"rendered":"<p>Waiting in line with your luggage at the airport taxi rank can be just as stressful an experience as trying to navigate a new city&#8217;s public transport system for the first time, but fortunately, you don&#8217;t need to do either of those things!<\/p>\n<p>Whether you are at La Romana Airport\/cruise terminal or your accommodation you can pre-book your transportation to hotels all around the Dominican Republic. You will be met by the driver to enjoy your smooth ride in a new air-conditioned minivan.<\/p>\n<p>Save yourself the hassle and uncertainty of finding a reliable local taxi and transfer in comfort, and arrive in style!<\/p>","protected":false},"excerpt":{"rendered":"<div data-track=\"overview\" data-v-83a2b402=\"\">\n<section id=\"activity-overview\" class=\"activity-overview\" data-component=\"overview\" data-v-83a2b402=\"\" data-v-f3236c42=\"\">\n<p class=\"activity-overview__content\" data-test-id=\"activity-overview-content\" data-v-f3236c42=\"\">U\u017eijte si soukromou p\u0159epravu modern\u00ed dod\u00e1vkou z leti\u0161t\u011b La Romana, z termin\u00e1lu v\u00fdletn\u00ed lodi nebo z ubytov\u00e1n\u00ed a vychutnejte si hladkou j\u00edzdu a\u017e do c\u00edle. U\u017eijte si profesion\u00e1ln\u00ed slu\u017eby \u0159idi\u010de a za\u010dn\u011bte svou dovolenou bez starost\u00ed.<\/p>\n<\/section>\n<\/div>\n<div data-track=\"key-details\" data-v-83a2b402=\"\"><\/div>","protected":false},"featured_media":16369,"template":"","meta":[],"product_brand":[],"product_cat":[97],"product_tag":[101,102],"class_list":{"0":"post-16358","1":"product","2":"type-product","3":"status-publish","4":"has-post-thumbnail","6":"product_cat-dominican-republic","7":"product_tag-excursion","8":"product_tag-tour","10":"first","11":"instock","12":"shipping-taxable","13":"product-type-external"},"_links":{"self":[{"href":"https:\/\/sabanadelamartours.com\/cs\/wp-json\/wp\/v2\/product\/16358","targetHints":{"allow":["GET"]}}],"collection":[{"href":"https:\/\/sabanadelamartours.com\/cs\/wp-json\/wp\/v2\/product"}],"about":[{"href":"https:\/\/sabanadelamartours.com\/cs\/wp-json\/wp\/v2\/types\/product"}],"version-history":[{"count":1,"href":"https:\/\/sabanadelamartours.com\/cs\/wp-json\/wp\/v2\/product\/16358\/revisions"}],"predecessor-version":[{"id":19194,"href":"https:\/\/sabanadelamartours.com\/cs\/wp-json\/wp\/v2\/product\/16358\/revisions\/19194"}],"wp:featuredmedia":[{"embeddable":true,"href":"https:\/\/sabanadelamartours.com\/cs\/wp-json\/wp\/v2\/media\/16369"}],"wp:attachment":[{"href":"https:\/\/sabanadelamartours.com\/cs\/wp-json\/wp\/v2\/media?parent=16358"}],"wp:term":[{"taxonomy":"product_brand","embeddable":true,"href":"https:\/\/sabanadelamartours.com\/cs\/wp-json\/wp\/v2\/product_brand?post=16358"},{"taxonomy":"product_cat","embeddable":true,"href":"https:\/\/sabanadelamartours.com\/cs\/wp-json\/wp\/v2\/product_cat?post=16358"},{"taxonomy":"product_tag","embeddable":true,"href":"https:\/\/sabanadelamartours.com\/cs\/wp-json\/wp\/v2\/product_tag?post=16358"}],"curies":[{"name":"wp","href":"https:\/\/api.w.org\/{rel}","templated":true}]}}