{"id":16379,"date":"2025-12-18T13:48:15","date_gmt":"2025-12-18T13:48:15","guid":{"rendered":"https:\/\/sabanadelamartours.com\/?post_type=product&#038;p=16379"},"modified":"2026-01-09T03:25:35","modified_gmt":"2026-01-09T03:25:35","slug":"-573","status":"publish","type":"product","link":"https:\/\/sabanadelamartours.com\/cs\/prohlidka\/-573\/","title":{"rendered":"Punta Cana: Zipline dobrodru\u017estv\u00ed s vyzvednut\u00edm v hotelu"},"content":{"rendered":"<p>Vzneste se nad de\u0161tn\u00fdm pralesem na jedn\u00e9 z nejdel\u0161\u00edch lanovek v Karibiku a vydejte se na vzru\u0161uj\u00edc\u00ed dobrodru\u017en\u00fd v\u00fdlet. Klouzejte z jedn\u00e9 plo\u0161iny na druhou na s\u00edti 7 paraleln\u00edch lan, na kter\u00fdch m\u016f\u017eete z\u00e1vodit s partnerem a za\u017e\u00edt tak je\u0161t\u011b v\u011bt\u0161\u00ed vzru\u0161en\u00ed.<\/p>\n<p>Vychutnejte si \u00fachvatn\u00e9 leteck\u00e9 pohledy na tropick\u00fd prales a jeho rozmanitou fl\u00f3ru a faunu. Tento vzru\u0161uj\u00edc\u00ed t\u0159\u00edhodinov\u00fd v\u00fdlet zahrnuje 1 hodinu j\u00edzdy na ziplinu s pohodln\u00fdm vyzvednut\u00edm a odvozem v hotelu.<\/p>\n<div class=\"toggle-content__content toggle-content__content--expanded toggle-content__content--packable\" data-v-59485d64=\"\">\n<div data-test-id=\"activity-full-description-text\" data-v-5835c99c=\"\">Nenechte si to uj\u00edt - rezervujte si dobrodru\u017estv\u00ed na zipline je\u0161t\u011b dnes a za\u017eijte dokonal\u00e9 vzru\u0161en\u00ed v de\u0161tn\u00e9m pralese.<\/div>\n<\/div>\n<div class=\"toggle-content__label-placeholder\" data-v-59485d64=\"\"><\/div>","protected":false},"excerpt":{"rendered":"<div data-track=\"overview\" data-v-83a2b402=\"\">\n<section id=\"activity-overview\" class=\"activity-overview\" data-component=\"overview\" data-v-83a2b402=\"\" data-v-f3236c42=\"\">\n<p class=\"activity-overview__content\" data-test-id=\"activity-overview-content\" data-v-f3236c42=\"\">Vzneste se nad de\u0161tn\u00fdm pralesem na jedn\u00e9 z nejdel\u0161\u00edch lanovek v Karibiku a vydejte se na vzru\u0161uj\u00edc\u00ed dobrodru\u017en\u00fd v\u00fdlet.<\/p>\n<\/section>\n<\/div>\n<div data-track=\"key-details\" data-v-83a2b402=\"\"><\/div>","protected":false},"featured_media":15123,"template":"","meta":[],"product_brand":[],"product_cat":[77],"product_tag":[101,102],"class_list":{"0":"post-16379","1":"product","2":"type-product","3":"status-publish","4":"has-post-thumbnail","6":"product_cat-uncategorized","7":"product_tag-excursion","8":"product_tag-tour","10":"first","11":"instock","12":"shipping-taxable","13":"product-type-external"},"_links":{"self":[{"href":"https:\/\/sabanadelamartours.com\/cs\/wp-json\/wp\/v2\/product\/16379","targetHints":{"allow":["GET"]}}],"collection":[{"href":"https:\/\/sabanadelamartours.com\/cs\/wp-json\/wp\/v2\/product"}],"about":[{"href":"https:\/\/sabanadelamartours.com\/cs\/wp-json\/wp\/v2\/types\/product"}],"version-history":[{"count":1,"href":"https:\/\/sabanadelamartours.com\/cs\/wp-json\/wp\/v2\/product\/16379\/revisions"}],"predecessor-version":[{"id":18664,"href":"https:\/\/sabanadelamartours.com\/cs\/wp-json\/wp\/v2\/product\/16379\/revisions\/18664"}],"wp:featuredmedia":[{"embeddable":true,"href":"https:\/\/sabanadelamartours.com\/cs\/wp-json\/wp\/v2\/media\/15123"}],"wp:attachment":[{"href":"https:\/\/sabanadelamartours.com\/cs\/wp-json\/wp\/v2\/media?parent=16379"}],"wp:term":[{"taxonomy":"product_brand","embeddable":true,"href":"https:\/\/sabanadelamartours.com\/cs\/wp-json\/wp\/v2\/product_brand?post=16379"},{"taxonomy":"product_cat","embeddable":true,"href":"https:\/\/sabanadelamartours.com\/cs\/wp-json\/wp\/v2\/product_cat?post=16379"},{"taxonomy":"product_tag","embeddable":true,"href":"https:\/\/sabanadelamartours.com\/cs\/wp-json\/wp\/v2\/product_tag?post=16379"}],"curies":[{"name":"wp","href":"https:\/\/api.w.org\/{rel}","templated":true}]}}