{"id":16410,"date":"2025-12-18T13:49:17","date_gmt":"2025-12-18T13:49:17","guid":{"rendered":"https:\/\/sabanadelamartours.com\/?post_type=product&#038;p=16410"},"modified":"2026-01-09T05:51:58","modified_gmt":"2026-01-09T05:51:58","slug":"-576","status":"publish","type":"product","link":"https:\/\/sabanadelamartours.com\/cs\/prohlidka\/-576\/","title":{"rendered":"Altos de Chav\u00f3n a n\u00e1kupy v La Romana Celodenn\u00ed v\u00fdlet"},"content":{"rendered":"<p>Objevte dokonal\u00e1 panoramata a rustik\u00e1ln\u00ed kr\u00e1sy Dominik\u00e1nsk\u00e9 republiky b\u011bhem p\u011btihodinov\u00e9 prohl\u00eddky m\u011bst Altos de Chav\u00f3n a La Romana. Poznejte m\u00edstn\u00ed v\u00edru a zvyky v bezkonkuren\u010dn\u00edm karibsk\u00e9m prost\u0159ed\u00ed.<\/p>\n<p>Po p\u0159esunu pohodln\u00fdm autobusem za \u00fasvitu zah\u00e1j\u00edte nezapomenutelnou v\u00fdpravu s drsn\u00fdmi v\u00fdhledy na odlehl\u00e9 pozad\u00ed v\u00fdchodn\u00edho pob\u0159e\u017e\u00ed ostrova Hispaniola. Pod\u00edvejte se tam, kde Karibsk\u00e9 mo\u0159e v\u00e1b\u00ed k obzoru nebeskou tyrkysovou mod\u0159\u00ed a m\u00edrn\u00fdm \u0161um\u011bn\u00edm vln.<\/p>\n<p>Objevte \u0159emeslnickou vesnici vis\u00edc\u00ed nad okrajem kopce a \u017easn\u011bte, jak vypad\u00e1, kdy\u017e se t\u011bsn\u011b p\u0159ed n\u00edm zastav\u00ed a p\u0159evr\u00e1t\u00ed. Altos de Chav\u00f3n je architektonick\u00fd z\u00e1zrak; p\u0159esn\u00e1 replika st\u0159edomo\u0159sk\u00e9 vesnice ze 16. stolet\u00ed postaven\u00e1 v Karibiku. Obdivujte jej\u00ed \u0161irok\u00e9 terasy s venkovsk\u00fdmi kulisami.<\/p>\n<p>Jeho dl\u00e1\u017ed\u011bn\u00e9 uli\u010dky a venkovsk\u00e1 v\u00fdzdoba l\u00e1kaj\u00ed filma\u0159e Roberta Coppu. Seznamte se s \u0159emesln\u00fdm zpracov\u00e1n\u00edm m\u011bsta, jeho kamenn\u00fdmi dl\u00e1\u017ed\u011bn\u00fdmi ulicemi a malebn\u00fdmi budovami. P\u0159i proch\u00e1zce se ve v\u00e1s probud\u00ed vzpom\u00ednky na m\u00fdtickou minulost, vyrytou sou\u010dasn\u00fdm um\u011bn\u00edm.<\/p>\n<p>Nav\u0161tivte Region\u00e1ln\u00ed archeologick\u00e9 muzeum s p\u0159edkolumbovsk\u00fdmi artefakty, kter\u00e9 dokl\u00e1daj\u00ed minulost ostrova. Prohl\u00e9dn\u011bte si bohatstv\u00ed antick\u00fdch p\u0159edm\u011bt\u016f a archeologick\u00fdch pam\u00e1tek. Obdivujte geodetickou kopuli amfite\u00e1tru Altos de Chav\u00f3n, nejv\u011bt\u0161\u00edho venkovn\u00edho sportovi\u0161t\u011b v Dominik\u00e1nsk\u00e9 republice.<\/p>\n<div class=\"toggle-content__content toggle-content__content--expanded toggle-content__content--packable\" data-v-59485d64=\"\">\n<div data-test-id=\"activity-full-description-text\" data-v-5835c99c=\"\">Pod\u00edvejte se na mistry, jak v nejv\u011bt\u0161\u00ed tov\u00e1rn\u011b na doutn\u00edky na sv\u011bt\u011b roluj\u00ed doutn\u00edky. Nechte se om\u00e1mit v\u016fn\u00ed star\u00e9ho tab\u00e1ku a pak se vydejte do Jumba, nejv\u011bt\u0161\u00edho superobchodu ve m\u011bst\u011b, kde si m\u016f\u017eete prohl\u00e9dnout uli\u010dky a hledat autentick\u00e9 suven\u00fdry. Na z\u00e1v\u011br nav\u0161tivte n\u00e1m\u011bst\u00ed Columbus Plaza a nakupte v obchodn\u00edm centru \u0159emesln\u00e9 v\u00fdrobky a produkty m\u00edstn\u00ed v\u00fdroby.<\/div>\n<\/div>\n<div class=\"toggle-content__label-placeholder\" data-v-59485d64=\"\"><\/div>","protected":false},"excerpt":{"rendered":"<p>Objevte dokonal\u00e1 panoramata Dominik\u00e1nsk\u00e9 republiky b\u011bhem p\u011btihodinov\u00e9ho v\u00fdletu na Altos de Chav\u00f3n a La Romana. Poznejte m\u00edstn\u00ed v\u00edru a zvyky v bezkonkuren\u010dn\u00edm karibsk\u00e9m prost\u0159ed\u00ed. Pot\u00e9 nakupte jedine\u010dn\u00e9 suven\u00fdry v autentick\u00e9m karibsk\u00e9m obchodn\u00edm centru.<\/p>","protected":false},"featured_media":16425,"template":"","meta":[],"product_brand":[],"product_cat":[97],"product_tag":[101,102],"class_list":{"0":"post-16410","1":"product","2":"type-product","3":"status-publish","4":"has-post-thumbnail","6":"product_cat-dominican-republic","7":"product_tag-excursion","8":"product_tag-tour","10":"first","11":"instock","12":"shipping-taxable","13":"product-type-external"},"_links":{"self":[{"href":"https:\/\/sabanadelamartours.com\/cs\/wp-json\/wp\/v2\/product\/16410","targetHints":{"allow":["GET"]}}],"collection":[{"href":"https:\/\/sabanadelamartours.com\/cs\/wp-json\/wp\/v2\/product"}],"about":[{"href":"https:\/\/sabanadelamartours.com\/cs\/wp-json\/wp\/v2\/types\/product"}],"version-history":[{"count":1,"href":"https:\/\/sabanadelamartours.com\/cs\/wp-json\/wp\/v2\/product\/16410\/revisions"}],"predecessor-version":[{"id":18732,"href":"https:\/\/sabanadelamartours.com\/cs\/wp-json\/wp\/v2\/product\/16410\/revisions\/18732"}],"wp:featuredmedia":[{"embeddable":true,"href":"https:\/\/sabanadelamartours.com\/cs\/wp-json\/wp\/v2\/media\/16425"}],"wp:attachment":[{"href":"https:\/\/sabanadelamartours.com\/cs\/wp-json\/wp\/v2\/media?parent=16410"}],"wp:term":[{"taxonomy":"product_brand","embeddable":true,"href":"https:\/\/sabanadelamartours.com\/cs\/wp-json\/wp\/v2\/product_brand?post=16410"},{"taxonomy":"product_cat","embeddable":true,"href":"https:\/\/sabanadelamartours.com\/cs\/wp-json\/wp\/v2\/product_cat?post=16410"},{"taxonomy":"product_tag","embeddable":true,"href":"https:\/\/sabanadelamartours.com\/cs\/wp-json\/wp\/v2\/product_tag?post=16410"}],"curies":[{"name":"wp","href":"https:\/\/api.w.org\/{rel}","templated":true}]}}