{"id":16494,"date":"2025-12-18T13:53:39","date_gmt":"2025-12-18T13:53:39","guid":{"rendered":"https:\/\/sabanadelamartours.com\/?post_type=product&#038;p=16494"},"modified":"2026-02-14T03:34:58","modified_gmt":"2026-02-14T03:34:58","slug":"-583","status":"publish","type":"product","link":"https:\/\/sabanadelamartours.com\/cs\/prohlidka\/-583\/","title":{"rendered":"Saman\u00e1 Adventure: Zku\u0161enosti z pl\u00e1\u017ee Rinc\u00f3n a Cayo Levantado"},"content":{"rendered":"<p>B\u011bhem tohoto celodenn\u00edho v\u00fdletu z Punta Cany budete m\u00edt mo\u017enost relaxovat na tepl\u00e9m b\u00edl\u00e9m p\u00edsku pl\u00e1\u017ee Playa Rincon a vydat se lod\u00ed do tyrkysov\u00fdch vod ostrova Cayo Levantado. S pr\u016fvodcem si tak\u00e9 prohl\u00e9dnete m\u011bsto Samana a pochutn\u00e1te si na tradi\u010dn\u00edm dominik\u00e1nsk\u00e9m ob\u011bd\u011b. Poj\u010fte poznat kr\u00e1sy Playa Rincon na tento nezapomenuteln\u00fd celodenn\u00ed v\u00fdlet.<\/p>\n<p>Toto velk\u00e9 dobrodru\u017estv\u00ed podnikneme v modern\u00edch a pohodln\u00fdch autobusech, kter\u00e9 vyj\u00ed\u017ed\u011bj\u00ed ze z\u00f3ny Punta Cana. Na\u0161\u00ed prvn\u00ed zast\u00e1vkou je molo Las Ca\u00f1itas de Miches, kde nasedneme na lo\u010f a vyd\u00e1me se do provincie Samana.<\/p>\n<p>Ji\u017e v Saman\u011b se vyd\u00e1me na panoramatickou prohl\u00eddku m\u011bsta, abychom se dozv\u011bd\u011bli v\u00edce o jeho kultu\u0159e, projdeme centrem m\u011bsta a prohl\u00e9dneme si jeho kostely, vl\u00e1dn\u00ed \u00fa\u0159ady a Pueblo Pr\u00edncipe. Pot\u00e9 odjedeme na Playa Rincon, na autobusovou prohl\u00eddku v d\u00e9lce asi 30 min.<\/p>\n<div class=\"toggle-content__content toggle-content__content--expanded toggle-content__content--packable\" data-v-59485d64=\"\">\n<div data-test-id=\"activity-full-description-text\" data-v-5835c99c=\"\">Playa Rinc\u00f3n je pova\u017eov\u00e1na za nejlep\u0161\u00ed na Saman\u00e1 a jednu z nejkr\u00e1sn\u011bj\u0161\u00edch na sv\u011bt\u011b. Nach\u00e1z\u00ed se v z\u00e1toce Rinc\u00f3n a je obklopena horami a kokosov\u00fdmi palmami. S \u010dasem si m\u016f\u017eete vychutnat Playa de Blancas Arenas a jemn\u00fd v\u00e1nek pod kokosov\u00fdmi palmami. Nav\u0161t\u00edv\u00edme tak\u00e9 Ca\u00f1o Frio, co\u017e je mal\u00e1 \u0159\u00ed\u010dka, kter\u00e1 se rod\u00ed z pramene na \u00fapat\u00ed hory, kde se projedeme na domorod\u00e9 k\u00e1noi mangrovov\u00fdmi ba\u017einami.<\/div>\n<\/div>\n<div class=\"toggle-content__label-placeholder\" data-v-59485d64=\"\"><\/div>","protected":false},"excerpt":{"rendered":"<div data-track=\"overview\" data-v-83a2b402=\"\">\n<section id=\"activity-overview\" class=\"activity-overview\" data-component=\"overview\" data-v-83a2b402=\"\" data-v-f3236c42=\"\">\n<p class=\"activity-overview__content\" data-test-id=\"activity-overview-content\" data-v-f3236c42=\"\">V\u00edtejte v Saman\u011b, Playa Rincon a Cayo Levantado, na nezapomenuteln\u00e9 cest\u011b po nej\u00fa\u017easn\u011bj\u0161\u00edch p\u0159\u00edrodn\u00edch scen\u00e9ri\u00edch a odlehl\u00fdch r\u00e1j\u00edch Dominik\u00e1nsk\u00e9 republiky.<\/p>\n<\/section>\n<\/div>\n<div data-track=\"key-details\" data-v-83a2b402=\"\"><\/div>","protected":false},"featured_media":16525,"template":"","meta":[],"product_brand":[],"product_cat":[97],"product_tag":[101,102],"class_list":{"0":"post-16494","1":"product","2":"type-product","3":"status-publish","4":"has-post-thumbnail","6":"product_cat-dominican-republic","7":"product_tag-excursion","8":"product_tag-tour","10":"first","11":"instock","12":"shipping-taxable","13":"product-type-external"},"_links":{"self":[{"href":"https:\/\/sabanadelamartours.com\/cs\/wp-json\/wp\/v2\/product\/16494","targetHints":{"allow":["GET"]}}],"collection":[{"href":"https:\/\/sabanadelamartours.com\/cs\/wp-json\/wp\/v2\/product"}],"about":[{"href":"https:\/\/sabanadelamartours.com\/cs\/wp-json\/wp\/v2\/types\/product"}],"version-history":[{"count":1,"href":"https:\/\/sabanadelamartours.com\/cs\/wp-json\/wp\/v2\/product\/16494\/revisions"}],"predecessor-version":[{"id":19204,"href":"https:\/\/sabanadelamartours.com\/cs\/wp-json\/wp\/v2\/product\/16494\/revisions\/19204"}],"wp:featuredmedia":[{"embeddable":true,"href":"https:\/\/sabanadelamartours.com\/cs\/wp-json\/wp\/v2\/media\/16525"}],"wp:attachment":[{"href":"https:\/\/sabanadelamartours.com\/cs\/wp-json\/wp\/v2\/media?parent=16494"}],"wp:term":[{"taxonomy":"product_brand","embeddable":true,"href":"https:\/\/sabanadelamartours.com\/cs\/wp-json\/wp\/v2\/product_brand?post=16494"},{"taxonomy":"product_cat","embeddable":true,"href":"https:\/\/sabanadelamartours.com\/cs\/wp-json\/wp\/v2\/product_cat?post=16494"},{"taxonomy":"product_tag","embeddable":true,"href":"https:\/\/sabanadelamartours.com\/cs\/wp-json\/wp\/v2\/product_tag?post=16494"}],"curies":[{"name":"wp","href":"https:\/\/api.w.org\/{rel}","templated":true}]}}