{"id":16551,"date":"2025-12-18T13:56:38","date_gmt":"2025-12-18T13:56:38","guid":{"rendered":"https:\/\/sabanadelamartours.com\/?post_type=product&#038;p=16551"},"modified":"2026-01-09T06:01:22","modified_gmt":"2026-01-09T06:01:22","slug":"-589","status":"publish","type":"product","link":"https:\/\/sabanadelamartours.com\/cs\/prohlidka\/-589\/","title":{"rendered":"7 skryt\u00fdch pl\u00e1\u017e\u00ed v Saman\u00e1 a Las Galeras"},"content":{"rendered":"<p>Prohl\u00eddka 7 rajsk\u00fdch pl\u00e1\u017e\u00ed! Nezapomenuteln\u00fd z\u00e1\u017eitek!<\/p>\n<p>P\u011b\u0161\u00ed t\u00fara dlouh\u00e1 3 km, na kter\u00e9 m\u016f\u017eete obdivovat kr\u00e1su 7 rajsk\u00fdch panensk\u00fdch pl\u00e1\u017e\u00ed a spojit se s karibskou p\u0159\u00edrodou v cel\u00e9 jej\u00ed kr\u00e1se!<\/p>\n<p>Tyto pl\u00e1\u017ee jsou n\u00e1dhern\u00e9 a my v\u00e1s budeme doprov\u00e1zet a v\u00e9st na va\u0161\u00ed cest\u011b, abyste je mohli naj\u00edt. Na pl\u00e1\u017ei si u\u017eijete rajsk\u00e9 prost\u0159ed\u00ed a tak\u00e9 vynikaj\u00edc\u00ed typick\u00e9 dominik\u00e1nsk\u00e9 j\u00eddlo!<\/p>\n<p>N\u00ed\u017ee vysv\u011btlujeme podrobnosti o t\u00e9to n\u00e1dhern\u00e9 p\u011b\u0161\u00ed turistice s n\u00e1vratem lod\u00ed.<\/p>\n<p>Popis na\u0161\u00ed turistiky:<\/p>\n<p>*Duarte Cave:<\/p>\n<p>Nav\u0161t\u00edv\u00edme jeskyni Duarte a sezn\u00e1m\u00edme se s rostlinstvem v okol\u00ed jeskyn\u011b, kter\u00e9 Ta\u00ednosov\u00e9 pou\u017e\u00edvali k v\u00fdrob\u011b l\u00e9\u010div\u00fdch p\u0159\u00edpravk\u016f a j\u00eddla, jako je chl\u00e9b guayiga a dal\u0161\u00ed druhy.....<\/p>\n<p>Lookout<\/p>\n<p>Vyjdeme opa\u010dn\u00fdm koncem jeskyn\u011b a doraz\u00edme na kr\u00e1snou vyhl\u00eddku, kde m\u016f\u017eeme z vrcholu rozj\u00edmat o n\u00e1dhern\u00e9 trase 7 skryt\u00fdch pl\u00e1\u017e\u00ed Las Galeras.<\/p>\n<p>&nbsp;<\/p>\n<p>Od jeskyn\u011b k prvn\u00edm dv\u011bma pl\u00e1\u017e\u00edm:<\/p>\n<p>\u2747\ufe0fCaleton Beach a<\/p>\n<p>\u2747\ufe0fLost Beach Stezka je kamenit\u00e1, ale snadn\u00e1 a p\u0159\u00edstupn\u00e1. Pak na pl\u00e1\u017e \u010d\u00edslo t\u0159i:<\/p>\n<p>\u2747\ufe0fColorada Beach 1<\/p>\n<p>Cesta je velmi p\u0159\u00edjemn\u00e1, proch\u00e1z\u00edte se r\u00e1jem!<\/p>\n<p>Tam si p\u0159iprav\u00edme vynikaj\u00edc\u00ed typick\u00e9 dominik\u00e1nsk\u00e9 j\u00eddlo ve form\u011b bufetu a jeho p\u0159\u00edrodn\u00ed \u0161\u0165\u00e1vy. Hodinu a p\u016fl dlouh\u00e1 zast\u00e1vka, kde se vykoupou a mohou si vychutnat dobr\u00e9 j\u00eddlo.<\/p>\n<p>Po ob\u011bd\u011b pokra\u010dujeme v n\u00e1v\u0161t\u011bv\u011b dal\u0161\u00edch pl\u00e1\u017e\u00ed a asi 15 minut ch\u016fze na Playa Rincon, kde se vr\u00e1t\u00edme lod\u00ed do La Playita, Las Galeras.<\/p>","protected":false},"excerpt":{"rendered":"<div data-track=\"overview\" data-v-83a2b402=\"\">\n<section id=\"activity-overview\" class=\"activity-overview\" data-component=\"overview\" data-v-83a2b402=\"\" data-v-f3236c42=\"\">\n<p class=\"activity-overview__content\" data-test-id=\"activity-overview-content\" data-v-f3236c42=\"\">P\u0159i p\u011b\u0161\u00ed t\u00fa\u0159e s pr\u016fvodcem po Saman\u011b se spojte s p\u0159\u00edrodou a nav\u0161tivte 7 tropick\u00fdch pl\u00e1\u017e\u00ed. Zastavte se mimo jin\u00e9 na pl\u00e1\u017e\u00edch Caleton, Colorada a Niningo a vychutnejte si tradi\u010dn\u00ed dominik\u00e1nsk\u00fd ob\u011bd.<\/p>\n<\/section>\n<\/div>\n<div data-track=\"key-details\" data-v-83a2b402=\"\"><\/div>","protected":false},"featured_media":16580,"template":"","meta":[],"product_brand":[],"product_cat":[97],"product_tag":[101,102],"class_list":{"0":"post-16551","1":"product","2":"type-product","3":"status-publish","4":"has-post-thumbnail","6":"product_cat-dominican-republic","7":"product_tag-excursion","8":"product_tag-tour","10":"first","11":"instock","12":"shipping-taxable","13":"product-type-external"},"_links":{"self":[{"href":"https:\/\/sabanadelamartours.com\/cs\/wp-json\/wp\/v2\/product\/16551","targetHints":{"allow":["GET"]}}],"collection":[{"href":"https:\/\/sabanadelamartours.com\/cs\/wp-json\/wp\/v2\/product"}],"about":[{"href":"https:\/\/sabanadelamartours.com\/cs\/wp-json\/wp\/v2\/types\/product"}],"version-history":[{"count":1,"href":"https:\/\/sabanadelamartours.com\/cs\/wp-json\/wp\/v2\/product\/16551\/revisions"}],"predecessor-version":[{"id":18737,"href":"https:\/\/sabanadelamartours.com\/cs\/wp-json\/wp\/v2\/product\/16551\/revisions\/18737"}],"wp:featuredmedia":[{"embeddable":true,"href":"https:\/\/sabanadelamartours.com\/cs\/wp-json\/wp\/v2\/media\/16580"}],"wp:attachment":[{"href":"https:\/\/sabanadelamartours.com\/cs\/wp-json\/wp\/v2\/media?parent=16551"}],"wp:term":[{"taxonomy":"product_brand","embeddable":true,"href":"https:\/\/sabanadelamartours.com\/cs\/wp-json\/wp\/v2\/product_brand?post=16551"},{"taxonomy":"product_cat","embeddable":true,"href":"https:\/\/sabanadelamartours.com\/cs\/wp-json\/wp\/v2\/product_cat?post=16551"},{"taxonomy":"product_tag","embeddable":true,"href":"https:\/\/sabanadelamartours.com\/cs\/wp-json\/wp\/v2\/product_tag?post=16551"}],"curies":[{"name":"wp","href":"https:\/\/api.w.org\/{rel}","templated":true}]}}