{"id":16574,"date":"2025-12-18T13:57:37","date_gmt":"2025-12-18T13:57:37","guid":{"rendered":"https:\/\/sabanadelamartours.com\/?post_type=product&#038;p=16574"},"modified":"2026-01-07T11:00:46","modified_gmt":"2026-01-07T11:00:46","slug":"z-punta-cana-sanctuary-pozorovani-velryb-celodenni-vylet-2","status":"publish","type":"product","link":"https:\/\/sabanadelamartours.com\/cs\/prohlidka\/z-punta-cana-sanctuary-pozorovani-velryb-celodenni-vylet-2\/","title":{"rendered":"Z Punta Cany: V\u00fdlet za pozorov\u00e1n\u00edm velryb v \u00fato\u010di\u0161ti"},"content":{"rendered":"<p>U\u017eijte si vyhl\u00eddkovou plavbu s pozorov\u00e1n\u00edm velryb na ostrov\u011b Cayo Levantado. Opus\u0165te Punta Canu, pokochejte se kr\u00e1sn\u00fdmi v\u00fdhledy na pob\u0159e\u017e\u00ed z lodi a zastavte se na ostrov\u011b Cayo Levantado, kde si dop\u0159ejte ob\u011bd a \u010das na pr\u016fzkum. Prohl\u00eddku za\u010dn\u011bte setk\u00e1n\u00edm s pr\u016fvodcem ve va\u0161em hotelu nebo ubytov\u00e1n\u00ed v Punta Can\u011b kolem 6:30 a odjezdem do p\u0159\u00edstavu Sabana de La Mar. Nalo\u010fte se na lo\u010f a vydejte se na \u010d\u00e1st prohl\u00eddky v\u011bnovanou pozorov\u00e1n\u00ed velryb. Pozorujte velryby v jejich p\u0159irozen\u00e9m prost\u0159ed\u00ed z lodi a u\u017eijte si pohled na tato n\u00e1dhern\u00e1 zv\u00ed\u0159ata zbl\u00edzka. Spat\u0159\u00edte mo\u0159sk\u00e9 druhy, nap\u0159\u00edklad keporkaky, kter\u00e9 do oblasti ka\u017edoro\u010dn\u011b migruj\u00ed. Vydejte se na ostrov Cayo Levantado, kde se zastavte na typick\u00fd dominik\u00e1nsk\u00fd ob\u011bd s m\u00edstn\u00edmi potravinami a projd\u011bte se po ostrov\u011b, zahrajte si volejbal nebo odpo\u010d\u00edvejte ve st\u00ednu. N\u00e1vrat do Sabana de La Mar v 16:30 a odtud zp\u011bt do Punta Cany.<\/p>","protected":false},"excerpt":{"rendered":"<div data-track=\"overview\" data-v-83a2b402=\"\">\n<section id=\"activity-overview\" class=\"activity-overview\" data-component=\"overview\" data-v-83a2b402=\"\" data-v-f3236c42=\"\">\n<p class=\"activity-overview__content\" data-test-id=\"activity-overview-content\" data-v-f3236c42=\"\">Vychutnejte si pozorov\u00e1n\u00ed velryb zbl\u00edzka b\u011bhem vyhl\u00eddkov\u00e9 plavby z Punta Cany. Z lodi se m\u016f\u017eete kochat kr\u00e1sn\u00fdmi v\u00fdhledy na pob\u0159e\u017e\u00ed a zastavit se na ostrov\u011b Cayo Levantado, kde si d\u00e1te ob\u011bd a voln\u00fd \u010das na prohl\u00eddku.<\/p>\n<\/section>\n<\/div>\n<div data-track=\"key-details\" data-v-83a2b402=\"\"><\/div>","protected":false},"featured_media":16601,"template":"","meta":[],"product_brand":[],"product_cat":[97],"product_tag":[101,102],"class_list":{"0":"post-16574","1":"product","2":"type-product","3":"status-publish","4":"has-post-thumbnail","6":"product_cat-dominican-republic","7":"product_tag-excursion","8":"product_tag-tour","10":"first","11":"instock","12":"shipping-taxable","13":"product-type-external"},"_links":{"self":[{"href":"https:\/\/sabanadelamartours.com\/cs\/wp-json\/wp\/v2\/product\/16574","targetHints":{"allow":["GET"]}}],"collection":[{"href":"https:\/\/sabanadelamartours.com\/cs\/wp-json\/wp\/v2\/product"}],"about":[{"href":"https:\/\/sabanadelamartours.com\/cs\/wp-json\/wp\/v2\/types\/product"}],"version-history":[{"count":1,"href":"https:\/\/sabanadelamartours.com\/cs\/wp-json\/wp\/v2\/product\/16574\/revisions"}],"predecessor-version":[{"id":18602,"href":"https:\/\/sabanadelamartours.com\/cs\/wp-json\/wp\/v2\/product\/16574\/revisions\/18602"}],"wp:featuredmedia":[{"embeddable":true,"href":"https:\/\/sabanadelamartours.com\/cs\/wp-json\/wp\/v2\/media\/16601"}],"wp:attachment":[{"href":"https:\/\/sabanadelamartours.com\/cs\/wp-json\/wp\/v2\/media?parent=16574"}],"wp:term":[{"taxonomy":"product_brand","embeddable":true,"href":"https:\/\/sabanadelamartours.com\/cs\/wp-json\/wp\/v2\/product_brand?post=16574"},{"taxonomy":"product_cat","embeddable":true,"href":"https:\/\/sabanadelamartours.com\/cs\/wp-json\/wp\/v2\/product_cat?post=16574"},{"taxonomy":"product_tag","embeddable":true,"href":"https:\/\/sabanadelamartours.com\/cs\/wp-json\/wp\/v2\/product_tag?post=16574"}],"curies":[{"name":"wp","href":"https:\/\/api.w.org\/{rel}","templated":true}]}}