{"id":16599,"date":"2025-12-18T13:58:51","date_gmt":"2025-12-18T13:58:51","guid":{"rendered":"https:\/\/sabanadelamartours.com\/?post_type=product&#038;p=16599"},"modified":"2026-01-09T03:38:46","modified_gmt":"2026-01-09T03:38:46","slug":"-592","status":"publish","type":"product","link":"https:\/\/sabanadelamartours.com\/cs\/prohlidka\/-592\/","title":{"rendered":"Los Haitises: Vydejte se na p\u011b\u0161\u00ed t\u00faru\/v\u00fdlet lod\u00ed do jeskyn\u00ed, mangrovov\u00fdch porost\u016f a de\u0161tn\u00e9ho pralesa."},"content":{"rendered":"<p>Tento v\u00fdlet za\u010d\u00edn\u00e1 s m\u00edstn\u00edm pr\u016fvodcem, kter\u00fd zn\u00e1 p\u016fvodn\u00ed historii tohoto n\u00e1dhern\u00e9ho n\u00e1rodn\u00edho parku.<\/p>\n<p>Pot\u00e9, co za\u010dneme z hlavn\u00edho p\u0159\u00edstavu n\u00e1rodn\u00edho parku Los Haitises n\u00e1zev Ca\u00f1o Hondo (Deep Creek) na lodi se z\u00e1chrann\u00fdmi vestami. Budeme se kochat \u010derven\u00fdm mangrovov\u00fdm lesem, dokud nedoraz\u00edme do z\u00e1toky San Lorenzo. Z mal\u00e9 z\u00e1toky se dostaneme do z\u00e1toky Saman\u00e1. A jsme tady! Prvn\u00ed \u00fa\u017easn\u00e1 v\u011bc, kterou m\u016f\u017eete vid\u011bt, je sb\u00edrka Obrovsk\u00fd v\u00e1pencov\u00fd horsk\u00fd ostrov zvan\u00fd Mogotes. na jejich vrcholu v\u00edce ne\u017e 700 druh\u016f rostlin a mnoho mok\u0159adn\u00edch pt\u00e1k\u016f l\u00e9taj\u00edc\u00edch kolem. Pozd\u011bji n\u00e1v\u0161t\u011bva jeskyn\u00ed s piktogramy na\u0161ich domorod\u00fdch komunit z doby p\u0159ed 750 lety.<\/p>\n<p>P\u0159es mangrovov\u00e9 porosty se dostanete k otev\u0159en\u00e9mu z\u00e1livu San Lorenzo, odkud m\u016f\u017eete fotografovat drsnou lesn\u00ed krajinu. Pod\u00edvejte se do vody a spat\u0159ete kapust\u0148\u00e1ky, kor\u00fd\u0161e a delf\u00edny.<\/p>\n<div class=\"toggle-content__content toggle-content__content--expanded toggle-content__content--packable\" data-v-59485d64=\"\">\n<div data-test-id=\"activity-full-description-text\" data-v-5835c99c=\"\">N\u00e1zev n\u00e1rodn\u00edho parku poch\u00e1z\u00ed od jeho p\u016fvodn\u00edch obyvatel, indi\u00e1n\u016f kmene Taino. V jejich jazyce \u201cHaitises\u201d znamen\u00e1 v p\u0159ekladu vyso\u010dina nebo pahorkatina, co\u017e je odkaz na strm\u00e9 geologick\u00e9 \u00fatvary na pob\u0159e\u017e\u00ed s v\u00e1penci. Vydejte se hloub\u011bji do parku a prozkoumejte jeskyn\u011b, nap\u0159\u00edklad Cueva de la Arena a Cueva de la L\u00ednea. Jeskyn\u011b v rezervaci slou\u017eily jako \u00fakryt indi\u00e1n\u016fm kmene Taino a pozd\u011bji se v nich ukr\u00fdvali pir\u00e1ti. Pod\u00edvejte se na kresby indi\u00e1n\u016f, kter\u00e9 zdob\u00ed n\u011bkter\u00e9 st\u011bny. Po n\u00e1v\u0161t\u011bv\u011b n\u00e1rodn\u00edho parku Los Haitises se vr\u00e1t\u00edme do p\u0159\u00edstavu, odkud n\u00e1\u0161 v\u00fdlet za\u010dal.<\/div>\n<\/div>\n<div class=\"toggle-content__label-placeholder\" data-v-59485d64=\"\"><\/div>","protected":false},"excerpt":{"rendered":"<div data-track=\"overview\" data-v-83a2b402=\"\">\n<section id=\"activity-overview\" class=\"activity-overview\" data-component=\"overview\" data-v-83a2b402=\"\" data-v-f3236c42=\"\">\n<p class=\"activity-overview__content\" data-test-id=\"activity-overview-content\" data-v-f3236c42=\"\">Vyzkou\u0161ejte si t\u00faru de\u0161tn\u00fdm pralesem v Los Haitises a u\u017eijte si v\u00fdlet lod\u00ed mangrovov\u00fdmi porosty a n\u00e1v\u0161t\u011bvu jeskyn\u00ed v parku. P\u0159i prohl\u00eddce parku se m\u016f\u017eete u\u010dit od m\u00edstn\u00edho pr\u016fvodce a pozorovat nejr\u016fzn\u011bj\u0161\u00ed divok\u00e1 zv\u00ed\u0159ata.<\/p>\n<\/section>\n<\/div>\n<div data-track=\"key-details\" data-v-83a2b402=\"\"><\/div>","protected":false},"featured_media":15289,"template":"","meta":[],"product_brand":[],"product_cat":[97],"product_tag":[101,102],"class_list":{"0":"post-16599","1":"product","2":"type-product","3":"status-publish","4":"has-post-thumbnail","6":"product_cat-dominican-republic","7":"product_tag-excursion","8":"product_tag-tour","10":"first","11":"instock","12":"shipping-taxable","13":"product-type-external"},"_links":{"self":[{"href":"https:\/\/sabanadelamartours.com\/cs\/wp-json\/wp\/v2\/product\/16599","targetHints":{"allow":["GET"]}}],"collection":[{"href":"https:\/\/sabanadelamartours.com\/cs\/wp-json\/wp\/v2\/product"}],"about":[{"href":"https:\/\/sabanadelamartours.com\/cs\/wp-json\/wp\/v2\/types\/product"}],"version-history":[{"count":1,"href":"https:\/\/sabanadelamartours.com\/cs\/wp-json\/wp\/v2\/product\/16599\/revisions"}],"predecessor-version":[{"id":18673,"href":"https:\/\/sabanadelamartours.com\/cs\/wp-json\/wp\/v2\/product\/16599\/revisions\/18673"}],"wp:featuredmedia":[{"embeddable":true,"href":"https:\/\/sabanadelamartours.com\/cs\/wp-json\/wp\/v2\/media\/15289"}],"wp:attachment":[{"href":"https:\/\/sabanadelamartours.com\/cs\/wp-json\/wp\/v2\/media?parent=16599"}],"wp:term":[{"taxonomy":"product_brand","embeddable":true,"href":"https:\/\/sabanadelamartours.com\/cs\/wp-json\/wp\/v2\/product_brand?post=16599"},{"taxonomy":"product_cat","embeddable":true,"href":"https:\/\/sabanadelamartours.com\/cs\/wp-json\/wp\/v2\/product_cat?post=16599"},{"taxonomy":"product_tag","embeddable":true,"href":"https:\/\/sabanadelamartours.com\/cs\/wp-json\/wp\/v2\/product_tag?post=16599"}],"curies":[{"name":"wp","href":"https:\/\/api.w.org\/{rel}","templated":true}]}}