{"id":16683,"date":"2025-12-18T14:02:25","date_gmt":"2025-12-18T14:02:25","guid":{"rendered":"https:\/\/sabanadelamartours.com\/?post_type=product&#038;p=16683"},"modified":"2026-01-10T16:16:15","modified_gmt":"2026-01-10T16:16:15","slug":"-600","status":"publish","type":"product","link":"https:\/\/sabanadelamartours.com\/cs\/prohlidka\/-600\/","title":{"rendered":"Pozorov\u00e1n\u00ed velryb + Cayo Levantado"},"content":{"rendered":"<p>We will meet you at Malecon in Samana at 8:30 AM (the exact meeting point and other details are provided in the confirmation message). First we go to observe the whales in their own habitat. After observation, we will go for a typical dominican lunch to Cayo Levantado Island. After lunch you will have free time to enjoy the beach, walk around the island, playing volleyball or just relaxing in the shadow. Around 4:30 PM we will return back to Samana community where the experience finish.<\/p>\n<p>Dal\u0161\u00ed v\u011bci, kter\u00e9 je t\u0159eba vz\u00edt na v\u011bdom\u00ed<\/p>\n<p>Jedn\u00e1 se o z\u00e1\u017eitek, kter\u00fd v\u00e1m umo\u017en\u00ed vid\u011bt velryby zbl\u00edzka. Nesm\u00edte s nimi plavat ani se jich dot\u00fdkat.<\/p>\n<p>V p\u0159\u00edpad\u011b, \u017ee byste cht\u011bli podniknout soukrom\u00fd v\u00fdlet a nep\u0159ipojit se ke skupin\u011b, kontaktujte n\u00e1s a my v\u00e1m za\u0161leme ceny a dal\u0161\u00ed podrobnosti.<\/p>\n<div class=\"toggle-content__content toggle-content__content--expanded toggle-content__content--packable\" data-v-59485d64=\"\">\n<div data-test-id=\"activity-full-description-text\" data-v-5835c99c=\"\">M\u00e1me tak\u00e9 mo\u017enost pozorov\u00e1n\u00ed velryb z Punta Cany, Sabana de la Mar\/Miches a dal\u0161\u00edch m\u00edst za p\u0159\u00edplatek.<\/div>\n<\/div>\n<div class=\"toggle-content__label-placeholder\" data-v-59485d64=\"\"><\/div>","protected":false},"excerpt":{"rendered":"<div data-track=\"overview\" data-v-83a2b402=\"\">\n<section id=\"activity-overview\" class=\"activity-overview\" data-component=\"overview\" data-v-83a2b402=\"\" data-v-f3236c42=\"\">\n<p class=\"activity-overview__content\" data-test-id=\"activity-overview-content\" data-v-f3236c42=\"\">Enjoy up-close whale sightings on a scenic cruise departing from Saman\u00e1. Take in beautiful coastal views from the boat and stop at Cayo Levantado Island for lunch and some free time to explore.<\/p>\n<\/section>\n<\/div>\n<div data-track=\"key-details\" data-v-83a2b402=\"\"><\/div>","protected":false},"featured_media":16727,"template":"","meta":[],"product_brand":[],"product_cat":[97],"product_tag":[101,102],"class_list":{"0":"post-16683","1":"product","2":"type-product","3":"status-publish","4":"has-post-thumbnail","6":"product_cat-dominican-republic","7":"product_tag-excursion","8":"product_tag-tour","10":"first","11":"instock","12":"shipping-taxable","13":"product-type-external"},"_links":{"self":[{"href":"https:\/\/sabanadelamartours.com\/cs\/wp-json\/wp\/v2\/product\/16683","targetHints":{"allow":["GET"]}}],"collection":[{"href":"https:\/\/sabanadelamartours.com\/cs\/wp-json\/wp\/v2\/product"}],"about":[{"href":"https:\/\/sabanadelamartours.com\/cs\/wp-json\/wp\/v2\/types\/product"}],"version-history":[{"count":1,"href":"https:\/\/sabanadelamartours.com\/cs\/wp-json\/wp\/v2\/product\/16683\/revisions"}],"predecessor-version":[{"id":18810,"href":"https:\/\/sabanadelamartours.com\/cs\/wp-json\/wp\/v2\/product\/16683\/revisions\/18810"}],"wp:featuredmedia":[{"embeddable":true,"href":"https:\/\/sabanadelamartours.com\/cs\/wp-json\/wp\/v2\/media\/16727"}],"wp:attachment":[{"href":"https:\/\/sabanadelamartours.com\/cs\/wp-json\/wp\/v2\/media?parent=16683"}],"wp:term":[{"taxonomy":"product_brand","embeddable":true,"href":"https:\/\/sabanadelamartours.com\/cs\/wp-json\/wp\/v2\/product_brand?post=16683"},{"taxonomy":"product_cat","embeddable":true,"href":"https:\/\/sabanadelamartours.com\/cs\/wp-json\/wp\/v2\/product_cat?post=16683"},{"taxonomy":"product_tag","embeddable":true,"href":"https:\/\/sabanadelamartours.com\/cs\/wp-json\/wp\/v2\/product_tag?post=16683"}],"curies":[{"name":"wp","href":"https:\/\/api.w.org\/{rel}","templated":true}]}}