{"id":16798,"date":"2025-12-18T14:08:08","date_gmt":"2025-12-18T14:08:08","guid":{"rendered":"https:\/\/sabanadelamartours.com\/?post_type=product&#038;p=16798"},"modified":"2025-12-18T14:11:23","modified_gmt":"2025-12-18T14:11:23","slug":"los-haitises-sunrise-or-sunset-soukromy-kajak-exkurze-s-mistnimi-obyvateli","status":"publish","type":"product","link":"https:\/\/sabanadelamartours.com\/cs\/prohlidka\/los-haitises-sunrise-or-sunset-soukromy-kajak-exkurze-s-mistnimi-obyvateli\/","title":{"rendered":"Ca\u00f1o Hondo : Los Haitises Soukrom\u00fd v\u00fdlet na kajaku s m\u00edstn\u00edmi obyvateli p\u0159i v\u00fdchodu nebo z\u00e1padu slunce"},"content":{"rendered":"<div class=\"wpb-content-wrapper\"><div class=\"vc_row wpb_row st bg-holder\"><div class='container'><div class='row'>\n\t<div class=\"wpb_column column_container col-md-12\"><div class=\"vc_column-inner wpb_wrapper\">\n\t\t\t<div class=\"vc_btn3-container vc_btn3-inline vc_do_btn\" ><a class=\"vc_general vc_btn3 vc_btn3-size-md vc_btn3-shape-rounded vc_btn3-style-modern vc_btn3-color-green\" href=\"https:\/\/bookingadventures.tours\/booking.php?tour_id=5e23e6777c99f3e8cc360d181c266535\" title=\"\" target=\"_blank\" rel=\"noopener\">REZERVOVAT<\/a><\/div><div class=\"vc_empty_space\"   style=\"height: 32px\"><span class=\"vc_empty_space_inner\"><\/span><\/div><\/div>\n\t<\/div> \n<\/div><!--End .row--><\/div><!--End .container--><\/div>\n\t<div class=\"wpb_column column_container col-md-12\"><div class=\"vc_column-inner wpb_wrapper\">\n\t\t\t<\/div>\n\t<\/div> \n\n\t<div class=\"wpb_column column_container col-md-12\"><div class=\"vc_column-inner wpb_wrapper\">\n\t\t\t<\/div>\n\t<\/div> \n<div class=\"vc_row wpb_row st bg-holder\"><div class='container'><div class='row'>\n\t<div class=\"wpb_column column_container col-md-12\"><div class=\"vc_column-inner wpb_wrapper\">\n\t\t\t<\/div>\n\t<\/div> \n<\/div><!--End .row--><\/div><!--End .container--><\/div><div class=\"vc_row wpb_row st bg-holder\"><div class='container'><div class='row'>\n\t<div class=\"wpb_column column_container col-md-12\"><div class=\"vc_column-inner wpb_wrapper\">\n\t\t\t\n\t<div class=\"wpb_text_column wpb_content_element\" >\n\t\t<div class=\"wpb_wrapper\">\n\t\t\t<div class=\"vc_row wpb_row vc_row-fluid\">\n<div class=\"wpb_column vc_column_container vc_col-sm-12\">\n<div class=\"vc_column-inner\">\n<div class=\"wpb_wrapper\">\n<div class=\"mkdf-section-title-holder\">\n<div class=\"mkdf-st-inner\">\n<h5 class=\"mkdf-st-subtitle\">V\u00fdchod a z\u00e1pad slunce Los Haitises<\/h5>\n<h3 class=\"mkdf-st-title\">Soukrom\u00fd v\u00fdlet na kajaku s m\u00edstn\u00edmi obyvateli p\u0159i v\u00fdchodu nebo z\u00e1padu slunce v Los Haitises<\/h3>\n<\/div>\n<\/div>\n<\/div>\n<\/div>\n<\/div>\n<\/div>\n<div class=\"vc_row wpb_row vc_row-fluid\">\n<div class=\"wpb_column vc_column_container vc_col-sm-12\">\n<div class=\"vc_column-inner\">\n<div class=\"wpb_wrapper\">\n<div class=\"vc_empty_space\"><\/div>\n<\/div>\n<\/div>\n<\/div>\n<\/div>\n<div class=\"vc_row wpb_row vc_row-fluid\"><\/div>\n<div class=\"wpb_column vc_column_container vc_col-sm-12\">\n<div class=\"vc_column-inner\">\n<div class=\"wpb_wrapper\"><\/div>\n<\/div>\n<\/div>\n<div class=\"wpb_text_column wpb_content_element\">\n<div class=\"wpb_wrapper\"><\/div>\n<\/div>\n<h4><a id=\"overview\" class=\"aal_anchor\" href=\"https:\/\/bookingadventures.com.do\/dominicantour\/los-haitises-sunrise-or-sunset-private-kayak-excursion-with-locals\/#overview\" aria-hidden=\"true\" target=\"_blank\" rel=\"noopener\"><\/a><b><i>P\u0159ehled<\/i><\/b><\/h4>\n<p>J\u00edzda na kajaku po mangrovov\u00fdch porostech v n\u00e1rodn\u00edm parku Los Haitises s m\u00edstn\u00edm pr\u016fvodcem 3 hodiny. Na tento v\u00fdlet je nejvhodn\u011bj\u0161\u00ed doba, kdy v n\u00e1rodn\u00edm parku Los Haitises nejsou n\u00e1v\u0161t\u011bvn\u00edci.  N\u00e1v\u0161t\u011bva mangrovov\u00fdch porost\u016f v \u0159ece Ca\u00f1o Hondo plus p\u0159ehled z\u00e1livu San Lorenzo v n\u00e1rodn\u00edm parku Los Haitises, oblast Sabana de la Mar Ca\u00f1o Hondo. V p\u0159\u00edpad\u011b kr\u00e1tk\u00e9ho v\u00fdletu:\u00a0<a href=\"https:\/\/ticketswhales.com\/Tours-Excursions\/caves\/kayaking-in-los-haitises-with-tour-guide-from-cano-hondo-2\/\" target=\"_blank\" rel=\"noopener\"><em><strong>J\u00edzda na kajaku Los Haitises 2 hodiny<\/strong><\/em><\/a><\/p>\n<ul>\n<li>Pr\u016fvodce poskytuje instrukce a dohled.<\/li>\n<li>K dispozici jsou kajaky a p\u00e1dla Doble pro dv\u011b osoby a Simple pro jednu osobu.<\/li>\n<\/ul>\n<p>&nbsp;<\/p>\n<h4><a id=\"inclusions-exclusions\" class=\"aal_anchor\" href=\"https:\/\/bookingadventures.com.do\/dominicantour\/los-haitises-sunrise-or-sunset-private-kayak-excursion-with-locals\/#inclusions-exclusions\" aria-hidden=\"true\" target=\"_blank\" rel=\"noopener\"><\/a><b>Zahrnut\u00ed a vylou\u010den\u00ed<\/b><\/h4>\n<p>&nbsp;<\/p>\n<p><b>Inkluze<\/b><\/p>\n<p>&nbsp;<\/p>\n<ol>\n<li>V\u00fdlet na kajaku<\/li>\n<li>V\u0161echny dan\u011b, poplatky a manipula\u010dn\u00ed poplatky<\/li>\n<li>M\u00edstn\u00ed dan\u011b<\/li>\n<li>M\u00edstn\u00ed pr\u016fvodce<\/li>\n<\/ol>\n<p><b>V\u00fdjimky<\/b><\/p>\n<ol>\n<li>Spropitn\u00e9<\/li>\n<li>P\u0159enos<\/li>\n<li>Ob\u011bd nen\u00ed v cen\u011b<\/li>\n<li>Alkoholick\u00e9 n\u00e1poje<\/li>\n<\/ol>\n<p>&nbsp;<\/p>\n<h4><a id=\"departure-return\" class=\"aal_anchor\" href=\"https:\/\/bookingadventures.com.do\/dominicantour\/los-haitises-sunrise-or-sunset-private-kayak-excursion-with-locals\/#departure-return\" aria-hidden=\"true\" target=\"_blank\" rel=\"noopener\"><\/a><em><strong>Odjezd a n\u00e1vrat<\/strong><\/em><\/h4>\n<p>Cestuj\u00edc\u00ed obdr\u017e\u00ed m\u00edsto setk\u00e1n\u00ed po dokon\u010den\u00ed rezervace. V\u00fdlety za\u010d\u00ednaj\u00ed a kon\u010d\u00ed na na\u0161ich m\u00edstech setk\u00e1n\u00ed.<\/p>\n<p>&nbsp;<\/p>\n<h4><a id=\"what-to-expect\" class=\"aal_anchor\" href=\"https:\/\/bookingadventures.com.do\/dominicantour\/los-haitises-sunrise-or-sunset-private-kayak-excursion-with-locals\/#what-to-expect\" aria-hidden=\"true\" target=\"_blank\" rel=\"noopener\"><\/a><b><i>Co o\u010dek\u00e1vat?<\/i><\/b><\/h4>\n<p>&nbsp;<\/p>\n<p><em><strong>Z\u00edskejte vstupenky<\/strong><\/em>\u00a03 hodiny plavby na kajaku v \u0159\u00ed\u010dn\u00edm lese Cano Hondo (mangrovy), skalnat\u00e9 ostrovy, pozorov\u00e1n\u00ed pt\u00e1k\u016f, v\u00fdchod a z\u00e1pad slunce s m\u00edstn\u00edm pr\u016fvodcem.<\/p>\n<p>Kdy\u017e dostaneme v\u0161echny druhy vybaven\u00ed pot\u0159ebn\u00e9 pro va\u0161i bezpe\u010dnost (z\u00e1chrann\u00e9 vesty atd.), akce za\u010dne kajakem z p\u0159\u00edstavu Ca\u00f1o Hondo River.<\/p>\n<p>Prohl\u00eddka organizovan\u00e1 spole\u010dnost\u00ed \u201cBooking Adventures\u201d za\u010d\u00edn\u00e1 na m\u00edst\u011b setk\u00e1n\u00ed s pr\u016fvodcem. Na kajac\u00edch se vyd\u00e1te p\u0159es mangrovov\u00e9 ba\u017einy, kolem starobyl\u00fdch pir\u00e1tsk\u00fdch jeskyn\u00ed a do chr\u00e1n\u011bn\u00fdch les\u016f v t\u00e9to malebn\u00e9 rezervaci, kter\u00e1 za\u010d\u00edn\u00e1 v oblasti hotel\u016f Ca\u00f1o Hondo nebo v Sabana de la Mar,<\/p>\n<div class=\"body-description secondary\">\n<p>Poj\u010fte se s Booking Adventures pod\u00edvat do mangrovov\u00fdch porost\u016f pln\u00fdch pt\u00e1k\u016f, kopc\u016f s bujnou vegetac\u00ed a jeskyn\u00ed.\u00a0<em><strong>N\u00e1rodn\u00ed park Los Haitises<\/strong><\/em>. V\u00fdlet na kajac\u00edch z \u0159eky Ca\u00f1o Hondo, Sabana de la Mar. P\u0159es mangrovov\u00e9 porosty a p\u0159ist\u00e1n\u00ed v otev\u0159en\u00e9 z\u00e1toce San Lorenzo, odkud m\u016f\u017eete fotografovat drsnou lesn\u00ed krajinu. Pod\u00edvejte se na vodu a spat\u0159ete\u00a0<em><strong>Kapust\u0148\u00e1ci<\/strong><\/em>, kor\u00fd\u0161i a\u00a0<em><strong>delf\u00edny.<\/strong><\/em><\/p>\n<p>N\u00e1zev n\u00e1rodn\u00edho parku poch\u00e1z\u00ed od jeho p\u016fvodn\u00edch obyvatel, indi\u00e1n\u016f kmene Taino. V jejich jazyce \u201cHaitises\u201d znamen\u00e1 v p\u0159ekladu vyso\u010dina nebo pahorkatina, co\u017e je odkaz na strm\u00e9 geologick\u00e9 \u00fatvary na pob\u0159e\u017e\u00ed s v\u00e1penci. Vydejte se hloub\u011bji do parku a prozkoumejte jeskyn\u011b, nap\u0159.\u00a0<em><strong>Cueva de la Arena<\/strong><\/em>\u00a0a\u00a0<strong><em>Cueva de la L\u00ednea.<\/em><\/strong>\u00a0Jeskyn\u011b v rezervaci slou\u017eily jako \u00fakryt indi\u00e1n\u016fm kmene Taino a pozd\u011bji se v nich ukr\u00fdvali pir\u00e1ti. Pod\u00edvejte se na kresby indi\u00e1n\u016f, kter\u00e9 zdob\u00ed n\u011bkter\u00e9 st\u011bny.<\/p>\n<p>V p\u0159\u00edpad\u011b, \u017ee se v\u00e1m tento v\u00fdlet bude l\u00edbit, m\u00e1me pro v\u00e1s druhou mo\u017enost:\u00a0<a href=\"https:\/\/ticketswhales.com\/Tours-Excursions\/caves\/kayaking-in-los-haitises-with-tour-guide-from-cano-hondo-2\/\" target=\"_blank\" rel=\"noopener\">J\u00edzda na kajaku v Los Haitises 2 hodiny\u00a0<\/a><\/p>\n<p>C\u00edl trasy je ve v\u00fdchoz\u00edm bod\u011b v n\u00e1rodn\u00edm parku Los Haitises. Doporu\u010dujeme tento v\u00fdlet v 6:00 hodin r\u00e1no v p\u0159\u00edpad\u011b, \u017ee chcete vid\u011bt\u00a0<em><strong>Kapust\u0148\u00e1ci<\/strong><\/em>, kor\u00fd\u0161i a\u00a0<em><strong>delf\u00edny.<\/strong><\/em><\/p>\n<\/div>\n<p><em><strong>6:00<\/strong><\/em>\u00a0 a 16:00 jsou nejlep\u0161\u00edm tajn\u00fdm \u010dasem pro pobyt o samot\u011b v n\u00e1rodn\u00edm parku Los Haitises. U\u017e\u00edvejte si p\u0159\u00edrody a klidn\u00e9 vody.<\/p>\n<h4><a id=\"what-you-should-bring\" class=\"aal_anchor\" href=\"https:\/\/bookingadventures.com.do\/dominicantour\/los-haitises-sunrise-or-sunset-private-kayak-excursion-with-locals\/#what-you-should-bring\" aria-hidden=\"true\" target=\"_blank\" rel=\"noopener\"><\/a><em><strong>Co byste si m\u011bli vz\u00edt s sebou?<\/strong><\/em><\/h4>\n<ul>\n<li>Fotoapar\u00e1t<\/li>\n<li>Repelentn\u00ed pupeny<\/li>\n<li>opalovac\u00ed kr\u00e9m<\/li>\n<li>Klobouk<\/li>\n<li>Pohodln\u00e9 kalhoty<\/li>\n<li>Sand\u00e1ly<\/li>\n<li>Plaveck\u00fd od\u011bv<\/li>\n<\/ul>\n<p>&nbsp;<\/p>\n<h4><a id=\"hotel-pickup\" class=\"aal_anchor\" href=\"https:\/\/bookingadventures.com.do\/dominicantour\/los-haitises-sunrise-or-sunset-private-kayak-excursion-with-locals\/#hotel-pickup\" aria-hidden=\"true\" target=\"_blank\" rel=\"noopener\"><\/a><b><i>Vyzvednut\u00ed v hotelu<\/i><\/b><\/h4>\n<p>Vyzvednut\u00ed v hotelu se u t\u00e9to prohl\u00eddky nenab\u00edz\u00ed.<\/p>\n<p>&nbsp;<\/p>\n<p><b>Pozn\u00e1mka:<\/b>\u00a0pokud si rezervujete ubytov\u00e1n\u00ed do 24 hodin p\u0159ed odjezdem na v\u00fdlet\/exkurzi, m\u016f\u017eeme za\u0159\u00eddit vyzvednut\u00ed v hotelu za p\u0159\u00edplatek. Po dokon\u010den\u00ed n\u00e1kupu v\u00e1m za\u0161leme kompletn\u00ed kontaktn\u00ed informace (telefonn\u00ed \u010d\u00edslo, e-mailovou adresu atd.) pro na\u0161eho m\u00edstn\u00edho pr\u016fvodce, kter\u00fd zorganizuje vyzvednut\u00ed.<\/p>\n<h4><a id=\"additional-info-confirmation\" class=\"aal_anchor\" href=\"https:\/\/bookingadventures.com.do\/dominicantour\/los-haitises-sunrise-or-sunset-private-kayak-excursion-with-locals\/#additional-info-confirmation\" aria-hidden=\"true\" target=\"_blank\" rel=\"noopener\"><\/a><b><i>Dal\u0161\u00ed informace Potvrzen\u00ed<\/i><\/b><\/h4>\n<ol>\n<li>Vstupenky jsou stvrzenkou po zaplacen\u00ed t\u00e9to prohl\u00eddky. Platbu m\u016f\u017eete uk\u00e1zat na sv\u00e9m telefonu.<\/li>\n<li>M\u00edsto setk\u00e1n\u00ed obdr\u017e\u00edte po dokon\u010den\u00ed rezervace.<\/li>\n<li>D\u011bti mus\u00ed b\u00fdt v doprovodu dosp\u011bl\u00e9 osoby.<\/li>\n<li>Nen\u00ed bezbari\u00e9rov\u00fd<\/li>\n<li>Kojenci mus\u00ed sed\u011bt na kl\u00edn\u011b<\/li>\n<li>Nedoporu\u010duje se cestuj\u00edc\u00edm s probl\u00e9my se z\u00e1dy<\/li>\n<li>Nedoporu\u010duje se pro t\u011bhotn\u00e9 cestuj\u00edc\u00ed<\/li>\n<li>\u017d\u00e1dn\u00e9 srde\u010dn\u00ed probl\u00e9my ani jin\u00e9 z\u00e1va\u017en\u00e9 zdravotn\u00ed pot\u00ed\u017ee<\/li>\n<li>V\u011bt\u0161ina cestuj\u00edc\u00edch se m\u016f\u017ee z\u00fa\u010dastnit<\/li>\n<\/ol>\n\n\t\t<\/div>\n\t<\/div>\n<div class=\"vc_empty_space\"   style=\"height: 32px\"><span class=\"vc_empty_space_inner\"><\/span><\/div><\/div>\n\t<\/div> \n<\/div><!--End .row--><\/div><!--End .container--><\/div><div class=\"vc_row wpb_row st bg-holder\"><div class='container'><div class='row'>\n\t<div class=\"wpb_column column_container col-md-12\"><div class=\"vc_column-inner wpb_wrapper\">\n\t\t\t\n\t<div class=\"wpb_video_widget wpb_content_element vc_clearfix   vc_video-aspect-ratio-169 vc_video-el-width-100 vc_video-align-left\" >\n\t\t<div class=\"wpb_wrapper\">\n\t\t\t<h2 class=\"wpb_heading wpb_video_heading\">Kajakov\u00e1n\u00ed v Los Haitises <\/h2>\n\t\t\t<div class=\"wpb_video_wrapper\"><iframe title=\"V\u00fdlet na kajaku a do jeskyn\u00ed v n\u00e1rodn\u00edm parku Los Haitises, Dominik\u00e1nsk\u00e1 republika\" width=\"500\" height=\"281\" src=\"https:\/\/www.youtube.com\/embed\/ucU1uwB57wQ?feature=oembed\" frameborder=\"0\" allow=\"accelerometer; autoplay; clipboard-write; encrypted-media; gyroscope; picture-in-picture; web-share\" referrerpolicy=\"strict-origin-when-cross-origin\" allowfullscreen><\/iframe><\/div>\n\t\t<\/div>\n\t<\/div>\n<div class=\"vc_btn3-container vc_btn3-inline vc_do_btn\" ><a class=\"vc_general vc_btn3 vc_btn3-size-md vc_btn3-shape-rounded vc_btn3-style-modern vc_btn3-color-green\" href=\"https:\/\/bookingadventures.tours\/booking.php?tour_id=5e23e6777c99f3e8cc360d181c266535\" title=\"\" target=\"_blank\" rel=\"noopener\">REZERVOVAT<\/a><\/div><\/div>\n\t<\/div> \n<\/div><!--End .row--><\/div><!--End .container--><\/div>\n<\/div>","protected":false},"excerpt":{"rendered":"<div>Vyzvednut\u00ed v hotelech Cano Hondo: Pokud pl\u00e1nujete nav\u0161t\u00edvit Los Haitises romanticky, krom\u011b toho, \u017ee jste sami v p\u0159\u00edrod\u011b a z\u016fst\u00e1v\u00e1te v dob\u011b v\u00fdchodu nebo z\u00e1padu slunce. Toto je pro v\u00e1s nejlep\u0161\u00ed soukrom\u00fd v\u00fdlet.<\/div>\n<div><\/div>\n<div>V\u00fdchod slunce od 5:30 do 8:30 hodin V\u00fdlet.<\/div>\n<div><\/div>\n<div>Z\u00e1pad slunce od 16:00 do 19:00 V\u00fdlet.<\/div>\n<div><\/div>\n<div>Vyberte datum prohl\u00eddky:<\/div>","protected":false},"featured_media":16814,"template":"","meta":[],"product_brand":[],"product_cat":[218,184,219,220,221,158,117],"product_tag":[109,111,222,223,224,225,226,167,173,227,228,182,128,129],"class_list":{"0":"post-16798","1":"product","2":"type-product","3":"status-publish","4":"has-post-thumbnail","6":"product_cat-hiking","7":"product_cat-1-sabana-de-la-mar","8":"product_cat-hiking-los-haitises","9":"product_cat-kayaking","10":"product_cat-kayaking-los-haitises","11":"product_cat-tours-excursions-los-haitises-national-park","12":"product_cat-tours-excursions-samana-bay-dominican-republic","13":"product_tag-cano-hondo","14":"product_tag-cano-hondo-hotel","15":"product_tag-day-tour-cano-hondo","16":"product_tag-kayak-dominican-republic","17":"product_tag-kayaking-dominican-republic","18":"product_tag-kayaking-los-haitises","19":"product_tag-kayaks","20":"product_tag-los-haitises","21":"product_tag-los-haitises-national-park","22":"product_tag-los-haitises-tours","23":"product_tag-private-tours-samana","24":"product_tag-sabana-de-la-mar","25":"product_tag-samana-bay","26":"product_tag-samana-excursions","28":"first","29":"instock","30":"sale","31":"sold-individually","32":"shipping-taxable","33":"product-type-external"},"_links":{"self":[{"href":"https:\/\/sabanadelamartours.com\/cs\/wp-json\/wp\/v2\/product\/16798","targetHints":{"allow":["GET"]}}],"collection":[{"href":"https:\/\/sabanadelamartours.com\/cs\/wp-json\/wp\/v2\/product"}],"about":[{"href":"https:\/\/sabanadelamartours.com\/cs\/wp-json\/wp\/v2\/types\/product"}],"version-history":[{"count":0,"href":"https:\/\/sabanadelamartours.com\/cs\/wp-json\/wp\/v2\/product\/16798\/revisions"}],"wp:featuredmedia":[{"embeddable":true,"href":"https:\/\/sabanadelamartours.com\/cs\/wp-json\/wp\/v2\/media\/16814"}],"wp:attachment":[{"href":"https:\/\/sabanadelamartours.com\/cs\/wp-json\/wp\/v2\/media?parent=16798"}],"wp:term":[{"taxonomy":"product_brand","embeddable":true,"href":"https:\/\/sabanadelamartours.com\/cs\/wp-json\/wp\/v2\/product_brand?post=16798"},{"taxonomy":"product_cat","embeddable":true,"href":"https:\/\/sabanadelamartours.com\/cs\/wp-json\/wp\/v2\/product_cat?post=16798"},{"taxonomy":"product_tag","embeddable":true,"href":"https:\/\/sabanadelamartours.com\/cs\/wp-json\/wp\/v2\/product_tag?post=16798"}],"curies":[{"name":"wp","href":"https:\/\/api.w.org\/{rel}","templated":true}]}}