{"id":16877,"date":"2025-12-18T14:11:24","date_gmt":"2025-12-18T14:11:24","guid":{"rendered":"https:\/\/sabanadelamartours.com\/?post_type=product&#038;p=16877"},"modified":"2026-01-09T04:04:08","modified_gmt":"2026-01-09T04:04:08","slug":"-608","status":"publish","type":"product","link":"https:\/\/sabanadelamartours.com\/cs\/prohlidka\/-608\/","title":{"rendered":"Bah\u00eda de las Aguilas: Celodenn\u00ed v\u00fdlet lod\u00ed na pl\u00e1\u017e"},"content":{"rendered":"<p>Za\u010dn\u011bte sv\u016fj den pohodln\u00fdm vyzvednut\u00edm z ubytov\u00e1n\u00ed v Barahon\u011b. Zde na v\u00e1s bude \u010dekat v\u00e1\u0161 p\u0159\u00e1telsk\u00fd a profesion\u00e1ln\u00ed pr\u016fvodce a po kr\u00e1tk\u00e9m setk\u00e1n\u00ed a p\u0159iv\u00edt\u00e1n\u00ed se vyd\u00e1te na vyhl\u00eddkovou j\u00edzdu po pob\u0159e\u017en\u00ed silnici s n\u00e1dhern\u00fdmi panoramatick\u00fdmi v\u00fdhledy.<\/p>\n<p>Projedete kolem Los Patos, kter\u00e9 je mezi m\u00edstn\u00edmi obyvateli vyhl\u00e1\u0161en\u00e9 jako jedno z nejlep\u0161\u00edch m\u00edst ke koup\u00e1n\u00ed v oblasti. Pokra\u010dujte v cest\u011b do mal\u00e9ho p\u0159\u00edstavu a ryb\u00e1\u0159sk\u00e9 vesnice Cabo Rojo. V p\u0159\u00edstavu na v\u00e1s \u010dek\u00e1 lo\u010f p\u0159ipraven\u00e1 vz\u00edt v\u00e1s na plavbu za pozn\u00e1n\u00edm ostrova.<\/p>\n<p>Vychutnejte si 15minutovou proj\u00ed\u017e\u010fku lod\u00ed po k\u0159i\u0161\u0165\u00e1lov\u011b \u010dist\u00fdch vod\u00e1ch a kochejte se malebn\u00fdmi v\u00fdhledy na ostrov. Po dokon\u010den\u00ed proj\u00ed\u017e\u010fky lod\u00ed doraz\u00edte do z\u00e1toky Bah\u00eda de las Aguilas (Orl\u00ed z\u00e1toka). Orl\u00ed z\u00e1toka je 8 km dlouh\u00fd \u00fasek pl\u00e1\u017ee s \u010dist\u00fdm b\u00edl\u00fdm p\u00edskem, kter\u00fd se nach\u00e1z\u00ed v n\u00e1rodn\u00edm parku. Poznejte v\u00fdjime\u010dnou pob\u0159e\u017en\u00ed krajinu, jakou jste je\u0161t\u011b nevid\u011bli, s k\u0159i\u0161\u0165\u00e1lov\u011b \u010distou vodou, kter\u00e1 m\u00e1 odst\u00edny tyrkysov\u00e9 a op\u00e1lov\u011b modr\u00e9. B\u011bhem pobytu zde budete m\u00edt tak\u00e9 \u010das na koup\u00e1n\u00ed, \u0161norchlov\u00e1n\u00ed nebo prozkoum\u00e1v\u00e1n\u00ed nedot\u010den\u00e9ho ekologick\u00e9ho r\u00e1je. Ob\u011bd v restauraci proslul\u00e9 sv\u00fdmi typick\u00fdmi pokrmy je k dispozici za p\u0159\u00edplatek.<\/p>\n<div class=\"toggle-content__content toggle-content__content--expanded toggle-content__content--packable\" data-v-59485d64=\"\">\n<div data-test-id=\"activity-full-description-text\" data-v-5835c99c=\"\">Na konci dne pln\u00e9ho dobrodru\u017estv\u00ed si budete moci odpo\u010dinout a vr\u00e1tit se do sv\u00e9ho ubytov\u00e1n\u00ed v Barahon\u011b.<\/div>\n<\/div>\n<div class=\"toggle-content__label-placeholder\" data-v-59485d64=\"\"><\/div>","protected":false},"excerpt":{"rendered":"<div data-track=\"overview\" data-v-83a2b402=\"\">\n<section id=\"activity-overview\" class=\"activity-overview\" data-component=\"overview\" data-v-83a2b402=\"\" data-v-f3236c42=\"\">\n<p class=\"activity-overview__content\" data-test-id=\"activity-overview-content\" data-v-f3236c42=\"\">Vydejte se na jednu z nejkr\u00e1sn\u011bj\u0161\u00edch pl\u00e1\u017e\u00ed sv\u011bta - Bah\u00eda de las Aguilas! S profesion\u00e1ln\u00edm pr\u016fvodcem si u\u017eijete den pln\u00fd z\u00e1bavy na slunci, koup\u00e1n\u00ed a rajsk\u00fdch v\u00fdhled\u016f na ostrov.<\/p>\n<\/section>\n<\/div>\n<div data-track=\"key-details\" data-v-83a2b402=\"\"><\/div>","protected":false},"featured_media":15496,"template":"","meta":[],"product_brand":[],"product_cat":[216],"product_tag":[101,102],"class_list":{"0":"post-16877","1":"product","2":"type-product","3":"status-publish","4":"has-post-thumbnail","6":"product_cat-dominican","7":"product_tag-excursion","8":"product_tag-tour","10":"first","11":"instock","12":"shipping-taxable","13":"product-type-external"},"_links":{"self":[{"href":"https:\/\/sabanadelamartours.com\/cs\/wp-json\/wp\/v2\/product\/16877","targetHints":{"allow":["GET"]}}],"collection":[{"href":"https:\/\/sabanadelamartours.com\/cs\/wp-json\/wp\/v2\/product"}],"about":[{"href":"https:\/\/sabanadelamartours.com\/cs\/wp-json\/wp\/v2\/types\/product"}],"version-history":[{"count":1,"href":"https:\/\/sabanadelamartours.com\/cs\/wp-json\/wp\/v2\/product\/16877\/revisions"}],"predecessor-version":[{"id":18682,"href":"https:\/\/sabanadelamartours.com\/cs\/wp-json\/wp\/v2\/product\/16877\/revisions\/18682"}],"wp:featuredmedia":[{"embeddable":true,"href":"https:\/\/sabanadelamartours.com\/cs\/wp-json\/wp\/v2\/media\/15496"}],"wp:attachment":[{"href":"https:\/\/sabanadelamartours.com\/cs\/wp-json\/wp\/v2\/media?parent=16877"}],"wp:term":[{"taxonomy":"product_brand","embeddable":true,"href":"https:\/\/sabanadelamartours.com\/cs\/wp-json\/wp\/v2\/product_brand?post=16877"},{"taxonomy":"product_cat","embeddable":true,"href":"https:\/\/sabanadelamartours.com\/cs\/wp-json\/wp\/v2\/product_cat?post=16877"},{"taxonomy":"product_tag","embeddable":true,"href":"https:\/\/sabanadelamartours.com\/cs\/wp-json\/wp\/v2\/product_tag?post=16877"}],"curies":[{"name":"wp","href":"https:\/\/api.w.org\/{rel}","templated":true}]}}