{"id":16878,"date":"2025-12-18T14:11:24","date_gmt":"2025-12-18T14:11:24","guid":{"rendered":"https:\/\/sabanadelamartours.com\/?post_type=product&#038;p=16878"},"modified":"2026-01-09T13:03:37","modified_gmt":"2026-01-09T13:03:37","slug":"-609","status":"publish","type":"product","link":"https:\/\/sabanadelamartours.com\/cs\/prohlidka\/-609\/","title":{"rendered":"Samana: Soukrom\u00e1 expedice Los Haitises Jeskyn\u011b a mangrovov\u00e9 porosty"},"content":{"rendered":"<p>Tento jedine\u010dn\u00fd v\u00fdlet v\u00e1m nab\u00edz\u00ed mo\u017enost poznat nejv\u011bt\u0161\u00ed p\u0159\u00edrodn\u00ed rezervaci v Dominik\u00e1nsk\u00e9 republice. Sta\u0148te se sv\u011bdky klenotu ekoturistick\u00fdch v\u00fdlet\u016f v Karibiku.<\/p>\n<p>Kolik n\u00e1rodn\u00edch park\u016f m\u00e1 Dominik\u00e1nsk\u00e1 republika? Kde se nach\u00e1z\u00ed n\u00e1rodn\u00ed park Los Haitises? Jak\u00fd je v\u00fdznam slova Haitises? Jak\u00fd druh p\u0159\u00edrody najdete v Los Haitises? Jak\u00e1 je souvislost mezi filmem Jursk\u00fd park a Los Haitises? Pro\u010d byste m\u011bli brzy nav\u0161t\u00edvit Los Haitises?.<\/p>\n<p>V z\u00e1toce San Lorenzo objev\u00edte kr\u00e1snou p\u0159\u00edrodn\u00ed scen\u00e9rii mo\u0159sk\u00fdch a mangrovov\u00fdch les\u016f, kter\u00e1 p\u0159ipom\u00edn\u00e1 sen. Nezapomenuteln\u00fd den pln\u00fd dobrodru\u017estv\u00ed, kter\u00fd v\u00e1s vt\u00e1hne do prav\u00e9 podstaty toho, co v\u00e1m Dominik\u00e1nsk\u00e1 republika nab\u00edz\u00ed.<\/p>\n<div class=\"toggle-content__content toggle-content__content--expanded toggle-content__content--packable\" data-v-59485d64=\"\">\n<div data-test-id=\"activity-full-description-text\" data-v-5835c99c=\"\">P\u0159ipravte se poznat Dominik\u00e1nskou republiku z jin\u00e9 perspektivy. M\u00edstn\u00ed charismatick\u00fd pr\u016fvodce v\u00e1m prozrad\u00ed zaj\u00edmavosti o n\u00e1rodn\u00edm parku Los Haitises.<\/div>\n<\/div>","protected":false},"excerpt":{"rendered":"<div data-track=\"overview\" data-v-83a2b402=\"\">\n<section id=\"activity-overview\" class=\"activity-overview\" data-component=\"overview\" data-v-83a2b402=\"\" data-v-f3236c42=\"\">\n<p class=\"activity-overview__content\" data-test-id=\"activity-overview-content\" data-v-f3236c42=\"\">Vydejte se na v\u00fdlet do nejv\u011bt\u0161\u00ed p\u0159\u00edrodn\u00ed rezervace v Dominik\u00e1nsk\u00e9 republice. Na lodi prozkoumejte unik\u00e1tn\u00ed jeskyn\u011b s bujn\u00fdmi mangrovov\u00fdmi lesy a nav\u0161tivte odlehl\u00e9 m\u011bste\u010dko Sabana de La Mar v oblasti Cano Hondo.<\/p>\n<\/section>\n<\/div>\n<div data-track=\"key-details\" data-v-83a2b402=\"\"><\/div>","protected":false},"featured_media":16907,"template":"","meta":[],"product_brand":[],"product_cat":[97,103],"product_tag":[101,102],"class_list":{"0":"post-16878","1":"product","2":"type-product","3":"status-publish","4":"has-post-thumbnail","6":"product_cat-dominican-republic","7":"product_cat-los-haitises","8":"product_tag-excursion","9":"product_tag-tour","11":"first","12":"instock","13":"shipping-taxable","14":"product-type-external"},"_links":{"self":[{"href":"https:\/\/sabanadelamartours.com\/cs\/wp-json\/wp\/v2\/product\/16878","targetHints":{"allow":["GET"]}}],"collection":[{"href":"https:\/\/sabanadelamartours.com\/cs\/wp-json\/wp\/v2\/product"}],"about":[{"href":"https:\/\/sabanadelamartours.com\/cs\/wp-json\/wp\/v2\/types\/product"}],"version-history":[{"count":1,"href":"https:\/\/sabanadelamartours.com\/cs\/wp-json\/wp\/v2\/product\/16878\/revisions"}],"predecessor-version":[{"id":18752,"href":"https:\/\/sabanadelamartours.com\/cs\/wp-json\/wp\/v2\/product\/16878\/revisions\/18752"}],"wp:featuredmedia":[{"embeddable":true,"href":"https:\/\/sabanadelamartours.com\/cs\/wp-json\/wp\/v2\/media\/16907"}],"wp:attachment":[{"href":"https:\/\/sabanadelamartours.com\/cs\/wp-json\/wp\/v2\/media?parent=16878"}],"wp:term":[{"taxonomy":"product_brand","embeddable":true,"href":"https:\/\/sabanadelamartours.com\/cs\/wp-json\/wp\/v2\/product_brand?post=16878"},{"taxonomy":"product_cat","embeddable":true,"href":"https:\/\/sabanadelamartours.com\/cs\/wp-json\/wp\/v2\/product_cat?post=16878"},{"taxonomy":"product_tag","embeddable":true,"href":"https:\/\/sabanadelamartours.com\/cs\/wp-json\/wp\/v2\/product_tag?post=16878"}],"curies":[{"name":"wp","href":"https:\/\/api.w.org\/{rel}","templated":true}]}}