{"id":16990,"date":"2025-12-18T14:17:25","date_gmt":"2025-12-18T14:17:25","guid":{"rendered":"https:\/\/sabanadelamartours.com\/?post_type=product&#038;p=16990"},"modified":"2026-01-09T13:14:26","modified_gmt":"2026-01-09T13:14:26","slug":"-615","status":"publish","type":"product","link":"https:\/\/sabanadelamartours.com\/cs\/prohlidka\/-615\/","title":{"rendered":"Miches: Los Haitises, Transfer, P\u011b\u0161\u00ed a lodn\u00ed v\u00fdlet."},"content":{"rendered":"<p>Vydejte se na odlehl\u00fd severov\u00fdchod Dominik\u00e1nsk\u00e9 republiky do n\u00e1rodn\u00edho parku Los Haitises . Prohl\u00e9dn\u011bte si \u0159eku Ca\u00f1o Hondo , San Lorenzo a Cayo de los P\u00e1jaros a z vrcholku hory uvid\u00edte Atlantick\u00fd oce\u00e1n. Z\u00edskejte zp\u00e1te\u010dn\u00ed dopravu do hotelu a ob\u011bd, abyste si mohli mezi dobrodru\u017estv\u00edmi odpo\u010dinout.<\/p>\n<p>Prohl\u00eddku za\u010dn\u011bte plavbou lod\u00ed po \u0159ece Ca\u00f1o Hondo, kter\u00e1 prot\u00e9k\u00e1 nejv\u011bt\u0161\u00edm mangrovov\u00fdm porostem v Karibiku. P\u011b\u0161ky projd\u011bte jedine\u010dnou krajinu Los Haitises s v\u00e1pencovou krasovou plo\u0161inou, ku\u017eelovit\u00fdmi kopci, z\u00e1vrty a jeskyn\u011bmi.<\/p>\n<p>Prozkoumejte ostr\u016fvky a mangrovov\u00e9 lesy v z\u00e1toce San Lorenzo a pozorujte n\u00edzko l\u00e9taj\u00edc\u00ed pt\u00e1ky na ostrov\u011b Cayo de los P\u00e1jaros, kter\u00fd se nach\u00e1z\u00ed mezi Boca del Infierno a El Naranjo Arriba. Zastavte se na mnoha mogotech a atolech rozeset\u00fdch po cel\u00e9m pob\u0159e\u017e\u00ed, kter\u00e9 park obklopuje, a cestou ur\u010dete des\u00edtky p\u016fvodn\u00edch pt\u00e1k\u016f.<\/p>\n<p>Poznejte stromy cupey a pt\u00e1ky, kte\u0159\u00ed pln\u00ed jejich vodorovn\u00e9 v\u011btve, a tak\u00e9 divok\u00e9 bany\u00e1ny a tropick\u00e9 mandlon\u011b. Pozorujte m\u00edstn\u00ed kor\u00fd\u0161e, ryby a pt\u00e1ky, kter\u00fdm se da\u0159\u00ed v bezvadn\u00e9 \u0159\u00ed\u010dn\u00ed vod\u011b a bujn\u00e9 vegetaci.<\/p>\n<p>Pokra\u010dujte do skalnat\u011bj\u0161\u00edho ter\u00e9nu, kde nav\u0161t\u00edv\u00edte dv\u011b jeskyn\u011b zdoben\u00e9 petroglyfy a n\u00e1st\u011bnn\u00fdmi rytinami - stopami, kter\u00e9 zde kdysi d\u00e1vno zanechali Tainov\u00e9. D\u00e1vejte pozor na netop\u00fdry a dal\u0161\u00ed no\u010dn\u00ed pt\u00e1ky, kte\u0159\u00ed jsou v t\u011bchto jeskyn\u00edch doma.<\/p>\n<div class=\"toggle-content__content toggle-content__content--expanded toggle-content__content--packable\" data-v-59485d64=\"\">\n<div data-test-id=\"activity-full-description-text\" data-v-5835c99c=\"\">Nakonec se autobusem vra\u0165te do sv\u00e9ho c\u00edle v Michesu.<\/div>\n<\/div>\n<div class=\"toggle-content__label-placeholder\" data-v-59485d64=\"\"><\/div>","protected":false},"excerpt":{"rendered":"<div data-track=\"overview\" data-v-83a2b402=\"\">\n<section id=\"activity-overview\" class=\"activity-overview\" data-component=\"overview\" data-v-83a2b402=\"\" data-v-f3236c42=\"\">\n<p class=\"activity-overview__content\" data-test-id=\"activity-overview-content\" data-v-f3236c42=\"\">Prozkoumejte n\u00e1rodn\u00ed park Los Haitises a m\u00edsta, kter\u00e1 nav\u0161t\u011bvuj\u00ed m\u00edstn\u00ed obyvatel\u00e9, po\u010d\u00ednaje m\u011bstem Miches. Vychutnejte si p\u0159\u00edrodu v mal\u00fdch skupink\u00e1ch p\u0159i n\u00e1v\u0161t\u011bv\u011b tohoto \u00fa\u017easn\u00e9ho parku, nav\u0161tivte jeskyn\u011b, mangrovov\u00e9 porosty a ostrovy v okol\u00ed.<\/p>\n<\/section>\n<\/div>\n<div data-track=\"key-details\" data-v-83a2b402=\"\"><\/div>","protected":false},"featured_media":17035,"template":"","meta":[],"product_brand":[],"product_cat":[97,103],"product_tag":[101,102],"class_list":{"0":"post-16990","1":"product","2":"type-product","3":"status-publish","4":"has-post-thumbnail","6":"product_cat-dominican-republic","7":"product_cat-los-haitises","8":"product_tag-excursion","9":"product_tag-tour","11":"first","12":"instock","13":"sale","14":"shipping-taxable","15":"product-type-external"},"_links":{"self":[{"href":"https:\/\/sabanadelamartours.com\/cs\/wp-json\/wp\/v2\/product\/16990","targetHints":{"allow":["GET"]}}],"collection":[{"href":"https:\/\/sabanadelamartours.com\/cs\/wp-json\/wp\/v2\/product"}],"about":[{"href":"https:\/\/sabanadelamartours.com\/cs\/wp-json\/wp\/v2\/types\/product"}],"version-history":[{"count":1,"href":"https:\/\/sabanadelamartours.com\/cs\/wp-json\/wp\/v2\/product\/16990\/revisions"}],"predecessor-version":[{"id":18760,"href":"https:\/\/sabanadelamartours.com\/cs\/wp-json\/wp\/v2\/product\/16990\/revisions\/18760"}],"wp:featuredmedia":[{"embeddable":true,"href":"https:\/\/sabanadelamartours.com\/cs\/wp-json\/wp\/v2\/media\/17035"}],"wp:attachment":[{"href":"https:\/\/sabanadelamartours.com\/cs\/wp-json\/wp\/v2\/media?parent=16990"}],"wp:term":[{"taxonomy":"product_brand","embeddable":true,"href":"https:\/\/sabanadelamartours.com\/cs\/wp-json\/wp\/v2\/product_brand?post=16990"},{"taxonomy":"product_cat","embeddable":true,"href":"https:\/\/sabanadelamartours.com\/cs\/wp-json\/wp\/v2\/product_cat?post=16990"},{"taxonomy":"product_tag","embeddable":true,"href":"https:\/\/sabanadelamartours.com\/cs\/wp-json\/wp\/v2\/product_tag?post=16990"}],"curies":[{"name":"wp","href":"https:\/\/api.w.org\/{rel}","templated":true}]}}