{"id":17087,"date":"2025-12-18T14:21:54","date_gmt":"2025-12-18T14:21:54","guid":{"rendered":"https:\/\/sabanadelamartours.com\/?post_type=product&#038;p=17087"},"modified":"2026-01-05T03:53:00","modified_gmt":"2026-01-05T03:53:00","slug":"exkurze-k-vodopadum-amber-cove-taino-bay-doprava-2","status":"publish","type":"product","link":"https:\/\/sabanadelamartours.com\/cs\/prohlidka\/exkurze-k-vodopadum-amber-cove-taino-bay-doprava-2\/","title":{"rendered":"Exkurze k vodop\u00e1d\u016fm Amber Cove Taino Bay &amp; doprava"},"content":{"rendered":"<p><strong>Exkurze k vodop\u00e1d\u016fm Amber Cove Taino Bay a doprava<\/strong><\/p>\n<p>Vydejte se s n\u00e1mi na nezapomenuteln\u00fd v\u00fdlet pln\u00fd dobrodru\u017estv\u00ed, p\u0159\u00edrody a kr\u00e1sy. N\u00e1\u0161 v\u00fdlet zahrnuje t\u0159\u00edap\u016flhodinovou cestu plnou p\u011b\u0161\u00ed turistiky, koup\u00e1n\u00ed, sk\u00e1k\u00e1n\u00ed a sj\u00ed\u017ed\u011bn\u00ed k \u00fa\u017easn\u00fdm vodop\u00e1d\u016fm. Po skon\u010den\u00ed exkurze v\u00e1m poskytneme vodu na osv\u011b\u017een\u00ed a vy si tak budete moci vychutnat kr\u00e1sn\u00e9 chv\u00edle, kter\u00e9 u vodop\u00e1d\u016f za\u017eijete.<\/p>\n<p>Tento v\u00fdlet v\u00e1s zavede k vodop\u00e1du \u010d\u00edslo 7, kter\u00fd za\u010d\u00edn\u00e1 st\u0159edn\u011b n\u00e1ro\u010dnou t\u00farou. Jak budete postupovat, za\u010dne to prav\u00e9 vzru\u0161en\u00ed s mo\u017enost\u00ed sk\u00e1kat, klouzat se dol\u016f, houpat se pod n\u00edm a sk\u00e1kat do osv\u011b\u017euj\u00edc\u00ed vody. P\u0159i n\u00e1vratu v\u00e1s bude doprov\u00e1zet znal\u00fd pr\u016fvodce, kter\u00fd zajist\u00ed va\u0161i bezpe\u010dnost p\u0159i orientaci na bezpe\u010dn\u00fdch m\u00edstech pro sk\u00e1k\u00e1n\u00ed.<\/p>\n<p>Tyto okouzluj\u00edc\u00ed vodop\u00e1dy jsou op\u0159edeny starobyl\u00fdmi legendami indi\u00e1n\u016f kmene Taino, kter\u00e9 dod\u00e1vaj\u00ed z\u00e1\u017eitk\u016fm kulturn\u00ed bohatstv\u00ed. Je d\u016fle\u017eit\u00e9 si uv\u011bdomit, \u017ee tato pam\u00e1tka je sou\u010d\u00e1st\u00ed syst\u00e9mu chr\u00e1n\u011bn\u00fdch \u00fazem\u00ed Dominik\u00e1nsk\u00e9 republiky. P\u0159i rezervaci v\u00e1m poskytneme pot\u0159ebn\u00e9 informace, v\u010detn\u011b ur\u010den\u00e9ho \u010dasu pro va\u0161e dobrodru\u017estv\u00ed.<\/p>","protected":false},"excerpt":{"rendered":"<div data-track=\"overview\" data-v-56a1a938=\"\">\n<section id=\"activity-overview\" class=\"activity-overview\" data-component=\"overview\" data-v-56a1a938=\"\" data-v-f3236c42=\"\">\n<p class=\"activity-overview__content\" data-test-id=\"activity-overview-content\" data-v-f3236c42=\"\">M\u016f\u017eete sk\u00e1kat , klouzat se , plavat. P\u0159ive\u010fte svou rodinu nebo skupinu<\/p>\n<\/section>\n<\/div>\n<div data-track=\"key-details\" data-v-56a1a938=\"\"><\/div>","protected":false},"featured_media":17126,"template":"","meta":[],"product_brand":[],"product_cat":[97],"product_tag":[101,102],"class_list":{"0":"post-17087","1":"product","2":"type-product","3":"status-publish","4":"has-post-thumbnail","6":"product_cat-dominican-republic","7":"product_tag-excursion","8":"product_tag-tour","10":"first","11":"instock","12":"sale","13":"shipping-taxable","14":"product-type-external"},"_links":{"self":[{"href":"https:\/\/sabanadelamartours.com\/cs\/wp-json\/wp\/v2\/product\/17087","targetHints":{"allow":["GET"]}}],"collection":[{"href":"https:\/\/sabanadelamartours.com\/cs\/wp-json\/wp\/v2\/product"}],"about":[{"href":"https:\/\/sabanadelamartours.com\/cs\/wp-json\/wp\/v2\/types\/product"}],"version-history":[{"count":2,"href":"https:\/\/sabanadelamartours.com\/cs\/wp-json\/wp\/v2\/product\/17087\/revisions"}],"predecessor-version":[{"id":18411,"href":"https:\/\/sabanadelamartours.com\/cs\/wp-json\/wp\/v2\/product\/17087\/revisions\/18411"}],"wp:featuredmedia":[{"embeddable":true,"href":"https:\/\/sabanadelamartours.com\/cs\/wp-json\/wp\/v2\/media\/17126"}],"wp:attachment":[{"href":"https:\/\/sabanadelamartours.com\/cs\/wp-json\/wp\/v2\/media?parent=17087"}],"wp:term":[{"taxonomy":"product_brand","embeddable":true,"href":"https:\/\/sabanadelamartours.com\/cs\/wp-json\/wp\/v2\/product_brand?post=17087"},{"taxonomy":"product_cat","embeddable":true,"href":"https:\/\/sabanadelamartours.com\/cs\/wp-json\/wp\/v2\/product_cat?post=17087"},{"taxonomy":"product_tag","embeddable":true,"href":"https:\/\/sabanadelamartours.com\/cs\/wp-json\/wp\/v2\/product_tag?post=17087"}],"curies":[{"name":"wp","href":"https:\/\/api.w.org\/{rel}","templated":true}]}}