{"id":17095,"date":"2025-12-18T14:22:32","date_gmt":"2025-12-18T14:22:32","guid":{"rendered":"https:\/\/sabanadelamartours.com\/?post_type=product&#038;p=17095"},"modified":"2026-01-09T14:15:08","modified_gmt":"2026-01-09T14:15:08","slug":"-624","status":"publish","type":"product","link":"https:\/\/sabanadelamartours.com\/cs\/prohlidka\/-624\/","title":{"rendered":"VIP DayPass | \u010cty\u0159kolky, Zip Lines, J\u00edzda na koni| Hotel &amp; Cruise"},"content":{"rendered":"<p>Hled\u00e1te den pln\u00fd z\u00e1bavy na dominik\u00e1nsk\u00e9m venkov\u011b? Pak u\u017e nehledejte nic jin\u00e9ho! Prozkoumejte a poznejte na\u0161i \u00fachvatnou p\u0159\u00edrodu z pta\u010d\u00ed perspektivy na 8 ziplinech s certifikac\u00ed ACCT. Proje\u010fte se v ter\u00e9nu na vlastn\u00ed ter\u00e9nn\u00ed \u010dty\u0159kolce korytem \u0159eky a pod\u00e9l m\u00edstn\u00edch vesnic a p\u0159itom se seznamte s ka\u017edodenn\u00edm \u017eivotem obyvatel. Dechberouc\u00ed v\u00fdhledy na v\u00e1s \u010dekaj\u00ed b\u011bhem pohodov\u00e9 proj\u00ed\u017e\u010fky na koni. Poznejte na\u0161e zv\u00ed\u0159ata a tropick\u00e9 rostliny p\u0159i proch\u00e1zce na\u0161\u00ed zahradou a den zakon\u010dete pono\u0159en\u00edm se do na\u0161eho baz\u00e9nu b\u011bhem j\u00edzdy na ziplinu. Na z\u00e1v\u011br dne v\u00e1s \u010dek\u00e1 zaslou\u017een\u00fd ob\u011bd sest\u00e1vaj\u00edc\u00ed z r\u00fd\u017ee, fazol\u00ed, ku\u0159ec\u00edho masa, plantain\u016f a dal\u0161\u00edch pokrm\u016f!<\/p>\n<div class=\"toggle-content__content toggle-content__content--expanded toggle-content__content--packable\" data-v-59485d64=\"\">\n<div data-test-id=\"activity-full-description-text\" data-v-5835c99c=\"\">Tato prohl\u00eddka je k dispozici pro hotelov\u00e9 hosty a hosty v\u00fdletn\u00edch plaveb!<\/div>\n<\/div>\n<div class=\"toggle-content__label-placeholder\" data-v-59485d64=\"\"><\/div>","protected":false},"excerpt":{"rendered":"<div data-track=\"overview\" data-v-83a2b402=\"\">\n<section id=\"activity-overview\" class=\"activity-overview\" data-component=\"overview\" data-v-83a2b402=\"\" data-v-f3236c42=\"\">\n<p class=\"activity-overview__content\" data-test-id=\"activity-overview-content\" data-v-f3236c42=\"\">Vydejte se na cel\u00fd den do dobrodru\u017en\u00e9ho parku a u\u017eijte si celou \u0159adu aktivit v\u010detn\u011b zip line, j\u00edzdy na \u010dty\u0159kolk\u00e1ch, j\u00edzdy na koni a prohl\u00eddky zahrady. Pot\u00e9, co si sprav\u00edte chu\u0165, si vychutnejte vynikaj\u00edc\u00ed tradi\u010dn\u00ed dominik\u00e1nsk\u00fd ob\u011bd.<\/p>\n<\/section>\n<\/div>\n<div data-track=\"key-details\" data-v-83a2b402=\"\"><\/div>","protected":false},"featured_media":17132,"template":"","meta":[],"product_brand":[],"product_cat":[97],"product_tag":[101,102],"class_list":{"0":"post-17095","1":"product","2":"type-product","3":"status-publish","4":"has-post-thumbnail","6":"product_cat-dominican-republic","7":"product_tag-excursion","8":"product_tag-tour","10":"first","11":"instock","12":"shipping-taxable","13":"product-type-external"},"_links":{"self":[{"href":"https:\/\/sabanadelamartours.com\/cs\/wp-json\/wp\/v2\/product\/17095","targetHints":{"allow":["GET"]}}],"collection":[{"href":"https:\/\/sabanadelamartours.com\/cs\/wp-json\/wp\/v2\/product"}],"about":[{"href":"https:\/\/sabanadelamartours.com\/cs\/wp-json\/wp\/v2\/types\/product"}],"version-history":[{"count":1,"href":"https:\/\/sabanadelamartours.com\/cs\/wp-json\/wp\/v2\/product\/17095\/revisions"}],"predecessor-version":[{"id":18765,"href":"https:\/\/sabanadelamartours.com\/cs\/wp-json\/wp\/v2\/product\/17095\/revisions\/18765"}],"wp:featuredmedia":[{"embeddable":true,"href":"https:\/\/sabanadelamartours.com\/cs\/wp-json\/wp\/v2\/media\/17132"}],"wp:attachment":[{"href":"https:\/\/sabanadelamartours.com\/cs\/wp-json\/wp\/v2\/media?parent=17095"}],"wp:term":[{"taxonomy":"product_brand","embeddable":true,"href":"https:\/\/sabanadelamartours.com\/cs\/wp-json\/wp\/v2\/product_brand?post=17095"},{"taxonomy":"product_cat","embeddable":true,"href":"https:\/\/sabanadelamartours.com\/cs\/wp-json\/wp\/v2\/product_cat?post=17095"},{"taxonomy":"product_tag","embeddable":true,"href":"https:\/\/sabanadelamartours.com\/cs\/wp-json\/wp\/v2\/product_tag?post=17095"}],"curies":[{"name":"wp","href":"https:\/\/api.w.org\/{rel}","templated":true}]}}