{"id":17120,"date":"2025-12-18T14:23:51","date_gmt":"2025-12-18T14:23:51","guid":{"rendered":"https:\/\/sabanadelamartours.com\/?post_type=product&#038;p=17120"},"modified":"2026-01-09T14:17:02","modified_gmt":"2026-01-09T14:17:02","slug":"-626","status":"publish","type":"product","link":"https:\/\/sabanadelamartours.com\/cs\/prohlidka\/-626\/","title":{"rendered":"Pl\u00e1\u017e Los Haitises a Esmeralda + Montana Redonda"},"content":{"rendered":"<p>Take a small group trip to Los Haitises national park staring from Punta Cana. Boat ride at the mangroves in Cano Hondo river. By foot, traverse the unique landscape of Los Haitises with its limestone karst plateau, conical hills, sinkholes, and caverns.<\/p>\n<p>Prozkoumejte ostr\u016fvky a mangrovov\u00e9 lesy v z\u00e1toce San Lorenzo a pozorujte n\u00edzko l\u00e9taj\u00edc\u00ed pt\u00e1ky na ostrov\u011b Cayo de los P\u00e1jaros, kter\u00fd se nach\u00e1z\u00ed mezi Boca del Infierno a El Naranjo Arriba. Zastavte se na mnoha mogotech a atolech rozeset\u00fdch po cel\u00e9m pob\u0159e\u017e\u00ed, kter\u00e9 park obklopuje, a cestou ur\u010dete des\u00edtky p\u016fvodn\u00edch pt\u00e1k\u016f.<\/p>\n<p>Poznejte stromy cupey a pt\u00e1ky, kte\u0159\u00ed pln\u00ed jejich vodorovn\u00e9 v\u011btve, a tak\u00e9 divok\u00e9 bany\u00e1ny a tropick\u00e9 mandlon\u011b. Pozorujte m\u00edstn\u00ed kor\u00fd\u0161e, ryby a pt\u00e1ky, kter\u00fdm se da\u0159\u00ed v bezvadn\u00e9 \u0159\u00ed\u010dn\u00ed vod\u011b a bujn\u00e9 vegetaci.<\/p>\n<p>Pokra\u010dujte do skalnat\u011bj\u0161\u00edho ter\u00e9nu, kde nav\u0161t\u00edv\u00edte dv\u011b jeskyn\u011b zdoben\u00e9 petroglyfy a n\u00e1st\u011bnn\u00fdmi rytinami - stopami, kter\u00e9 zde kdysi d\u00e1vno zanechali Tainov\u00e9. D\u00e1vejte pozor na netop\u00fdry a dal\u0161\u00ed no\u010dn\u00ed pt\u00e1ky, kte\u0159\u00ed jsou v t\u011bchto jeskyn\u00edch doma.<\/p>\n<p>After this visiting local Cuisine restaurant for lunch and travel to Esmeralda beach for Free time. Esmeralda bay is one of the last Birgin Beaches in the Dominican Republic. Take time to explore!<\/p>\n<div class=\"toggle-content__content toggle-content__content--expanded toggle-content__content--packable\" data-v-59485d64=\"\">\n<div data-test-id=\"activity-full-description-text\" data-v-5835c99c=\"\">Using Safari to the mountain hills up to Montana Redonda for feel amazed with the views to the ocean and mountains around the nature. Find the best views in a special location between Laguna Lim\u00f3n and Laguna Redonda and see as far as the Bay of Samana, the Cordillera Oriental, and the Atlantic Ocean.<\/div>\n<\/div>\n<div class=\"toggle-content__label-placeholder\" data-v-59485d64=\"\"><\/div>","protected":false},"excerpt":{"rendered":"<div data-track=\"overview\" data-v-83a2b402=\"\">\n<section id=\"activity-overview\" class=\"activity-overview\" data-component=\"overview\" data-v-83a2b402=\"\" data-v-f3236c42=\"\">\n<p class=\"activity-overview__content\" data-test-id=\"activity-overview-content\" data-v-f3236c42=\"\">N\u00e1v\u0161t\u011bva parku Los Haitises , mangrovov\u00fdch porost\u016f a ostrov\u016f v\u00fdletem lod\u00ed a p\u011b\u0161\u00ed t\u00farou do jeskyn\u00ed. Po ob\u011bd\u011b s m\u00edstn\u00edmi obyvateli n\u00e1v\u0161t\u011bva jedn\u00e9 z nejpanen\u0161t\u011bj\u0161\u00edch pl\u00e1\u017e\u00ed v okol\u00ed v\u00fdchodn\u00edho pob\u0159e\u017e\u00ed a safari do Montana redonda.<\/p>\n<\/section>\n<\/div>\n<div data-track=\"key-details\" data-v-83a2b402=\"\"><\/div>","protected":false},"featured_media":17149,"template":"","meta":[],"product_brand":[],"product_cat":[97,103],"product_tag":[101,102],"class_list":{"0":"post-17120","1":"product","2":"type-product","3":"status-publish","4":"has-post-thumbnail","6":"product_cat-dominican-republic","7":"product_cat-los-haitises","8":"product_tag-excursion","9":"product_tag-tour","11":"first","12":"instock","13":"sale","14":"shipping-taxable","15":"product-type-external"},"_links":{"self":[{"href":"https:\/\/sabanadelamartours.com\/cs\/wp-json\/wp\/v2\/product\/17120","targetHints":{"allow":["GET"]}}],"collection":[{"href":"https:\/\/sabanadelamartours.com\/cs\/wp-json\/wp\/v2\/product"}],"about":[{"href":"https:\/\/sabanadelamartours.com\/cs\/wp-json\/wp\/v2\/types\/product"}],"version-history":[{"count":1,"href":"https:\/\/sabanadelamartours.com\/cs\/wp-json\/wp\/v2\/product\/17120\/revisions"}],"predecessor-version":[{"id":18767,"href":"https:\/\/sabanadelamartours.com\/cs\/wp-json\/wp\/v2\/product\/17120\/revisions\/18767"}],"wp:featuredmedia":[{"embeddable":true,"href":"https:\/\/sabanadelamartours.com\/cs\/wp-json\/wp\/v2\/media\/17149"}],"wp:attachment":[{"href":"https:\/\/sabanadelamartours.com\/cs\/wp-json\/wp\/v2\/media?parent=17120"}],"wp:term":[{"taxonomy":"product_brand","embeddable":true,"href":"https:\/\/sabanadelamartours.com\/cs\/wp-json\/wp\/v2\/product_brand?post=17120"},{"taxonomy":"product_cat","embeddable":true,"href":"https:\/\/sabanadelamartours.com\/cs\/wp-json\/wp\/v2\/product_cat?post=17120"},{"taxonomy":"product_tag","embeddable":true,"href":"https:\/\/sabanadelamartours.com\/cs\/wp-json\/wp\/v2\/product_tag?post=17120"}],"curies":[{"name":"wp","href":"https:\/\/api.w.org\/{rel}","templated":true}]}}