{"id":17184,"date":"2025-12-18T14:26:17","date_gmt":"2025-12-18T14:26:17","guid":{"rendered":"https:\/\/sabanadelamartours.com\/?post_type=product&#038;p=17184"},"modified":"2026-01-09T14:26:38","modified_gmt":"2026-01-09T14:26:38","slug":"z-punta-cana-santo-domingo-celodenni-vylet-s-narodnim-parkem","status":"publish","type":"product","link":"https:\/\/sabanadelamartours.com\/cs\/prohlidka\/z-punta-cana-santo-domingo-celodenni-vylet-s-narodnim-parkem\/","title":{"rendered":"Z Punta Cany: Canta Punta: Celodenn\u00ed v\u00fdlet do Santo Dominga s n\u00e1rodn\u00edm parkem"},"content":{"rendered":"<p>Prozkoumejte nejv\u00fdznamn\u011bj\u0161\u00ed pam\u00e1tky Santo Dominga, nejstar\u0161\u00edho m\u011bsta Ameriky, kter\u00e9 je skv\u011blou volbou pro ty, kdo sem zav\u00edtaj\u00ed poprv\u00e9, i pro milovn\u00edky historie. Nav\u0161tivte jeskyn\u011b N\u00e1rodn\u00edho parku T\u0159i o\u010di, Kolumb\u016fv maj\u00e1k, koloni\u00e1ln\u00ed opevn\u011bnou z\u00f3nu a N\u00e1rodn\u00ed prezidentsk\u00fd pal\u00e1c a snadno cestujte mezi jednotliv\u00fdmi atrakcemi.<\/p>\n<p>Pono\u0159te se do kulturn\u00edho a historick\u00e9ho d\u011bdictv\u00ed Santo Dominga b\u011bhem t\u00e9to celodenn\u00ed prohl\u00eddky hlavn\u00edho m\u011bsta. S pr\u016fvodcem se projdete kolem v\u00fdznamn\u00fdch pam\u00e1tek v koloni\u00e1ln\u00ed z\u00f3n\u011b, kter\u00e1 je zaps\u00e1na na seznamu sv\u011btov\u00e9ho d\u011bdictv\u00ed UNESCO. Zp\u00e1te\u010dn\u00ed cesta z Punta Cany je snadn\u00e1 d\u00edky vyzvednut\u00ed a odvozu v hotelu.<\/p>","protected":false},"excerpt":{"rendered":"<div data-track=\"overview\" data-v-83a2b402=\"\">\n<section id=\"activity-overview\" class=\"activity-overview\" data-component=\"overview\" data-v-83a2b402=\"\" data-v-f3236c42=\"\">\n<p class=\"activity-overview__content\" data-test-id=\"activity-overview-content\" data-v-f3236c42=\"\">U\u017eijte si celodenn\u00ed v\u00fdlet s rodinou nebo p\u0159\u00e1teli do Santo Dominga, ob\u011bd a zp\u00e1te\u010dn\u00ed doprava z Punta Cany v cen\u011b. Nav\u0161tivte nejzaj\u00edmav\u011bj\u0161\u00ed m\u00edsta, jako je n\u00e1rodn\u00ed park T\u0159i o\u010di a koloni\u00e1ln\u00ed z\u00f3na.<\/p>\n<\/section>\n<\/div>\n<div data-track=\"key-details\" data-v-83a2b402=\"\"><\/div>","protected":false},"featured_media":17240,"template":"","meta":[],"product_brand":[],"product_cat":[97],"product_tag":[101,102],"class_list":{"0":"post-17184","1":"product","2":"type-product","3":"status-publish","4":"has-post-thumbnail","6":"product_cat-dominican-republic","7":"product_tag-excursion","8":"product_tag-tour","10":"first","11":"instock","12":"shipping-taxable","13":"product-type-external"},"_links":{"self":[{"href":"https:\/\/sabanadelamartours.com\/cs\/wp-json\/wp\/v2\/product\/17184","targetHints":{"allow":["GET"]}}],"collection":[{"href":"https:\/\/sabanadelamartours.com\/cs\/wp-json\/wp\/v2\/product"}],"about":[{"href":"https:\/\/sabanadelamartours.com\/cs\/wp-json\/wp\/v2\/types\/product"}],"version-history":[{"count":1,"href":"https:\/\/sabanadelamartours.com\/cs\/wp-json\/wp\/v2\/product\/17184\/revisions"}],"predecessor-version":[{"id":18772,"href":"https:\/\/sabanadelamartours.com\/cs\/wp-json\/wp\/v2\/product\/17184\/revisions\/18772"}],"wp:featuredmedia":[{"embeddable":true,"href":"https:\/\/sabanadelamartours.com\/cs\/wp-json\/wp\/v2\/media\/17240"}],"wp:attachment":[{"href":"https:\/\/sabanadelamartours.com\/cs\/wp-json\/wp\/v2\/media?parent=17184"}],"wp:term":[{"taxonomy":"product_brand","embeddable":true,"href":"https:\/\/sabanadelamartours.com\/cs\/wp-json\/wp\/v2\/product_brand?post=17184"},{"taxonomy":"product_cat","embeddable":true,"href":"https:\/\/sabanadelamartours.com\/cs\/wp-json\/wp\/v2\/product_cat?post=17184"},{"taxonomy":"product_tag","embeddable":true,"href":"https:\/\/sabanadelamartours.com\/cs\/wp-json\/wp\/v2\/product_tag?post=17184"}],"curies":[{"name":"wp","href":"https:\/\/api.w.org\/{rel}","templated":true}]}}